{"id":121,"date":"2013-04-03T18:08:18","date_gmt":"2013-04-03T16:08:18","guid":{"rendered":"https:\/\/krets.jagareforbundet.se\/arjang\/?page_id=121"},"modified":"2023-03-22T18:24:02","modified_gmt":"2023-03-22T17:24:02","slug":"styrelsen","status":"publish","type":"page","link":"https:\/\/krets.jagareforbundet.se\/arjang\/styrelsen\/","title":{"rendered":"Kontakta oss"},"content":{"rendered":"<p>&nbsp;<\/p>\n<p><strong>Ordf\u00f6rande: <\/strong>H\u00e5kan Haglund &#8211; <em>Tel: 070-314 32 85<\/em><\/p>\n<p><strong>V ordf\u00f6rande: <\/strong>Thomas Persson &#8211; <em>Tel: 070-653 45 37 <\/em><\/p>\n<p><strong>Kass\u00f6r: <\/strong>Andr\u00e9a Grindn\u00e4s &#8211; <em>Tel: 070-340 90 64<\/em><\/p>\n<p>&nbsp;<\/p>\n<p><strong>Mail: <\/strong>arjangskretsen@hotmail.com<\/p>\n<p>&nbsp;<\/p>\n<p><strong>Samord. efters\u00f6k trafik:<\/strong><\/p>\n<p>Lennart Carlsson &#8211;<em> Tel: 070-226 97 60\u00a0<\/em><\/p>\n<p><strong>Utbildningsansvarig: <\/strong><\/p>\n<p>H\u00e5kan Haglund &#8211; <em>Tel: 070-314 32 85\u00a0<\/em><\/p>\n<p>Inger Granath &#8211; <em>Tel: 070-680 79 29\u00a0\u00a0<\/em><\/p>\n<p><strong>Ungdomsansvarig:\u00a0<\/strong><\/p>\n<p>Andreas Svensson &#8211; <em>Tel: 070-334 70 23\u00a0<\/em><\/p>\n<p>Julia Granath &#8211; <em>Tel: 076-108 65 02\u00a0<\/em><\/p>\n<p><strong>JAQT-ansvarig:\u00a0<\/strong><\/p>\n<p>Inger Granath &#8211; <em>Tel: 070-680 79 29\u00a0<\/em><\/p>\n<p>Andr\u00e9a Grindn\u00e4s &#8211; <em>Tel: 070-340 90 64\u00a0<\/em><\/p>\n<p><strong>Hundansvarig:\u00a0<\/strong><\/p>\n<p>Hans-Arne \u00c5kervik &#8211; <em>Tel: 070-348 65 44\u00a0<\/em><\/p>\n<p>Birgitta L\u00f6fgren &#8211;<em> Tel: 070-516 18 64\u00a0<\/em><\/p>\n<p>H\u00e5kan Haglund &#8211; <em>Tel: 070-314 32 85\u00a0<\/em><\/p>\n<p><strong>Skytteansvarig &amp; Kl\u00f6vviltsansvarig: <\/strong><\/p>\n<p>Thomas Persson &#8211; <em>Tel: 070-653 45 37\u00a0<\/em><\/p>\n<p><strong>Vilt\u00f6vervakning &amp; Rovviltsansvarig:<\/strong><\/p>\n<p>Per Fyhr &#8211; <em>Tel: 070-686 82 81\u00a0<\/em><\/p>\n<p><strong>Viltprovtagare &amp; Medlemsansvarig:<\/strong><\/p>\n<p>H\u00e5kan Haglund &#8211; <em>Tel: 070-314 32 85\u00a0<\/em><\/p>\n<p><strong>Valberedning sammankallande:<\/strong><\/p>\n<p>Andreas Gustafsson &#8211; <em>Tel: 070-655 46 01\u00a0<\/em><\/p>\n<p><strong>Webb- och medieansvarig:<\/strong><\/p>\n<p>Hannes \u00c5kervik &#8211;<em> Tel: 070-594 84 79\u00a0<\/em><\/p>\n<p>Inger Granath &#8211; <em>Tel: 070-680 79 29\u00a0\u00a0<\/em><\/p>\n","protected":false},"excerpt":{"rendered":"<p>&nbsp; Ordf\u00f6rande: H\u00e5kan Haglund &#8211; Tel: 070-314 32 85 V ordf\u00f6rande: Thomas Persson &#8211; Tel: 070-653 45 37 Kass\u00f6r: Andr\u00e9a Grindn\u00e4s &#8211; Tel: 070-340 90 64 &nbsp; Mail: arjangskretsen@hotmail.com &nbsp; Samord. efters\u00f6k trafik: Lennart Carlsson &#8211; Tel: 070-226 97 60\u00a0 Utbildningsansvarig: H\u00e5kan Haglund &#8211; Tel: 070-314 32 85\u00a0 Inger Granath &#8211; Tel: 070-680 79 29\u00a0\u00a0 [&hellip;]<\/p>\n","protected":false},"author":88,"featured_media":0,"parent":0,"menu_order":0,"comment_status":"open","ping_status":"open","template":"","meta":{"footnotes":""},"class_list":["post-121","page","type-page","status-publish","hentry"],"_links":{"self":[{"href":"https:\/\/krets.jagareforbundet.se\/arjang\/wp-json\/wp\/v2\/pages\/121","targetHints":{"allow":["GET"]}}],"collection":[{"href":"https:\/\/krets.jagareforbundet.se\/arjang\/wp-json\/wp\/v2\/pages"}],"about":[{"href":"https:\/\/krets.jagareforbundet.se\/arjang\/wp-json\/wp\/v2\/types\/page"}],"author":[{"embeddable":true,"href":"https:\/\/krets.jagareforbundet.se\/arjang\/wp-json\/wp\/v2\/users\/88"}],"replies":[{"embeddable":true,"href":"https:\/\/krets.jagareforbundet.se\/arjang\/wp-json\/wp\/v2\/comments?post=121"}],"version-history":[{"count":3,"href":"https:\/\/krets.jagareforbundet.se\/arjang\/wp-json\/wp\/v2\/pages\/121\/revisions"}],"predecessor-version":[{"id":381,"href":"https:\/\/krets.jagareforbundet.se\/arjang\/wp-json\/wp\/v2\/pages\/121\/revisions\/381"}],"wp:attachment":[{"href":"https:\/\/krets.jagareforbundet.se\/arjang\/wp-json\/wp\/v2\/media?parent=121"}],"curies":[{"name":"wp","href":"https:\/\/api.w.org\/{rel}","templated":true}]}}