{"id":2,"date":"2025-01-30T08:40:43","date_gmt":"2025-01-30T07:40:43","guid":{"rendered":"https:\/\/krets.jagareforbundet.se\/template\/?page_id=2"},"modified":"2025-01-30T11:30:32","modified_gmt":"2025-01-30T10:30:32","slug":"exempelsida","status":"publish","type":"page","link":"https:\/\/krets.jagareforbundet.se\/arjeplog\/","title":{"rendered":"\u00c5rsm\u00f6te 2025-02-20 med R\u00e4vlock"},"content":{"rendered":"<p><strong>Medlem i Arjeplog &#8211; V\u00e4lkommen till \u00e5rsm\u00f6tet<\/strong><\/p>\n<p><strong>Dag:\u00a0 \u00a0 \u00a0 \u00a0 \u00a0 \u00a020 februari 2025<\/strong><\/p>\n<p><strong>Tid: \u00a0\u00a0\u00a0\u00a0\u00a0\u00a0\u00a0\u00a0\u00a0\u00a0 18.00<\/strong><\/p>\n<p><strong>Plats: \u00a0\u00a0\u00a0\u00a0\u00a0\u00a0\u00a0 Medborgarhuset<\/strong><\/p>\n<p>Sedvanliga \u00e5rsm\u00f6tesf\u00f6rhandlingar OCH<\/p>\n<p>R\u00e4vlock med Johan H\u00e4gglund<\/p>\n<p>Johan guidar in Dig till r\u00e4vlock, hur du g\u00f6r, vad du beh\u00f6ver och framf\u00f6r allt, hur du lyckas.<\/p>\n<p>Vi bjuder p\u00e5 fika!<\/p>\n<p>&nbsp;<\/p>\n<p>J\u00e4garef\u00f6rbundet Arjeplog JVK<\/p>\n<p>Elisabeth Lestander<\/p>\n<p>ordf\u00f6rande<\/p>\n<p>070-3633688<\/p>\n<p>&nbsp;<\/p>\n<p>Dan Marklund<\/p>\n<p>vice ordf\u00f6rande<\/p>\n<p>070-5884290<\/p>\n","protected":false},"excerpt":{"rendered":"<p>Medlem i Arjeplog &#8211; V\u00e4lkommen till \u00e5rsm\u00f6tet Dag:\u00a0 \u00a0 \u00a0 \u00a0 \u00a0 \u00a020 februari 2025 Tid: \u00a0\u00a0\u00a0\u00a0\u00a0\u00a0\u00a0\u00a0\u00a0\u00a0 18.00 Plats: \u00a0\u00a0\u00a0\u00a0\u00a0\u00a0\u00a0 Medborgarhuset Sedvanliga \u00e5rsm\u00f6tesf\u00f6rhandlingar OCH R\u00e4vlock med Johan H\u00e4gglund Johan guidar in Dig till r\u00e4vlock, hur du g\u00f6r, vad du beh\u00f6ver och framf\u00f6r allt, hur du lyckas. Vi bjuder p\u00e5 fika! &nbsp; J\u00e4garef\u00f6rbundet Arjeplog JVK Elisabeth [&hellip;]<\/p>\n","protected":false},"author":3,"featured_media":0,"parent":0,"menu_order":0,"comment_status":"open","ping_status":"open","template":"","meta":{"footnotes":""},"class_list":["post-2","page","type-page","status-publish","hentry"],"_links":{"self":[{"href":"https:\/\/krets.jagareforbundet.se\/arjeplog\/wp-json\/wp\/v2\/pages\/2","targetHints":{"allow":["GET"]}}],"collection":[{"href":"https:\/\/krets.jagareforbundet.se\/arjeplog\/wp-json\/wp\/v2\/pages"}],"about":[{"href":"https:\/\/krets.jagareforbundet.se\/arjeplog\/wp-json\/wp\/v2\/types\/page"}],"author":[{"embeddable":true,"href":"https:\/\/krets.jagareforbundet.se\/arjeplog\/wp-json\/wp\/v2\/users\/3"}],"replies":[{"embeddable":true,"href":"https:\/\/krets.jagareforbundet.se\/arjeplog\/wp-json\/wp\/v2\/comments?post=2"}],"version-history":[{"count":3,"href":"https:\/\/krets.jagareforbundet.se\/arjeplog\/wp-json\/wp\/v2\/pages\/2\/revisions"}],"predecessor-version":[{"id":325,"href":"https:\/\/krets.jagareforbundet.se\/arjeplog\/wp-json\/wp\/v2\/pages\/2\/revisions\/325"}],"wp:attachment":[{"href":"https:\/\/krets.jagareforbundet.se\/arjeplog\/wp-json\/wp\/v2\/media?parent=2"}],"curies":[{"name":"wp","href":"https:\/\/api.w.org\/{rel}","templated":true}]}}