{"id":246,"date":"2025-01-30T07:38:33","date_gmt":"2025-01-30T06:38:33","guid":{"rendered":"https:\/\/krets.jagareforbundet.se\/arjeplog\/?page_id=246"},"modified":"2025-01-30T11:37:18","modified_gmt":"2025-01-30T10:37:18","slug":"jaqt-arjeplog","status":"publish","type":"page","link":"https:\/\/krets.jagareforbundet.se\/arjeplog\/jaqt-arjeplog\/","title":{"rendered":"JAQT Arjeplog 2024"},"content":{"rendered":"<p>Under 2024 bj\u00f6d vi in till<\/p>\n<ul>\n<li>Ripjakt och det var ett ljumt intresse f\u00f6r det. Vi fick helt enkelt st\u00e4lla in.<\/li>\n<li>Under sommaren hade vi tjejskytte p\u00e5 b\u00e5de &#8221;lilla \u00e4lgbanan&#8221; och \u00c4lgbanan inf\u00f6r h\u00f6stens jakter.<\/li>\n<li>I december bj\u00f6d vi in till gl\u00f6ggmingel med den nya skyttesimultorn som J\u00e4garef\u00f6rbundet Norrbotten har och visade \u00e4ven hur m\u00e5rdf\u00e4llor funkar. Vi ser verkligen fram emot att f\u00e5 se p\u00e5 f\u00e5ngsterna som blir.<\/li>\n<\/ul>\n<p>Vi ska se vad vi ska hitta p\u00e5 under 2025 men det inplanerade skjutbiografen den 17 maj utg\u00e5r s\u00e5 vi ska hitta ett nytt datum som passar all.<\/p>\n<p>F\u00e4llf\u00e5ngst med att ta r\u00e4tt p\u00e5 viltet \u00e4r p\u00e5 listan att l\u00e4ra sig.<\/p>\n<p>Skytte med hagel och med kulgev\u00e4r blir det ocks\u00e5.<\/p>\n<p>&nbsp;<\/p>\n<p>Du hittar oss \u00a0ocks\u00e5 snart p\u00e5 Facebook \u2013 JAQT Arjeplog och p\u00e5 v\u00e5r hemsida: krets.jagareforbundet.se\/arjeplog<\/p>\n<p>K\u00e4nner du n\u00e5gon annan som \u00e4r intresserad s\u00e5 \u00e4r det ju bara att ta med s\u00e5 blir vi ju bara fler!<\/p>\n<p>Elisabeth Lestander ordf\u00f6rande 070-3633688, aplog123@gmail.com<\/p>\n<p>Monika Juhlin\u00a0070-6425369<\/p>\n<p>&nbsp;<\/p>\n","protected":false},"excerpt":{"rendered":"<p>Under 2024 bj\u00f6d vi in till Ripjakt och det var ett ljumt intresse f\u00f6r det. Vi fick helt enkelt st\u00e4lla in. Under sommaren hade vi tjejskytte p\u00e5 b\u00e5de &#8221;lilla \u00e4lgbanan&#8221; och \u00c4lgbanan inf\u00f6r h\u00f6stens jakter. I december bj\u00f6d vi in till gl\u00f6ggmingel med den nya skyttesimultorn som J\u00e4garef\u00f6rbundet Norrbotten har och visade \u00e4ven hur m\u00e5rdf\u00e4llor [&hellip;]<\/p>\n","protected":false},"author":149,"featured_media":0,"parent":0,"menu_order":0,"comment_status":"closed","ping_status":"closed","template":"","meta":{"footnotes":""},"class_list":["post-246","page","type-page","status-publish","hentry"],"_links":{"self":[{"href":"https:\/\/krets.jagareforbundet.se\/arjeplog\/wp-json\/wp\/v2\/pages\/246","targetHints":{"allow":["GET"]}}],"collection":[{"href":"https:\/\/krets.jagareforbundet.se\/arjeplog\/wp-json\/wp\/v2\/pages"}],"about":[{"href":"https:\/\/krets.jagareforbundet.se\/arjeplog\/wp-json\/wp\/v2\/types\/page"}],"author":[{"embeddable":true,"href":"https:\/\/krets.jagareforbundet.se\/arjeplog\/wp-json\/wp\/v2\/users\/149"}],"replies":[{"embeddable":true,"href":"https:\/\/krets.jagareforbundet.se\/arjeplog\/wp-json\/wp\/v2\/comments?post=246"}],"version-history":[{"count":3,"href":"https:\/\/krets.jagareforbundet.se\/arjeplog\/wp-json\/wp\/v2\/pages\/246\/revisions"}],"predecessor-version":[{"id":328,"href":"https:\/\/krets.jagareforbundet.se\/arjeplog\/wp-json\/wp\/v2\/pages\/246\/revisions\/328"}],"wp:attachment":[{"href":"https:\/\/krets.jagareforbundet.se\/arjeplog\/wp-json\/wp\/v2\/media?parent=246"}],"curies":[{"name":"wp","href":"https:\/\/api.w.org\/{rel}","templated":true}]}}