{"id":28,"date":"2011-09-09T08:06:13","date_gmt":"2011-09-09T08:06:13","guid":{"rendered":"https:\/\/krets.jagareforbundet.se\/template\/?page_id=28"},"modified":"2025-01-02T08:36:44","modified_gmt":"2025-01-02T07:36:44","slug":"kontakta-oss","status":"publish","type":"page","link":"https:\/\/krets.jagareforbundet.se\/arjeplog\/kontakta-oss\/","title":{"rendered":"Kontakta oss"},"content":{"rendered":"<p>Du kommer l\u00e4ttast i kontakt med oss via e-post till ordf\u00f6rande: <a href=\"mailto:elisabeth.lestander@live.se\">elisabeth.lestander@live.se<\/a> eller om du kikar p\u00e5 fliken F\u00f6rtroendevalda.<\/p>\n<p>&nbsp;<\/p>\n","protected":false},"excerpt":{"rendered":"<p>Du kommer l\u00e4ttast i kontakt med oss via e-post till ordf\u00f6rande: elisabeth.lestander@live.se eller om du kikar p\u00e5 fliken F\u00f6rtroendevalda. &nbsp;<\/p>\n","protected":false},"author":3,"featured_media":0,"parent":0,"menu_order":0,"comment_status":"open","ping_status":"open","template":"","meta":{"footnotes":""},"class_list":["post-28","page","type-page","status-publish","hentry"],"_links":{"self":[{"href":"https:\/\/krets.jagareforbundet.se\/arjeplog\/wp-json\/wp\/v2\/pages\/28","targetHints":{"allow":["GET"]}}],"collection":[{"href":"https:\/\/krets.jagareforbundet.se\/arjeplog\/wp-json\/wp\/v2\/pages"}],"about":[{"href":"https:\/\/krets.jagareforbundet.se\/arjeplog\/wp-json\/wp\/v2\/types\/page"}],"author":[{"embeddable":true,"href":"https:\/\/krets.jagareforbundet.se\/arjeplog\/wp-json\/wp\/v2\/users\/3"}],"replies":[{"embeddable":true,"href":"https:\/\/krets.jagareforbundet.se\/arjeplog\/wp-json\/wp\/v2\/comments?post=28"}],"version-history":[{"count":1,"href":"https:\/\/krets.jagareforbundet.se\/arjeplog\/wp-json\/wp\/v2\/pages\/28\/revisions"}],"predecessor-version":[{"id":320,"href":"https:\/\/krets.jagareforbundet.se\/arjeplog\/wp-json\/wp\/v2\/pages\/28\/revisions\/320"}],"wp:attachment":[{"href":"https:\/\/krets.jagareforbundet.se\/arjeplog\/wp-json\/wp\/v2\/media?parent=28"}],"curies":[{"name":"wp","href":"https:\/\/api.w.org\/{rel}","templated":true}]}}