{"id":1027,"date":"2023-08-16T21:38:26","date_gmt":"2023-08-16T19:38:26","guid":{"rendered":"https:\/\/krets.jagareforbundet.se\/berg\/?page_id=1027"},"modified":"2024-08-25T21:16:24","modified_gmt":"2024-08-25T19:16:24","slug":"familjedag-viggesagen-13-8-2023","status":"publish","type":"page","link":"https:\/\/krets.jagareforbundet.se\/berg\/bildgalleri\/familjedag-viggesagen-13-8-2023\/","title":{"rendered":"Familjedag Vigges\u00e5gen 13\/8 2023"},"content":{"rendered":"<p><a href=\"https:\/\/krets.jagareforbundet.se\/berg\/files\/2023\/08\/20230813_130115-scaled.jpg\"><img loading=\"lazy\" decoding=\"async\" class=\"alignleft size-medium wp-image-1017\" src=\"https:\/\/krets.jagareforbundet.se\/berg\/files\/2023\/08\/20230813_130115-135x300.jpg\" alt=\"\" width=\"135\" height=\"300\" srcset=\"https:\/\/krets.jagareforbundet.se\/berg\/files\/2023\/08\/20230813_130115-135x300.jpg 135w, https:\/\/krets.jagareforbundet.se\/berg\/files\/2023\/08\/20230813_130115-461x1024.jpg 461w, https:\/\/krets.jagareforbundet.se\/berg\/files\/2023\/08\/20230813_130115-768x1707.jpg 768w, https:\/\/krets.jagareforbundet.se\/berg\/files\/2023\/08\/20230813_130115-691x1536.jpg 691w, https:\/\/krets.jagareforbundet.se\/berg\/files\/2023\/08\/20230813_130115-922x2048.jpg 922w, https:\/\/krets.jagareforbundet.se\/berg\/files\/2023\/08\/20230813_130115-scaled.jpg 1152w\" sizes=\"auto, (max-width: 135px) 100vw, 135px\" \/><\/a><a href=\"https:\/\/krets.jagareforbundet.se\/berg\/files\/2023\/08\/20230813_124346-scaled.jpg\"><img loading=\"lazy\" decoding=\"async\" class=\"alignleft size-medium wp-image-1016\" src=\"https:\/\/krets.jagareforbundet.se\/berg\/files\/2023\/08\/20230813_124346-135x300.jpg\" alt=\"\" width=\"135\" height=\"300\" srcset=\"https:\/\/krets.jagareforbundet.se\/berg\/files\/2023\/08\/20230813_124346-135x300.jpg 135w, https:\/\/krets.jagareforbundet.se\/berg\/files\/2023\/08\/20230813_124346-461x1024.jpg 461w, https:\/\/krets.jagareforbundet.se\/berg\/files\/2023\/08\/20230813_124346-768x1707.jpg 768w, https:\/\/krets.jagareforbundet.se\/berg\/files\/2023\/08\/20230813_124346-691x1536.jpg 691w, https:\/\/krets.jagareforbundet.se\/berg\/files\/2023\/08\/20230813_124346-922x2048.jpg 922w, https:\/\/krets.jagareforbundet.se\/berg\/files\/2023\/08\/20230813_124346-scaled.jpg 1152w\" sizes=\"auto, (max-width: 135px) 100vw, 135px\" \/><\/a><a href=\"https:\/\/krets.jagareforbundet.se\/berg\/files\/2023\/08\/20230813_120114_resized-rotated.jpg\"><img loading=\"lazy\" decoding=\"async\" class=\"alignleft size-medium wp-image-1018\" src=\"https:\/\/krets.jagareforbundet.se\/berg\/files\/2023\/08\/20230813_120114_resized-136x300.jpg\" alt=\"\" width=\"136\" height=\"300\" srcset=\"https:\/\/krets.jagareforbundet.se\/berg\/files\/2023\/08\/20230813_120114_resized-136x300.jpg 136w, https:\/\/krets.jagareforbundet.se\/berg\/files\/2023\/08\/20230813_120114_resized-465x1024.jpg 465w, https:\/\/krets.jagareforbundet.se\/berg\/files\/2023\/08\/20230813_120114_resized-768x1690.jpg 768w, https:\/\/krets.jagareforbundet.se\/berg\/files\/2023\/08\/20230813_120114_resized-698x1536.jpg 698w, https:\/\/krets.jagareforbundet.se\/berg\/files\/2023\/08\/20230813_120114_resized-931x2048.jpg 931w, https:\/\/krets.jagareforbundet.se\/berg\/files\/2023\/08\/20230813_120114_resized-rotated.jpg 1040w\" sizes=\"auto, (max-width: 136px) 100vw, 136px\" \/><\/a><a href=\"https:\/\/krets.jagareforbundet.se\/berg\/files\/2023\/08\/20230813_123900_resized-rotated.jpg\"><img loading=\"lazy\" decoding=\"async\" class=\"alignleft size-medium wp-image-1021\" src=\"https:\/\/krets.jagareforbundet.se\/berg\/files\/2023\/08\/20230813_123900_resized-137x300.jpg\" alt=\"\" width=\"137\" height=\"300\" srcset=\"https:\/\/krets.jagareforbundet.se\/berg\/files\/2023\/08\/20230813_123900_resized-137x300.jpg 137w, https:\/\/krets.jagareforbundet.se\/berg\/files\/2023\/08\/20230813_123900_resized-468x1024.jpg 468w, https:\/\/krets.jagareforbundet.se\/berg\/files\/2023\/08\/20230813_123900_resized-rotated.jpg 592w\" sizes=\"auto, (max-width: 137px) 100vw, 137px\" \/><\/a><\/p>\n<p>&nbsp;<\/p>\n<p>P\u00e5 \u00e5rets familjedag fick b\u00e5de stora och sm\u00e5 prova p\u00e5 22-skytte p\u00e5 \u00e4lgbanan.<\/p>\n<p>&nbsp;<\/p>\n<p>&nbsp;<\/p>\n<p><a href=\"https:\/\/krets.jagareforbundet.se\/berg\/files\/2023\/08\/20230813_125010-scaled.jpg\"><img loading=\"lazy\" decoding=\"async\" class=\"wp-image-1022 aligncenter\" src=\"https:\/\/krets.jagareforbundet.se\/berg\/files\/2023\/08\/20230813_125010-135x300.jpg\" alt=\"\" width=\"123\" height=\"273\" srcset=\"https:\/\/krets.jagareforbundet.se\/berg\/files\/2023\/08\/20230813_125010-135x300.jpg 135w, https:\/\/krets.jagareforbundet.se\/berg\/files\/2023\/08\/20230813_125010-461x1024.jpg 461w, https:\/\/krets.jagareforbundet.se\/berg\/files\/2023\/08\/20230813_125010-768x1707.jpg 768w, https:\/\/krets.jagareforbundet.se\/berg\/files\/2023\/08\/20230813_125010-691x1536.jpg 691w, https:\/\/krets.jagareforbundet.se\/berg\/files\/2023\/08\/20230813_125010-922x2048.jpg 922w, https:\/\/krets.jagareforbundet.se\/berg\/files\/2023\/08\/20230813_125010-scaled.jpg 1152w\" sizes=\"auto, (max-width: 123px) 100vw, 123px\" \/><\/a><\/p>\n<p style=\"text-align: center\">\n<p style=\"text-align: center\">\n<p style=\"text-align: center\">\n<p style=\"text-align: center\">\n<p style=\"text-align: center\">\n<p style=\"text-align: center\">\n<p style=\"text-align: center\">\n<p style=\"text-align: center\">Inne i torpet var det framdukat diverse information och l\u00e4sning fr\u00e5n J\u00e4garef\u00f6rbundet.<\/p>\n<p style=\"text-align: center\">\n<p>&nbsp;<\/p>\n<p>&nbsp;<\/p>\n<p><a href=\"https:\/\/krets.jagareforbundet.se\/berg\/files\/2023\/08\/20230813_121927-scaled.jpg\"><img loading=\"lazy\" decoding=\"async\" class=\"alignleft size-medium wp-image-1020\" src=\"https:\/\/krets.jagareforbundet.se\/berg\/files\/2023\/08\/20230813_121927-135x300.jpg\" alt=\"\" width=\"135\" height=\"300\" srcset=\"https:\/\/krets.jagareforbundet.se\/berg\/files\/2023\/08\/20230813_121927-135x300.jpg 135w, https:\/\/krets.jagareforbundet.se\/berg\/files\/2023\/08\/20230813_121927-461x1024.jpg 461w, https:\/\/krets.jagareforbundet.se\/berg\/files\/2023\/08\/20230813_121927-768x1707.jpg 768w, https:\/\/krets.jagareforbundet.se\/berg\/files\/2023\/08\/20230813_121927-691x1536.jpg 691w, https:\/\/krets.jagareforbundet.se\/berg\/files\/2023\/08\/20230813_121927-922x2048.jpg 922w, https:\/\/krets.jagareforbundet.se\/berg\/files\/2023\/08\/20230813_121927-scaled.jpg 1152w\" sizes=\"auto, (max-width: 135px) 100vw, 135px\" \/><\/a><a href=\"https:\/\/krets.jagareforbundet.se\/berg\/files\/2023\/08\/20230813_120215-scaled.jpg\"><img loading=\"lazy\" decoding=\"async\" class=\"alignleft size-medium wp-image-1019\" src=\"https:\/\/krets.jagareforbundet.se\/berg\/files\/2023\/08\/20230813_120215-135x300.jpg\" alt=\"\" width=\"135\" height=\"300\" srcset=\"https:\/\/krets.jagareforbundet.se\/berg\/files\/2023\/08\/20230813_120215-135x300.jpg 135w, https:\/\/krets.jagareforbundet.se\/berg\/files\/2023\/08\/20230813_120215-461x1024.jpg 461w, https:\/\/krets.jagareforbundet.se\/berg\/files\/2023\/08\/20230813_120215-768x1707.jpg 768w, https:\/\/krets.jagareforbundet.se\/berg\/files\/2023\/08\/20230813_120215-691x1536.jpg 691w, https:\/\/krets.jagareforbundet.se\/berg\/files\/2023\/08\/20230813_120215-922x2048.jpg 922w, https:\/\/krets.jagareforbundet.se\/berg\/files\/2023\/08\/20230813_120215-scaled.jpg 1152w\" sizes=\"auto, (max-width: 135px) 100vw, 135px\" \/><\/a>Tipsrunda hade vi f\u00f6rst\u00e5s och runt brasan hade vi en trevlig stund. Det bj\u00f6ds p\u00e5 korv, kaffe saft och kaka.<\/p>\n<p>Magnus Hansson som jobbar som jaktv\u00e5rdskonsulent p\u00e5 J\u00e4garef\u00f6rbundet, Mitt Norrland fanns p\u00e5 plats och kunde svara p\u00e5 de funderingar som kom upp.<\/p>\n<p>&nbsp;<\/p>\n<p>&nbsp;<\/p>\n<p>&nbsp;<\/p>\n<p>&nbsp;<\/p>\n<p>&nbsp;<\/p>\n<p>&nbsp;<\/p>\n<p>&nbsp;<\/p>\n","protected":false},"excerpt":{"rendered":"<p>&nbsp; P\u00e5 \u00e5rets familjedag fick b\u00e5de stora och sm\u00e5 prova p\u00e5 22-skytte p\u00e5 \u00e4lgbanan. &nbsp; &nbsp; Inne i torpet var det framdukat diverse information och l\u00e4sning fr\u00e5n J\u00e4garef\u00f6rbundet. &nbsp; &nbsp; Tipsrunda hade vi f\u00f6rst\u00e5s och runt brasan hade vi en trevlig stund. Det bj\u00f6ds p\u00e5 korv, kaffe saft och kaka. Magnus Hansson som jobbar som [&hellip;]<\/p>\n","protected":false},"author":79,"featured_media":0,"parent":329,"menu_order":1,"comment_status":"closed","ping_status":"closed","template":"","meta":{"footnotes":""},"class_list":["post-1027","page","type-page","status-publish","hentry"],"_links":{"self":[{"href":"https:\/\/krets.jagareforbundet.se\/berg\/wp-json\/wp\/v2\/pages\/1027","targetHints":{"allow":["GET"]}}],"collection":[{"href":"https:\/\/krets.jagareforbundet.se\/berg\/wp-json\/wp\/v2\/pages"}],"about":[{"href":"https:\/\/krets.jagareforbundet.se\/berg\/wp-json\/wp\/v2\/types\/page"}],"author":[{"embeddable":true,"href":"https:\/\/krets.jagareforbundet.se\/berg\/wp-json\/wp\/v2\/users\/79"}],"replies":[{"embeddable":true,"href":"https:\/\/krets.jagareforbundet.se\/berg\/wp-json\/wp\/v2\/comments?post=1027"}],"version-history":[{"count":3,"href":"https:\/\/krets.jagareforbundet.se\/berg\/wp-json\/wp\/v2\/pages\/1027\/revisions"}],"predecessor-version":[{"id":1135,"href":"https:\/\/krets.jagareforbundet.se\/berg\/wp-json\/wp\/v2\/pages\/1027\/revisions\/1135"}],"up":[{"embeddable":true,"href":"https:\/\/krets.jagareforbundet.se\/berg\/wp-json\/wp\/v2\/pages\/329"}],"wp:attachment":[{"href":"https:\/\/krets.jagareforbundet.se\/berg\/wp-json\/wp\/v2\/media?parent=1027"}],"curies":[{"name":"wp","href":"https:\/\/api.w.org\/{rel}","templated":true}]}}