{"id":113,"date":"2013-04-05T01:12:14","date_gmt":"2013-04-04T23:12:14","guid":{"rendered":"https:\/\/krets.jagareforbundet.se\/berg\/?page_id=113"},"modified":"2024-08-02T08:13:14","modified_gmt":"2024-08-02T06:13:14","slug":"hem","status":"publish","type":"page","link":"https:\/\/krets.jagareforbundet.se\/berg\/","title":{"rendered":"J\u00c4GREF\u00d6RBUNDET BERGS JVK"},"content":{"rendered":"<h3><strong>V\u00e4lkommen till J\u00e4garef\u00f6rbundet Bergs Jaktv\u00e5rdskrets hemsida<\/strong><\/h3>\n<p>&nbsp;<\/p>\n<div id=\"attachment_771\" style=\"width: 2570px\" class=\"wp-caption aligncenter\"><img loading=\"lazy\" decoding=\"async\" aria-describedby=\"caption-attachment-771\" class=\"wp-image-771 size-full\" src=\"https:\/\/krets.jagareforbundet.se\/berg\/files\/2013\/04\/tossasen-kopiera.jpg\" alt=\"\" width=\"2560\" height=\"1920\" srcset=\"https:\/\/krets.jagareforbundet.se\/berg\/files\/2013\/04\/tossasen-kopiera.jpg 2560w, https:\/\/krets.jagareforbundet.se\/berg\/files\/2013\/04\/tossasen-kopiera-300x225.jpg 300w, https:\/\/krets.jagareforbundet.se\/berg\/files\/2013\/04\/tossasen-kopiera-768x576.jpg 768w, https:\/\/krets.jagareforbundet.se\/berg\/files\/2013\/04\/tossasen-kopiera-1024x768.jpg 1024w\" sizes=\"auto, (max-width: 2560px) 100vw, 2560px\" \/><p id=\"caption-attachment-771\" class=\"wp-caption-text\">Toss\u00e5sen i h\u00f6stskrud Foto: Anna-Karin Einebrant Johansson<\/p><\/div>\n<p>&nbsp;<\/p>\n<p>&nbsp;<\/p>\n<table style=\"width: 702px;height: 194px\" border=\"1\" cellspacing=\"1\" cellpadding=\"1\">\n<tbody>\n<tr>\n<td>Uppgifter om kretsens verksamhet \u00e4r samlad h\u00e4r s\u00e5 att du l\u00e4tt kan hitta den eller det du s\u00f6ker.<br \/>\nOm det \u00e4r n\u00e5got du tycker skall finnas med h\u00e4r p\u00e5 hemsidan&#8230;.skicka d\u00e5 ett mail till<a href=\"mailto:akeinebrant@hotmail.com\">\u00a0<span style=\"color: #0000ff\">info@akejhund.se<\/span><\/a><\/td>\n<td width=\"250px\"><\/td>\n<\/tr>\n<\/tbody>\n<\/table>\n<div class=\"fb-page\" data-href=\"https:\/\/www.facebook.com\/BergsJVK\/\" data-small-header=\"true\" data-adapt-container-width=\"true\" data-hide-cover=\"false\" data-show-facepile=\"false\">\n<div class=\"fb-xfbml-parse-ignore\">\n<blockquote cite=\"https:\/\/www.facebook.com\/BergsJVK\/\"><p><a href=\"https:\/\/www.facebook.com\/BergsJVK\/\">J\u00e4garef\u00f6rbundet Berg<\/a><\/p><\/blockquote>\n<\/div>\n<\/div>\n","protected":false},"excerpt":{"rendered":"<p>V\u00e4lkommen till J\u00e4garef\u00f6rbundet Bergs Jaktv\u00e5rdskrets hemsida &nbsp; &nbsp; &nbsp; Uppgifter om kretsens verksamhet \u00e4r samlad h\u00e4r s\u00e5 att du l\u00e4tt kan hitta den eller det du s\u00f6ker. Om det \u00e4r n\u00e5got du tycker skall finnas med h\u00e4r p\u00e5 hemsidan&#8230;.skicka d\u00e5 ett mail till\u00a0info@akejhund.se J\u00e4garef\u00f6rbundet Berg<\/p>\n","protected":false},"author":79,"featured_media":0,"parent":0,"menu_order":0,"comment_status":"open","ping_status":"open","template":"","meta":{"footnotes":""},"class_list":["post-113","page","type-page","status-publish","hentry"],"_links":{"self":[{"href":"https:\/\/krets.jagareforbundet.se\/berg\/wp-json\/wp\/v2\/pages\/113","targetHints":{"allow":["GET"]}}],"collection":[{"href":"https:\/\/krets.jagareforbundet.se\/berg\/wp-json\/wp\/v2\/pages"}],"about":[{"href":"https:\/\/krets.jagareforbundet.se\/berg\/wp-json\/wp\/v2\/types\/page"}],"author":[{"embeddable":true,"href":"https:\/\/krets.jagareforbundet.se\/berg\/wp-json\/wp\/v2\/users\/79"}],"replies":[{"embeddable":true,"href":"https:\/\/krets.jagareforbundet.se\/berg\/wp-json\/wp\/v2\/comments?post=113"}],"version-history":[{"count":2,"href":"https:\/\/krets.jagareforbundet.se\/berg\/wp-json\/wp\/v2\/pages\/113\/revisions"}],"predecessor-version":[{"id":1120,"href":"https:\/\/krets.jagareforbundet.se\/berg\/wp-json\/wp\/v2\/pages\/113\/revisions\/1120"}],"wp:attachment":[{"href":"https:\/\/krets.jagareforbundet.se\/berg\/wp-json\/wp\/v2\/media?parent=113"}],"curies":[{"name":"wp","href":"https:\/\/api.w.org\/{rel}","templated":true}]}}