{"id":116,"date":"2013-04-05T21:20:15","date_gmt":"2013-04-05T19:20:15","guid":{"rendered":"https:\/\/krets.jagareforbundet.se\/berg\/?page_id=116"},"modified":"2024-03-09T21:11:29","modified_gmt":"2024-03-09T20:11:29","slug":"rovdjur","status":"publish","type":"page","link":"https:\/\/krets.jagareforbundet.se\/berg\/rovdjur\/","title":{"rendered":"Rovdjur"},"content":{"rendered":"<h2>Rapportera rovdjur !!!<\/h2>\n<p>Vinterhalv\u00e5ret \u00e4r den tid d\u00e5 inventering sker p\u00e5 v\u00e5ra stora rovdjur.<br \/>\nInventeringen ligger till grund f\u00f6r hur de stora rovdjuren sedan kommer att f\u00f6rvaltas. Vi kan alla bidra med v\u00e4rdefull information om vi rapporterar in sedda djur och sp\u00e5robservationer snarast m\u00f6jligt !<br \/>\nDet som kartl\u00e4ggs \u00e4r:<\/p>\n<p>Lodjur, endast familjegrupper (flera djur tillsammans)<br \/>\nJ\u00e4rv<br \/>\nVarg<br \/>\nBj\u00f6rn<br \/>\n<span style=\"line-height: 1.5\">Samtliga bj\u00f6rnobservationer r\u00e4knas under barmarksperioden.<\/span><\/p>\n<p>Sp\u00e5r eller observerade rovdjur av dessa kategorier\u00a0rapporteras snarast till kretsens rovdjurssamordnare som i Bergs jvk \u00e4r:<\/p>\n<p>Niklas \u00d6st<br \/>\n070-645 13 35<br \/>\n<a href=\"mailto:nicke.ost@telia.com\">nicke.ost@gmail.com<\/a><\/p>\n<p>&nbsp;<\/p>\n","protected":false},"excerpt":{"rendered":"<p>Rapportera rovdjur !!! Vinterhalv\u00e5ret \u00e4r den tid d\u00e5 inventering sker p\u00e5 v\u00e5ra stora rovdjur. Inventeringen ligger till grund f\u00f6r hur de stora rovdjuren sedan kommer att f\u00f6rvaltas. Vi kan alla bidra med v\u00e4rdefull information om vi rapporterar in sedda djur och sp\u00e5robservationer snarast m\u00f6jligt ! Det som kartl\u00e4ggs \u00e4r: Lodjur, endast familjegrupper (flera djur tillsammans) [&hellip;]<\/p>\n","protected":false},"author":79,"featured_media":0,"parent":0,"menu_order":4,"comment_status":"open","ping_status":"open","template":"","meta":{"footnotes":""},"class_list":["post-116","page","type-page","status-publish","hentry"],"_links":{"self":[{"href":"https:\/\/krets.jagareforbundet.se\/berg\/wp-json\/wp\/v2\/pages\/116","targetHints":{"allow":["GET"]}}],"collection":[{"href":"https:\/\/krets.jagareforbundet.se\/berg\/wp-json\/wp\/v2\/pages"}],"about":[{"href":"https:\/\/krets.jagareforbundet.se\/berg\/wp-json\/wp\/v2\/types\/page"}],"author":[{"embeddable":true,"href":"https:\/\/krets.jagareforbundet.se\/berg\/wp-json\/wp\/v2\/users\/79"}],"replies":[{"embeddable":true,"href":"https:\/\/krets.jagareforbundet.se\/berg\/wp-json\/wp\/v2\/comments?post=116"}],"version-history":[{"count":2,"href":"https:\/\/krets.jagareforbundet.se\/berg\/wp-json\/wp\/v2\/pages\/116\/revisions"}],"predecessor-version":[{"id":1098,"href":"https:\/\/krets.jagareforbundet.se\/berg\/wp-json\/wp\/v2\/pages\/116\/revisions\/1098"}],"wp:attachment":[{"href":"https:\/\/krets.jagareforbundet.se\/berg\/wp-json\/wp\/v2\/media?parent=116"}],"curies":[{"name":"wp","href":"https:\/\/api.w.org\/{rel}","templated":true}]}}