{"id":154,"date":"2013-04-05T21:16:54","date_gmt":"2013-04-05T19:16:54","guid":{"rendered":"https:\/\/krets.jagareforbundet.se\/berg\/?page_id=154"},"modified":"2025-03-07T20:11:25","modified_gmt":"2025-03-07T19:11:25","slug":"ungdom","status":"publish","type":"page","link":"https:\/\/krets.jagareforbundet.se\/berg\/ungdom\/","title":{"rendered":"Ungdom"},"content":{"rendered":"<p><a href=\"https:\/\/krets.jagareforbundet.se\/berg\/files\/2011\/09\/100_2032.jpg\"><img loading=\"lazy\" decoding=\"async\" class=\"alignnone\" title=\"100_2032\" src=\"https:\/\/krets.jagareforbundet.se\/berg\/files\/2011\/09\/100_2032.jpg\" alt=\"\" width=\"300\" height=\"225\" \/><\/a><\/p>\n<p>Sedan 1994 har vi i Bergs Jaktv\u00e5rdskrets bedrivit \u00e5terkommande verksamhet s\u00e5som bes\u00f6k p\u00e5 f\u00f6rskolor och grundskolor, vildmarks, jakt -och skyttel\u00e4ger samt andra typer av kursverksamhet.<\/p>\n<p>&nbsp;<\/p>\n<p><strong>F\u00f6lj med p\u00e5 jakt!<\/strong><\/p>\n<p>Nyfiken p\u00e5 jakt?<br \/>\nKanske du \u00e4r intresserad men har ingen att f\u00f6lja med till skogen?<br \/>\n<a href=\"https:\/\/krets.jagareforbundet.se\/berg\/kontakta-oss\/\">Kontakta<\/a> ungdomsansvarig i kretsen eller n\u00e5gon annan i styrelsen s\u00e5 kan vi hj\u00e4lpa dig.<\/p>\n<p>&nbsp;<\/p>\n<p><strong>Skolverksamhet<\/strong><\/p>\n<p>Vi kommer g\u00e4rna ut och hj\u00e4lper till att undervisa om jakt, djur och natur i Bergs skolor. Detta kan ske b\u00e5de i skolsal och utomhus p\u00e5 m\u00e5nga olika s\u00e4tt.<br \/>\nMed oss har vi &#8221;VILDA L\u00c5DAN&#8221; som inneh\u00e5ller olika saker man kan hitta i naturen t.ex. skinn, spillning, gnag, horn, fj\u00e4drar.<\/p>\n<p>&nbsp;<\/p>\n<p><strong>Har du nyss tagit j\u00e4garexamen?<\/strong><\/p>\n<p>J\u00e4garexamen m\u00e5 vara en handling som bevisar att du f\u00e5r jaga men det ger dig tyv\u00e4rr inte automatiskt n\u00e5gon plats att jaga p\u00e5. Som nybliven j\u00e4gare kan det ibland vara sv\u00e5rt att f\u00e5 jaktmark och kontakter som kan leda till jaktm\u00f6jligheter. Vi vill d\u00e4rf\u00f6r underl\u00e4tta f\u00f6r dig genom att tala om att vi finns och att vi g\u00e4rna st\u00e4ller upp f\u00f6r dig med information om vart du kan v\u00e4nda dig f\u00f6r att f\u00e5 jakttillf\u00e4llen, nya jaktkamrater och vidare utbildning inom\u00a0v\u00e5rt gemensamma intresse.<\/p>\n<p>J\u00e4garef\u00f6rbundet i Berg arrenderar mark av Bergs kommun d\u00e4r vi bl.a ger ungdomar och nya j\u00e4gare m\u00f6jlighet till jakt genom att man antingen f\u00e5r f\u00f6lja med p\u00e5 n\u00e5gon av v\u00e5ra arrangerade aktiviteter eller om man vill jaga sj\u00e4lv kan man k\u00f6pa dagskort p\u00e5 marken som kallas Vigges\u00e5gen.<\/p>\n<p>N\u00e4r det g\u00e4ller utbildning sker det inom kretsen och i samarbete med studiefr\u00e4mjandet\u00a0f\u00f6rutom j\u00e4garskolan m\u00e5nga andra olika kurser och utbildningstillf\u00e4llen som t.e.x jaktledarutbildningar, skytte, efters\u00f6k p\u00e5 kl\u00f6vvilt och p\u00e5 bj\u00f6rn, bj\u00f6rnjakt, passj\u00e4garen, smygj\u00e4garen, lockjakt p\u00e5 r\u00e4v, r\u00e4vsnarning, jakthundens grunddressyr.<\/p>\n<p>Kontaktuppgift till Ungdomsansvarig hittar du p\u00e5 v\u00e5r <a href=\"https:\/\/krets.jagareforbundet.se\/berg\/kontakta-oss\/\">Kontaktsida<\/a><\/p>\n","protected":false},"excerpt":{"rendered":"<p>Sedan 1994 har vi i Bergs Jaktv\u00e5rdskrets bedrivit \u00e5terkommande verksamhet s\u00e5som bes\u00f6k p\u00e5 f\u00f6rskolor och grundskolor, vildmarks, jakt -och skyttel\u00e4ger samt andra typer av kursverksamhet. &nbsp; F\u00f6lj med p\u00e5 jakt! Nyfiken p\u00e5 jakt? Kanske du \u00e4r intresserad men har ingen att f\u00f6lja med till skogen? Kontakta ungdomsansvarig i kretsen eller n\u00e5gon annan i styrelsen s\u00e5 [&hellip;]<\/p>\n","protected":false},"author":79,"featured_media":0,"parent":0,"menu_order":3,"comment_status":"open","ping_status":"open","template":"","meta":{"footnotes":""},"class_list":["post-154","page","type-page","status-publish","hentry"],"_links":{"self":[{"href":"https:\/\/krets.jagareforbundet.se\/berg\/wp-json\/wp\/v2\/pages\/154","targetHints":{"allow":["GET"]}}],"collection":[{"href":"https:\/\/krets.jagareforbundet.se\/berg\/wp-json\/wp\/v2\/pages"}],"about":[{"href":"https:\/\/krets.jagareforbundet.se\/berg\/wp-json\/wp\/v2\/types\/page"}],"author":[{"embeddable":true,"href":"https:\/\/krets.jagareforbundet.se\/berg\/wp-json\/wp\/v2\/users\/79"}],"replies":[{"embeddable":true,"href":"https:\/\/krets.jagareforbundet.se\/berg\/wp-json\/wp\/v2\/comments?post=154"}],"version-history":[{"count":3,"href":"https:\/\/krets.jagareforbundet.se\/berg\/wp-json\/wp\/v2\/pages\/154\/revisions"}],"predecessor-version":[{"id":1155,"href":"https:\/\/krets.jagareforbundet.se\/berg\/wp-json\/wp\/v2\/pages\/154\/revisions\/1155"}],"wp:attachment":[{"href":"https:\/\/krets.jagareforbundet.se\/berg\/wp-json\/wp\/v2\/media?parent=154"}],"curies":[{"name":"wp","href":"https:\/\/api.w.org\/{rel}","templated":true}]}}