{"id":187,"date":"2013-04-06T16:50:50","date_gmt":"2013-04-06T14:50:50","guid":{"rendered":"https:\/\/krets.jagareforbundet.se\/berg\/?page_id=187"},"modified":"2024-03-09T21:17:23","modified_gmt":"2024-03-09T20:17:23","slug":"jaqt","status":"publish","type":"page","link":"https:\/\/krets.jagareforbundet.se\/berg\/jaqt\/","title":{"rendered":"JAQT"},"content":{"rendered":"<h3>V\u00e4lkommen till Bergs J\u00e4garef\u00f6rbundet Berg\u00a0och JAQT!<\/h3>\n<p>JAQT, vad \u00e4r det?<br \/>\nJo det \u00e4r ett n\u00e4tverk som finns i Svenska J\u00e4garef\u00f6rbundets regi.<br \/>\nDet v\u00e4nder sig till kvinnor som \u00e4r intresserade av jakt. N\u00e4tverket bygger p\u00e5 J\u00e4garef\u00f6rbundets organisation, och finns p\u00e5 nationell, regional och lokal niv\u00e5. JAQT i Mitt Norrland arbetar f\u00f6r att det ska startas fler n\u00e4tverk i de jaktv\u00e5rdskretsar som finns. JAQT i Berg startades i april 2007, och har ca 50 medlemmar.<\/p>\n<div>\n<p>JAQT\u00a0&#8211; n\u00e4tverk ist\u00e4llet f\u00f6r f\u00f6rening<\/p>\n<p>Vad \u00e4r d\u00e5 ett n\u00e4tverk?<\/p>\n<p>Jo, det bygger p\u00e5 frivilligt deltagande, man \u00e4r med p\u00e5 de aktiviteter\u00a0man k\u00e4nner f\u00f6r.<\/p>\n<ul>\n<li>Vi har ingen styrelse, bokf\u00f6ring mm som andra f\u00f6reningar, utan kraften kan l\u00e4ggas p\u00e5 roliga aktiviteter. Information skickas via e-post. Om du inte har n\u00e5gon e-postadress s\u00e5 kanske din kompis eller n\u00e5gon i familjen har?<\/li>\n<li>Vi hj\u00e4lps \u00e5t. Den som \u00e4r intresserad av en aktivitet kan vara med och arrangera den f\u00f6r andra i n\u00e4tverket. N\u00e4sta\u00a0g\u00e5ng \u00e4r det n\u00e5gon annan som ordnar n\u00e5got. P\u00e5 s\u00e5 s\u00e4tt h\u00e4nder det lite av varje. Om m\u00e5nga hj\u00e4lper till blir det lite arbete per person.<\/li>\n<li>Genom de st\u00f6rre regionala och nationella n\u00e4tverken har vi m\u00f6jlighet till utbyte i hela landet. Vi kan med andra ord bjuda hit kvinnor p\u00e5 jakt, och sj\u00e4lva f\u00e5 \u00e5ka bort och jaga.\u00a0N\u00e4tverket \u00e4r \u00f6ppet f\u00f6r alla.<\/li>\n<li>J\u00e4garef\u00f6rbundet subventionerar vissa aktiviteter f\u00f6r sina medlemmar.<br \/>\n<h3>Vill ni jaga eller ha kurs eller bara ha en tr\u00e4ff tillsammans med andra tjejer f\u00f6r att prata jakt, hundar eller annat inom v\u00e5rt gemensamma intresse ??? <a href=\"https:\/\/krets.jagareforbundet.se\/berg\/kontakta-oss\/\">H\u00f6r av er till oss !!!<\/a><\/h3>\n<\/li>\n<\/ul>\n<\/div>\n<div>\n<p>&nbsp;<\/p>\n<\/div>\n<p>&nbsp;<\/p>\n","protected":false},"excerpt":{"rendered":"<p>V\u00e4lkommen till Bergs J\u00e4garef\u00f6rbundet Berg\u00a0och JAQT! JAQT, vad \u00e4r det? Jo det \u00e4r ett n\u00e4tverk som finns i Svenska J\u00e4garef\u00f6rbundets regi. Det v\u00e4nder sig till kvinnor som \u00e4r intresserade av jakt. N\u00e4tverket bygger p\u00e5 J\u00e4garef\u00f6rbundets organisation, och finns p\u00e5 nationell, regional och lokal niv\u00e5. JAQT i Mitt Norrland arbetar f\u00f6r att det ska startas fler [&hellip;]<\/p>\n","protected":false},"author":79,"featured_media":0,"parent":0,"menu_order":5,"comment_status":"open","ping_status":"open","template":"","meta":{"footnotes":""},"class_list":["post-187","page","type-page","status-publish","hentry"],"_links":{"self":[{"href":"https:\/\/krets.jagareforbundet.se\/berg\/wp-json\/wp\/v2\/pages\/187","targetHints":{"allow":["GET"]}}],"collection":[{"href":"https:\/\/krets.jagareforbundet.se\/berg\/wp-json\/wp\/v2\/pages"}],"about":[{"href":"https:\/\/krets.jagareforbundet.se\/berg\/wp-json\/wp\/v2\/types\/page"}],"author":[{"embeddable":true,"href":"https:\/\/krets.jagareforbundet.se\/berg\/wp-json\/wp\/v2\/users\/79"}],"replies":[{"embeddable":true,"href":"https:\/\/krets.jagareforbundet.se\/berg\/wp-json\/wp\/v2\/comments?post=187"}],"version-history":[{"count":3,"href":"https:\/\/krets.jagareforbundet.se\/berg\/wp-json\/wp\/v2\/pages\/187\/revisions"}],"predecessor-version":[{"id":1099,"href":"https:\/\/krets.jagareforbundet.se\/berg\/wp-json\/wp\/v2\/pages\/187\/revisions\/1099"}],"wp:attachment":[{"href":"https:\/\/krets.jagareforbundet.se\/berg\/wp-json\/wp\/v2\/media?parent=187"}],"curies":[{"name":"wp","href":"https:\/\/api.w.org\/{rel}","templated":true}]}}