{"id":194,"date":"2013-04-06T16:55:07","date_gmt":"2013-04-06T14:55:07","guid":{"rendered":"https:\/\/krets.jagareforbundet.se\/berg\/?page_id=194"},"modified":"2025-07-29T19:36:03","modified_gmt":"2025-07-29T17:36:03","slug":"jaktskytte","status":"publish","type":"page","link":"https:\/\/krets.jagareforbundet.se\/berg\/jaktskytte\/","title":{"rendered":"Jaktskytte"},"content":{"rendered":"<div>\n<h2>KM-VECKA \u00c4LGBANESKYTTE 2025<\/h2>\n<h2>V 32, h\u00e5lls Kretsm\u00e4sterskap p\u00e5 Pers\u00e5sen, R\u00e4tan, Storsj\u00f6, Galhammar och \u00c5sarnas jaktskyttebanor under deras ordinarie \u00f6ppettider<span style=\"font-size: 16px\">.<\/span><\/h2>\n<p>M\u00e4rkesserie 3 x 4 skott enligt m\u00e4rkesreglemente.<\/p>\n<p><em><strong>Fullst\u00e4ndiga regler se l\u00e4nk: <a href=\"https:\/\/jagareforbundet.se\/globalassets\/documents\/jaktskytte\/tavlingar\/2017\/tavlingsreglemente-km-lm-sm-170329.pdf\"><span style=\"color: #0000ff\">Tryck h\u00e4r<\/span><\/a><\/strong><\/em><\/p>\n<\/div>\n<p><strong>Klassindelning:<\/strong><\/p>\n<p>Ungdom upp till 19 \u00e5r<\/p>\n<p>Senior fr\u00e5n det \u00e5r man fyller 20 \u00e5r upp till 49<\/p>\n<p>Yngre oldboys fr\u00e5n 50 till 59<\/p>\n<p>\u00c4ldre oldboys fr\u00e5n 60 till 69<\/p>\n<p>Veteran fr\u00e5n 70 \u00e5r och upp\u00e5t<\/p>\n<p>Damer, en klass<\/p>\n<div>\n<h2><strong>PRIS: 20kr\/skjutkort<\/strong><strong><br \/>\n(g\u00e5r till banan)<\/strong><\/h2>\n<p>Anm\u00e4lan och betalning f\u00f6re skjutning.<br \/>\nREGLER:<br \/>\nMan f\u00e5r skjuta hur m\u00e5nga serier man vill under veckan<br \/>\noch p\u00e5 vilken skjutbana man vill. (\u00e4ven p\u00e5 flera banor)<\/p>\n<p>B\u00e4sta resultatet 3 x 4 skott r\u00e4knas i KM enligt nuvarande regler.<br \/>\nKM resultatet \u00e4r underlag f\u00f6r lottning p\u00e5 en \u00e4lgkalv p\u00e5 rot p\u00e5 Vigges\u00e5gen.<\/p>\n<p>P\u00e5 \u00e5rsm\u00f6tet delas plaketter ut till b\u00e4sta tre skyttar i varje klass.<\/p>\n<p>H\u00e4r nedan kan du ladda ner o skriva ut skjutkort<\/p>\n<h2><em><strong><a href=\"https:\/\/krets.jagareforbundet.se\/berg\/files\/2024\/08\/Skjutkort-KM-Bergs-JVK.pdf\">Skjutkort KM Bergs JVK<\/a><\/strong><\/em><\/h2>\n<p><strong>Skjutbanorna samlar in alla resultat och skickar SENAST 10 aug via post till:<br \/>\nNiklas \u00d6st<br \/>\nSkucku 453<br \/>\n845 61\u00a0 SVENSTAVIK<\/strong><\/p>\n<p><strong>070-6451335<\/strong><\/p>\n<\/div>\n<div>\n<hr \/>\n<\/div>\n<div><\/div>\n<div><\/div>\n<div>\n<h2><span style=\"color: #008000\">SKJUTBANOR<\/span><\/h2>\n<\/div>\n<div>\n<div>\n<p>F\u00f6r mer information g\u00e5 till respektive banas namn i menyn till h\u00f6ger<\/p>\n<h3>\u00c5sarna JSK, <span style=\"color: #0000ff\"><a style=\"color: #0000ff\" href=\"http:\/\/www.asarnajsk.nu\">www.asarnajsk.nu<\/a><\/span><\/h3>\n<p>\u00d6ppen v31-35<\/p>\n<p>Tisdagar och Fredagar <strong>\u00c4lg<\/strong>\u00a0 18:00 &#8211; 20:00<\/p>\n<p>Onsdagar <strong>Bj\u00f6rn<\/strong> 18:00 &#8211; 20:00<\/p>\n<h3>Storsj\u00f6 Jaktskyttebana<\/h3>\n<p>Kontaktperson:\u00a0Kent Mo\u00e9n, 0687-21110<\/p>\n<h3>Pers\u00e5sens Jaktskyttebana<\/h3>\n<p>\u00d6ppen 240723-240829 (uppdatering f\u00f6r 2025 kommer s\u00e5 snart som m\u00f6jligt)<\/p>\n<p>Tisdagar och Torsdagar <strong>\u00c4lg<\/strong> 18:00 &#8211; 20:00<\/p>\n<p>Onsdag 7\/8, 14\/8 <strong>Bj\u00f6rn<\/strong>\u00a018:00 &#8211; 20:00<\/p>\n<p>Kontaktpersoner:\u00a0Nils 070-320 91 85, Bobbo 070-340 70 82<\/p>\n<h3>Bergs JSK (Galhammars skjutbana)<\/h3>\n<p>\u00d6ppet 250805-250828<\/p>\n<p>Tisdagar och Torsdagar <strong>\u00c4lg<\/strong> 17:30 &#8211; 19:30<\/p>\n<p>Onsdag 6\/8 och 13\/8 <strong>Bj\u00f6rn<\/strong>\u00a0 \u00a017:30 &#8211; 19:30<\/p>\n<p>Kontaktperson: \u00a0Jonte Berglund 070-226 82 19<\/p>\n<h3>R\u00e4tans Jaktskyttebana<\/h3>\n<p>Se info om \u00f6ppettider p\u00e5 Facebook<\/p>\n<p>Skjutning f\u00f6r Kretsm\u00e4sterskap 4, 7, 11\/8 kl 18-19<\/p>\n<p>&nbsp;<\/p>\n<p>&nbsp;<\/p>\n<\/div>\n<div><\/div>\n<div>\n<p>&nbsp;<\/p>\n<\/div>\n<\/div>\n","protected":false},"excerpt":{"rendered":"<p>KM-VECKA \u00c4LGBANESKYTTE 2025 V 32, h\u00e5lls Kretsm\u00e4sterskap p\u00e5 Pers\u00e5sen, R\u00e4tan, Storsj\u00f6, Galhammar och \u00c5sarnas jaktskyttebanor under deras ordinarie \u00f6ppettider. M\u00e4rkesserie 3 x 4 skott enligt m\u00e4rkesreglemente. Fullst\u00e4ndiga regler se l\u00e4nk: Tryck h\u00e4r Klassindelning: Ungdom upp till 19 \u00e5r Senior fr\u00e5n det \u00e5r man fyller 20 \u00e5r upp till 49 Yngre oldboys fr\u00e5n 50 till 59 [&hellip;]<\/p>\n","protected":false},"author":79,"featured_media":0,"parent":0,"menu_order":6,"comment_status":"open","ping_status":"open","template":"","meta":{"footnotes":""},"class_list":["post-194","page","type-page","status-publish","hentry"],"_links":{"self":[{"href":"https:\/\/krets.jagareforbundet.se\/berg\/wp-json\/wp\/v2\/pages\/194","targetHints":{"allow":["GET"]}}],"collection":[{"href":"https:\/\/krets.jagareforbundet.se\/berg\/wp-json\/wp\/v2\/pages"}],"about":[{"href":"https:\/\/krets.jagareforbundet.se\/berg\/wp-json\/wp\/v2\/types\/page"}],"author":[{"embeddable":true,"href":"https:\/\/krets.jagareforbundet.se\/berg\/wp-json\/wp\/v2\/users\/79"}],"replies":[{"embeddable":true,"href":"https:\/\/krets.jagareforbundet.se\/berg\/wp-json\/wp\/v2\/comments?post=194"}],"version-history":[{"count":3,"href":"https:\/\/krets.jagareforbundet.se\/berg\/wp-json\/wp\/v2\/pages\/194\/revisions"}],"predecessor-version":[{"id":1192,"href":"https:\/\/krets.jagareforbundet.se\/berg\/wp-json\/wp\/v2\/pages\/194\/revisions\/1192"}],"wp:attachment":[{"href":"https:\/\/krets.jagareforbundet.se\/berg\/wp-json\/wp\/v2\/media?parent=194"}],"curies":[{"name":"wp","href":"https:\/\/api.w.org\/{rel}","templated":true}]}}