{"id":199,"date":"2013-04-06T17:17:52","date_gmt":"2013-04-06T15:17:52","guid":{"rendered":"https:\/\/krets.jagareforbundet.se\/berg\/?page_id=199"},"modified":"2019-08-06T14:31:10","modified_gmt":"2019-08-06T12:31:10","slug":"viltdata","status":"publish","type":"page","link":"https:\/\/krets.jagareforbundet.se\/berg\/viltdata\/","title":{"rendered":"Viltdata &#8211; Rapportera skjutet vilt"},"content":{"rendered":"<div>\n<div id=\"page_35164\">\n<div>Ladda ner den nya VILTDATA appen och rapportera l\u00e4tt eftersom.<img loading=\"lazy\" decoding=\"async\" class=\"wp-image-850 alignright\" src=\"https:\/\/krets.jagareforbundet.se\/berg\/files\/2019\/08\/viltdata-150x150.png\" alt=\"\" width=\"53\" height=\"53\" srcset=\"https:\/\/krets.jagareforbundet.se\/berg\/files\/2019\/08\/viltdata-150x150.png 150w, https:\/\/krets.jagareforbundet.se\/berg\/files\/2019\/08\/viltdata-298x300.png 298w, https:\/\/krets.jagareforbundet.se\/berg\/files\/2019\/08\/viltdata.png 500w\" sizes=\"auto, (max-width: 53px) 100vw, 53px\" \/><\/div>\n<div><a href=\"https:\/\/jagareforbundet.se\/aktuellt\/forbundsnyheter\/2019\/07\/viltdatas-nya-app-forenklar-avskjutningsrapporteringen\/\"><span style=\"color: #0000ff\">H\u00c4R<\/span><\/a> hittar du mer info.<\/div>\n<\/div>\n<div><\/div>\n<div id=\"page_35164\">\n<div>H\u00e4r kan du rapportera skjutet vilt.<\/div>\n<div><a href=\"http:\/\/www.viltdata.se\/\">www.viltdata.se<\/a><\/div>\n<div><\/div>\n<div><a href=\"http:\/\/www.viltdata.se\/\"><strong style=\"color: #333333\">Varf\u00f6r viltdata?<\/strong><br \/>\n<\/a><\/div>\n<div>\n<div>\n<p>1. B\u00e4ttre viltf\u00f6rvaltning<\/p>\n<ul>\n<li><strong>En<\/strong>\u00a0nationell databas<\/li>\n<li>Billigare rapportering<\/li>\n<li>Automatisk statistik<\/li>\n<li>St\u00f6rre insyn i viltstammarna<\/li>\n<li>Snabbare \u00e5terrapportering<\/li>\n<li>P\u00e5 sikt \u00e4ven f\u00f6rb\u00e4ttrat underlag till f\u00f6rvaltning och \u00f6vervakning p\u00e5 annat vilt \u00e4n \u00e4lg<\/li>\n<\/ul>\n<p>2. Enklare administration<\/p>\n<ul>\n<li>Mindre tid p\u00e5 att sammanst\u00e4lla data<\/li>\n<li>Mindre tid p\u00e5 att n\u00e5 folk (P\u00e5minnelser, inbjudningar etc.)<\/li>\n<li>Mindre manuell hantering och portokostnader f\u00f6r samtliga inblandade organisationer<\/li>\n<\/ul>\n<p><strong>Om viltdata<\/strong><\/p>\n<p>Idag finns ca 15 st olika system f\u00f6r hantering av avskjutning, \u00e4lgobs etc.<br \/>\nViltdata \u00e4r utvecklat f\u00f6r att vara\u00a0<strong>ett<\/strong>\u00a0system f\u00f6r alla.<br \/>\nViltdata \u00e4r ett transparent system som \u00e4r tillg\u00e4ngligt f\u00f6r alla.<br \/>\nViltdata ger f\u00f6rb\u00e4ttrad vilt\u00f6vervakning och viltf\u00f6rvaltning b\u00e5de f\u00f6r \u00e4lg samt \u00f6vrigt vilt.<br \/>\nViltdata \u00e4r ett system som alla jaktlag kan anv\u00e4nda dvs.\u00a0<strong>En<\/strong>\u00a0nationell databas,\u00a0alla kan ta del av statistik inget l\u00f6senord kr\u00e4vs f\u00f6r detta.<\/p>\n<p>F\u00f6r mer information om viltdata klicka\u00a0<a href=\"http:\/\/www.viltdata.se\/\">h\u00e4r<\/a>.<\/p>\n<p><strong>Manual f\u00f6r rapport\u00f6rer i viltdata<\/strong><\/p>\n<ul type=\"disc\">\n<li>Manual viltdata \u00e4lgdatabasen i power point format\u00a0&#8211;\u00a0Tryck\u00a0<a href=\"http:\/\/www.svenskajagarforbundet.se\/mittnorr\/berg\/images\/manual_-__1_...ppt\" target=\"_blank\" rel=\"noopener noreferrer\">h\u00e4r f\u00f6r Power Point utf\u00f6rande<\/a><\/li>\n<li>Manual viltdata \u00e4lgdatabasen i pdf format &#8211;\u00a0<a href=\"http:\/\/www.svenskajagarforbundet.se\/mittnorr\/berg\/images\/manual_viltdata_utskick_2008.pdf\" target=\"_blank\" rel=\"noopener noreferrer\">Tryck h\u00e4r f\u00f6r PDF -format<\/a><\/li>\n<li>Skriftliga anvisningar rapport\u00f6r viltdata i word format &#8211;\u00a0<a href=\"http:\/\/www.svenskajagarforbundet.se\/mittnorr\/berg\/images\/skriftlig_1_...doc\" target=\"_self\" rel=\"noopener noreferrer\">Tryck h\u00e4r f\u00f6r Word<\/a><\/li>\n<\/ul>\n<p>Dessa filer \u00e4r skrivskyddade dom ska \u00f6ppnas med skrivskydd. Det kommer upp en ruta som s\u00e4ger att dokumentet \u00e4r skrivskyddat,\u00a0tryck d\u00e5 p\u00e5 alternativet\u00a0 skrivskydd.<\/p>\n<p>&nbsp;<\/p>\n<p>&nbsp;<\/p>\n<p>&nbsp;<\/p>\n<p>&nbsp;<\/p>\n<p>&nbsp;<\/p>\n<div><\/div>\n<\/div>\n<p>&nbsp;<\/p>\n<\/div>\n<\/div>\n<\/div>\n<div><\/div>\n","protected":false},"excerpt":{"rendered":"<p>Ladda ner den nya VILTDATA appen och rapportera l\u00e4tt eftersom. H\u00c4R hittar du mer info. H\u00e4r kan du rapportera skjutet vilt. www.viltdata.se Varf\u00f6r viltdata? 1. B\u00e4ttre viltf\u00f6rvaltning En\u00a0nationell databas Billigare rapportering Automatisk statistik St\u00f6rre insyn i viltstammarna Snabbare \u00e5terrapportering P\u00e5 sikt \u00e4ven f\u00f6rb\u00e4ttrat underlag till f\u00f6rvaltning och \u00f6vervakning p\u00e5 annat vilt \u00e4n \u00e4lg 2. Enklare [&hellip;]<\/p>\n","protected":false},"author":79,"featured_media":0,"parent":0,"menu_order":7,"comment_status":"open","ping_status":"open","template":"","meta":{"footnotes":""},"class_list":["post-199","page","type-page","status-publish","hentry"],"_links":{"self":[{"href":"https:\/\/krets.jagareforbundet.se\/berg\/wp-json\/wp\/v2\/pages\/199","targetHints":{"allow":["GET"]}}],"collection":[{"href":"https:\/\/krets.jagareforbundet.se\/berg\/wp-json\/wp\/v2\/pages"}],"about":[{"href":"https:\/\/krets.jagareforbundet.se\/berg\/wp-json\/wp\/v2\/types\/page"}],"author":[{"embeddable":true,"href":"https:\/\/krets.jagareforbundet.se\/berg\/wp-json\/wp\/v2\/users\/79"}],"replies":[{"embeddable":true,"href":"https:\/\/krets.jagareforbundet.se\/berg\/wp-json\/wp\/v2\/comments?post=199"}],"version-history":[{"count":2,"href":"https:\/\/krets.jagareforbundet.se\/berg\/wp-json\/wp\/v2\/pages\/199\/revisions"}],"predecessor-version":[{"id":851,"href":"https:\/\/krets.jagareforbundet.se\/berg\/wp-json\/wp\/v2\/pages\/199\/revisions\/851"}],"wp:attachment":[{"href":"https:\/\/krets.jagareforbundet.se\/berg\/wp-json\/wp\/v2\/media?parent=199"}],"curies":[{"name":"wp","href":"https:\/\/api.w.org\/{rel}","templated":true}]}}