{"id":214,"date":"2013-04-06T20:50:33","date_gmt":"2013-04-06T18:50:33","guid":{"rendered":"https:\/\/krets.jagareforbundet.se\/berg\/?page_id=214"},"modified":"2026-04-09T21:42:10","modified_gmt":"2026-04-09T19:42:10","slug":"viggesagen","status":"publish","type":"page","link":"https:\/\/krets.jagareforbundet.se\/berg\/viggesagen\/","title":{"rendered":"Vigges\u00e5gen"},"content":{"rendered":"<p>&nbsp;<\/p>\n<p><a href=\"https:\/\/krets.jagareforbundet.se\/berg\/files\/2024\/12\/Torpet-241013-e1733079211635.jpg\"><img loading=\"lazy\" decoding=\"async\" class=\"alignleft size-medium wp-image-1146\" src=\"https:\/\/krets.jagareforbundet.se\/berg\/files\/2024\/12\/Torpet-241013-e1733079211635-300x258.jpg\" alt=\"\" width=\"300\" height=\"258\" srcset=\"https:\/\/krets.jagareforbundet.se\/berg\/files\/2024\/12\/Torpet-241013-e1733079211635-300x258.jpg 300w, https:\/\/krets.jagareforbundet.se\/berg\/files\/2024\/12\/Torpet-241013-e1733079211635.jpg 611w\" sizes=\"auto, (max-width: 300px) 100vw, 300px\" \/><\/a><\/p>\n<p>&nbsp;<\/p>\n<p>&nbsp;<\/p>\n<p>&nbsp;<\/p>\n<p>&nbsp;<\/p>\n<p>&nbsp;<\/p>\n<p>&nbsp;<\/p>\n<p>&nbsp;<\/p>\n<p>Vigges\u00e5gen<\/p>\n<p>Bergs jaktv\u00e5rdskrets arrenderar sedan n\u00e5gra \u00e5r tillbaka ca 3000 ha jaktmark av Bergs kommun. Till jaktmarken finns en anl\u00e4ggning som m\u00f6jligg\u00f6r \u00f6vernattning f\u00f6r 10-talet g\u00e4ster.F\u00f6reningen erbjuder nya j\u00e4gare och medlemmar m\u00f6jlighet att jaga b\u00e5de sm\u00e5vilt och \u00e4lg och \u00e4ven fiske.<\/p>\n<div id=\"page_43298\">\n<p><span style=\"color: #808000\"><strong>Vigges\u00e5gen &#8211; Utbildning<\/strong><\/span><\/p>\n<ul>\n<li>\u00a0H\u00e4r samarbetar\u00a0vi med skolor vid friluftsdagar, temadagar och andra natur\u00f6vningar d\u00e4r Bergs Jaktv\u00e5rdskrets kan vara en resurs vid vilt, jakt -och andra naturn\u00e4ra fr\u00e5gor f\u00f6r b\u00e5de elever och i vissa fall l\u00e4rare<\/li>\n<li>L\u00e4gerverksamhet<\/li>\n<li>Annan kursverksamhet t. ex J\u00e4garskolan med examen. Efters\u00f6k. Lockjakt p\u00e5 r\u00e4v med utbildade instrukt\u00f6rer.<\/li>\n<li>Vid av kretsen anordnade aktiviteter ing\u00e5r boende.<\/li>\n<\/ul>\n<\/div>\n<div id=\"mediaarchive_9521\">\n<div><span style=\"color: #808000;font-size: 1.5em\">Jaga p\u00e5 Vigges\u00e5gen<\/span><\/div>\n<\/div>\n<div>\n<p><strong>Priser:<\/strong><\/p>\n<p><strong>Medlem i Bergs jvk 100:-\/dag och kort<\/strong><br \/>\n<strong>Medlem i Svenska j\u00e4garef\u00f6rbundet 200 kr\/dag och kort.<\/strong><br \/>\n<strong>Icke medlem 300:-\/dag och kort<\/strong><\/p>\n<p>Det finns m\u00f6jlighet att hyra torpet. Det finns utedass, vedkamin, gasolspis, elverk samt bastu och ligger i n\u00e4ra anslutning till jaktmarken.<\/p>\n<p><strong>Boende:<\/strong><\/p>\n<p><strong>1-4 personer 700:-\/dygn<\/strong><\/p>\n<p><strong>5 personer o fler 1000:-\/dygn<\/strong><\/p>\n<p>I priset ing\u00e5r gasol. Men inte br\u00e4nsle till elverk det skall l\u00e4mnas fulltankat.<\/p>\n<p>&nbsp;<\/p>\n<\/div>\n<div id=\"mediaarchive_9521\">\n<div><strong>Sm\u00e5vilt<\/strong><\/div>\n<\/div>\n<p>Ingen f\u00f6rs\u00e4ljning under kretsens egna aktiviteter.<\/p>\n<p>F\u00f6r k\u00f6p och mer information kontakta:<br \/>\n<a href=\"https:\/\/krets.jagareforbundet.se\/berg\/smaviltskort\/\">Klicka h\u00e4r<\/a><\/p>\n<p><strong>\u00c4lgjakt<\/strong><\/p>\n<p>\u00c4lgjakten \u00e4r uppdelad f\u00f6r olika grupper under olika perioder. Exempelvis f\u00f6r nya j\u00e4gare.<\/p>\n<p>Fadderjakt: \u00c4r du nyfiken p\u00e5 jakt eller nybliven j\u00e4gare och vill f\u00f6lja med p\u00e5 jakt?<br \/>\n<a href=\"https:\/\/krets.jagareforbundet.se\/berg\/kontakta-oss\/\">Kontakta ungdomsansvarig!<\/a><\/p>\n<p>Passkarta vigges\u00e5gen<\/p>\n<p><img loading=\"lazy\" decoding=\"async\" class=\"alignleft wp-image-839 \" src=\"https:\/\/krets.jagareforbundet.se\/berg\/files\/2019\/08\/passkartaviggesagen-300x224.jpg\" alt=\"\" width=\"242\" height=\"181\" srcset=\"https:\/\/krets.jagareforbundet.se\/berg\/files\/2019\/08\/passkartaviggesagen-300x224.jpg 300w, https:\/\/krets.jagareforbundet.se\/berg\/files\/2019\/08\/passkartaviggesagen-768x574.jpg 768w, https:\/\/krets.jagareforbundet.se\/berg\/files\/2019\/08\/passkartaviggesagen-1024x765.jpg 1024w\" sizes=\"auto, (max-width: 242px) 100vw, 242px\" \/><\/p>\n<p>&nbsp;<\/p>\n<p>&nbsp;<\/p>\n<p>&nbsp;<\/p>\n<p>&nbsp;<\/p>\n<p>&nbsp;<\/p>\n<p>&nbsp;<\/p>\n\n\t\t<style type=\"text\/css\">\n\t\t\t#gallery-1 {\n\t\t\t\tmargin: auto;\n\t\t\t}\n\t\t\t#gallery-1 .gallery-item {\n\t\t\t\tfloat: left;\n\t\t\t\tmargin-top: 10px;\n\t\t\t\ttext-align: center;\n\t\t\t\twidth: 33%;\n\t\t\t}\n\t\t\t#gallery-1 img {\n\t\t\t\tborder: 2px solid #cfcfcf;\n\t\t\t}\n\t\t\t#gallery-1 .gallery-caption {\n\t\t\t\tmargin-left: 0;\n\t\t\t}\n\t\t\t\/* see gallery_shortcode() in wp-includes\/media.php *\/\n\t\t<\/style>\n\t\t<div id='gallery-1' class='gallery galleryid-214 gallery-columns-3 gallery-size-thumbnail'><dl class='gallery-item'>\n\t\t\t<dt class='gallery-icon landscape'>\n\t\t\t\t<a href='https:\/\/krets.jagareforbundet.se\/berg\/viggesagen\/2011-09-23_13-14-59\/'><img loading=\"lazy\" decoding=\"async\" width=\"150\" height=\"150\" src=\"https:\/\/krets.jagareforbundet.se\/berg\/files\/2013\/04\/2011-09-23_13.14.59-150x150.jpg\" class=\"attachment-thumbnail size-thumbnail\" alt=\"\" \/><\/a>\n\t\t\t<\/dt><\/dl><dl class='gallery-item'>\n\t\t\t<dt class='gallery-icon landscape'>\n\t\t\t\t<a href='https:\/\/krets.jagareforbundet.se\/berg\/viggesagen\/2011-09-23_12-05-50\/'><img loading=\"lazy\" decoding=\"async\" width=\"150\" height=\"150\" src=\"https:\/\/krets.jagareforbundet.se\/berg\/files\/2013\/04\/2011-09-23_12.05.50-150x150.jpg\" class=\"attachment-thumbnail size-thumbnail\" alt=\"\" \/><\/a>\n\t\t\t<\/dt><\/dl><dl class='gallery-item'>\n\t\t\t<dt class='gallery-icon landscape'>\n\t\t\t\t<a href='https:\/\/krets.jagareforbundet.se\/berg\/viggesagen\/2011-09-23_13-11-33\/'><img loading=\"lazy\" decoding=\"async\" width=\"150\" height=\"150\" src=\"https:\/\/krets.jagareforbundet.se\/berg\/files\/2013\/04\/2011-09-23_13.11.33-150x150.jpg\" class=\"attachment-thumbnail size-thumbnail\" alt=\"\" \/><\/a>\n\t\t\t<\/dt><\/dl><br style=\"clear: both\" \/><dl class='gallery-item'>\n\t\t\t<dt class='gallery-icon portrait'>\n\t\t\t\t<a href='https:\/\/krets.jagareforbundet.se\/berg\/viggesagen\/2011-09-23_13-11-48\/'><img loading=\"lazy\" decoding=\"async\" width=\"150\" height=\"150\" src=\"https:\/\/krets.jagareforbundet.se\/berg\/files\/2013\/04\/2011-09-23_13.11.48-150x150.jpg\" class=\"attachment-thumbnail size-thumbnail\" alt=\"\" \/><\/a>\n\t\t\t<\/dt><\/dl><dl class='gallery-item'>\n\t\t\t<dt class='gallery-icon landscape'>\n\t\t\t\t<a href='https:\/\/krets.jagareforbundet.se\/berg\/viggesagen\/2011-09-23_13-25-19\/'><img loading=\"lazy\" decoding=\"async\" width=\"150\" height=\"150\" src=\"https:\/\/krets.jagareforbundet.se\/berg\/files\/2013\/04\/2011-09-23_13.25.19-150x150.jpg\" class=\"attachment-thumbnail size-thumbnail\" alt=\"\" \/><\/a>\n\t\t\t<\/dt><\/dl><dl class='gallery-item'>\n\t\t\t<dt class='gallery-icon landscape'>\n\t\t\t\t<a href='https:\/\/krets.jagareforbundet.se\/berg\/viggesagen\/2011-09-23_13-12-03\/'><img loading=\"lazy\" decoding=\"async\" width=\"150\" height=\"150\" src=\"https:\/\/krets.jagareforbundet.se\/berg\/files\/2013\/04\/2011-09-23_13.12.03-150x150.jpg\" class=\"attachment-thumbnail size-thumbnail\" alt=\"\" \/><\/a>\n\t\t\t<\/dt><\/dl><br style=\"clear: both\" \/><dl class='gallery-item'>\n\t\t\t<dt class='gallery-icon landscape'>\n\t\t\t\t<a href='https:\/\/krets.jagareforbundet.se\/berg\/viggesagen\/2011-09-23_13-12-12\/'><img loading=\"lazy\" decoding=\"async\" width=\"150\" height=\"150\" src=\"https:\/\/krets.jagareforbundet.se\/berg\/files\/2013\/04\/2011-09-23_13.12.12-150x150.jpg\" class=\"attachment-thumbnail size-thumbnail\" alt=\"\" \/><\/a>\n\t\t\t<\/dt><\/dl><dl class='gallery-item'>\n\t\t\t<dt class='gallery-icon landscape'>\n\t\t\t\t<a href='https:\/\/krets.jagareforbundet.se\/berg\/viggesagen\/2011-09-23_13-12-36\/'><img loading=\"lazy\" decoding=\"async\" width=\"150\" height=\"150\" src=\"https:\/\/krets.jagareforbundet.se\/berg\/files\/2013\/04\/2011-09-23_13.12.36-150x150.jpg\" class=\"attachment-thumbnail size-thumbnail\" alt=\"\" \/><\/a>\n\t\t\t<\/dt><\/dl><dl class='gallery-item'>\n\t\t\t<dt class='gallery-icon portrait'>\n\t\t\t\t<a href='https:\/\/krets.jagareforbundet.se\/berg\/viggesagen\/2011-09-23_13-12-45\/'><img loading=\"lazy\" decoding=\"async\" width=\"150\" height=\"150\" src=\"https:\/\/krets.jagareforbundet.se\/berg\/files\/2013\/04\/2011-09-23_13.12.45-150x150.jpg\" class=\"attachment-thumbnail size-thumbnail\" alt=\"\" \/><\/a>\n\t\t\t<\/dt><\/dl><br style=\"clear: both\" \/><dl class='gallery-item'>\n\t\t\t<dt class='gallery-icon portrait'>\n\t\t\t\t<a href='https:\/\/krets.jagareforbundet.se\/berg\/viggesagen\/2011-09-23_13-13-06\/'><img loading=\"lazy\" decoding=\"async\" width=\"150\" height=\"150\" src=\"https:\/\/krets.jagareforbundet.se\/berg\/files\/2013\/04\/2011-09-23_13.13.06-150x150.jpg\" class=\"attachment-thumbnail size-thumbnail\" alt=\"\" \/><\/a>\n\t\t\t<\/dt><\/dl><dl class='gallery-item'>\n\t\t\t<dt class='gallery-icon landscape'>\n\t\t\t\t<a href='https:\/\/krets.jagareforbundet.se\/berg\/viggesagen\/2011-09-23_13-13-50\/'><img loading=\"lazy\" decoding=\"async\" width=\"150\" height=\"150\" src=\"https:\/\/krets.jagareforbundet.se\/berg\/files\/2013\/04\/2011-09-23_13.13.50-150x150.jpg\" class=\"attachment-thumbnail size-thumbnail\" alt=\"\" \/><\/a>\n\t\t\t<\/dt><\/dl><dl class='gallery-item'>\n\t\t\t<dt class='gallery-icon landscape'>\n\t\t\t\t<a href='https:\/\/krets.jagareforbundet.se\/berg\/viggesagen\/2011-09-23_13-14-14\/'><img loading=\"lazy\" decoding=\"async\" width=\"150\" height=\"150\" src=\"https:\/\/krets.jagareforbundet.se\/berg\/files\/2013\/04\/2011-09-23_13.14.14-150x150.jpg\" class=\"attachment-thumbnail size-thumbnail\" alt=\"\" \/><\/a>\n\t\t\t<\/dt><\/dl><br style=\"clear: both\" \/><dl class='gallery-item'>\n\t\t\t<dt class='gallery-icon landscape'>\n\t\t\t\t<a href='https:\/\/krets.jagareforbundet.se\/berg\/viggesagen\/2011-09-23_13-14-22\/'><img loading=\"lazy\" decoding=\"async\" width=\"150\" height=\"150\" src=\"https:\/\/krets.jagareforbundet.se\/berg\/files\/2013\/04\/2011-09-23_13.14.22-150x150.jpg\" class=\"attachment-thumbnail size-thumbnail\" alt=\"\" \/><\/a>\n\t\t\t<\/dt><\/dl><dl class='gallery-item'>\n\t\t\t<dt class='gallery-icon landscape'>\n\t\t\t\t<a href='https:\/\/krets.jagareforbundet.se\/berg\/viggesagen\/2011-09-23_13-14-31\/'><img loading=\"lazy\" decoding=\"async\" width=\"150\" height=\"150\" src=\"https:\/\/krets.jagareforbundet.se\/berg\/files\/2013\/04\/2011-09-23_13.14.31-150x150.jpg\" class=\"attachment-thumbnail size-thumbnail\" alt=\"\" \/><\/a>\n\t\t\t<\/dt><\/dl><dl class='gallery-item'>\n\t\t\t<dt class='gallery-icon landscape'>\n\t\t\t\t<a href='https:\/\/krets.jagareforbundet.se\/berg\/viggesagen\/2011-09-23_13-11-57\/'><img loading=\"lazy\" decoding=\"async\" width=\"150\" height=\"150\" src=\"https:\/\/krets.jagareforbundet.se\/berg\/files\/2013\/04\/2011-09-23_13.11.57-150x150.jpg\" class=\"attachment-thumbnail size-thumbnail\" alt=\"\" \/><\/a>\n\t\t\t<\/dt><\/dl><br style=\"clear: both\" \/>\n\t\t<\/div>\n\n<p>&nbsp;<\/p>\n","protected":false},"excerpt":{"rendered":"<p>&nbsp; &nbsp; &nbsp; &nbsp; &nbsp; &nbsp; &nbsp; &nbsp; Vigges\u00e5gen Bergs jaktv\u00e5rdskrets arrenderar sedan n\u00e5gra \u00e5r tillbaka ca 3000 ha jaktmark av Bergs kommun. Till jaktmarken finns en anl\u00e4ggning som m\u00f6jligg\u00f6r \u00f6vernattning f\u00f6r 10-talet g\u00e4ster.F\u00f6reningen erbjuder nya j\u00e4gare och medlemmar m\u00f6jlighet att jaga b\u00e5de sm\u00e5vilt och \u00e4lg och \u00e4ven fiske. Vigges\u00e5gen &#8211; Utbildning \u00a0H\u00e4r samarbetar\u00a0vi med [&hellip;]<\/p>\n","protected":false},"author":79,"featured_media":0,"parent":0,"menu_order":9,"comment_status":"open","ping_status":"open","template":"","meta":{"footnotes":""},"class_list":["post-214","page","type-page","status-publish","hentry"],"_links":{"self":[{"href":"https:\/\/krets.jagareforbundet.se\/berg\/wp-json\/wp\/v2\/pages\/214","targetHints":{"allow":["GET"]}}],"collection":[{"href":"https:\/\/krets.jagareforbundet.se\/berg\/wp-json\/wp\/v2\/pages"}],"about":[{"href":"https:\/\/krets.jagareforbundet.se\/berg\/wp-json\/wp\/v2\/types\/page"}],"author":[{"embeddable":true,"href":"https:\/\/krets.jagareforbundet.se\/berg\/wp-json\/wp\/v2\/users\/79"}],"replies":[{"embeddable":true,"href":"https:\/\/krets.jagareforbundet.se\/berg\/wp-json\/wp\/v2\/comments?post=214"}],"version-history":[{"count":3,"href":"https:\/\/krets.jagareforbundet.se\/berg\/wp-json\/wp\/v2\/pages\/214\/revisions"}],"predecessor-version":[{"id":1257,"href":"https:\/\/krets.jagareforbundet.se\/berg\/wp-json\/wp\/v2\/pages\/214\/revisions\/1257"}],"wp:attachment":[{"href":"https:\/\/krets.jagareforbundet.se\/berg\/wp-json\/wp\/v2\/media?parent=214"}],"curies":[{"name":"wp","href":"https:\/\/api.w.org\/{rel}","templated":true}]}}