{"id":240,"date":"2013-04-07T09:29:24","date_gmt":"2013-04-07T07:29:24","guid":{"rendered":"https:\/\/krets.jagareforbundet.se\/berg\/?page_id=240"},"modified":"2022-07-22T21:27:51","modified_gmt":"2022-07-22T19:27:51","slug":"utbildning","status":"publish","type":"page","link":"https:\/\/krets.jagareforbundet.se\/berg\/utbildning\/","title":{"rendered":"Utbildning"},"content":{"rendered":"<p>&nbsp;<\/p>\n<p><a href=\"https:\/\/krets.jagareforbundet.se\/berg\/files\/2013\/04\/12090061.jpg\"><img loading=\"lazy\" decoding=\"async\" class=\"size-medium wp-image-241 \" title=\"Studiefr\u00e4mjandet och J\u00e4garef\u00f6rbundet i samarbete\" src=\"https:\/\/krets.jagareforbundet.se\/berg\/files\/2013\/04\/12090061-300x168.jpg\" alt=\"\" width=\"300\" height=\"168\" srcset=\"https:\/\/krets.jagareforbundet.se\/berg\/files\/2013\/04\/12090061-300x168.jpg 300w, https:\/\/krets.jagareforbundet.se\/berg\/files\/2013\/04\/12090061-1024x576.jpg 1024w\" sizes=\"auto, (max-width: 300px) 100vw, 300px\" \/><\/a><\/p>\n<p>J\u00e4garexamen, skyttekurser, r\u00e4vsnarningskurs, lockjakt p\u00e5 r\u00e4v, hunddressyr, efters\u00f6k p\u00e5 kl\u00f6vvilt \u00e4r n\u00e5gra kurser\/cirklar man kan deltaga i f\u00f6r att f\u00e5 gedigen kunskap av engagerade och utbildade kursledare\/instrukt\u00f6rer.<\/p>\n<p>Inom kretsen kan du v\u00e4nda dig till <span style=\"color: #0000ff\"><a style=\"color: #0000ff\" href=\"https:\/\/m.facebook.com\/niosjakt\/\">NI\u00d6S Jakt &amp; Skytte\u00a0<\/a><\/span>och till <span style=\"color: #0000ff\"><a style=\"color: #0000ff\" href=\"http:\/\/www.akejhund.se\">www.akejhund.se<\/a>\u00a0<\/span><span style=\"color: #000000\">om du \u00e4r intresserad av n\u00e5got av ovan n\u00e4mnda \u00e4mnen.\u00a0<\/span><\/p>\n<p>P\u00e5 v\u00e5r l\u00e4nsjaktv\u00e5rdsf\u00f6rening Mitt Norrlands hemsida hittar du ocks\u00e5 ett stort utbud av bra kurser som finns i v\u00e5rt omr\u00e5de. Klicka <span style=\"color: #0000ff\"><a style=\"color: #0000ff\" href=\"https:\/\/jagareforbundet.se\/norr\/vasternorrlands-lan\/jagareforbundet-mitt-norrland\/verksamhet\/utbildning\/\">h\u00e4r .<\/a><\/span><\/p>\n<p>&nbsp;<\/p>\n<p>&nbsp;<\/p>\n<p>&nbsp;<\/p>\n","protected":false},"excerpt":{"rendered":"<p>&nbsp; J\u00e4garexamen, skyttekurser, r\u00e4vsnarningskurs, lockjakt p\u00e5 r\u00e4v, hunddressyr, efters\u00f6k p\u00e5 kl\u00f6vvilt \u00e4r n\u00e5gra kurser\/cirklar man kan deltaga i f\u00f6r att f\u00e5 gedigen kunskap av engagerade och utbildade kursledare\/instrukt\u00f6rer. Inom kretsen kan du v\u00e4nda dig till NI\u00d6S Jakt &amp; Skytte\u00a0och till www.akejhund.se\u00a0om du \u00e4r intresserad av n\u00e5got av ovan n\u00e4mnda \u00e4mnen.\u00a0 P\u00e5 v\u00e5r l\u00e4nsjaktv\u00e5rdsf\u00f6rening Mitt Norrlands [&hellip;]<\/p>\n","protected":false},"author":79,"featured_media":0,"parent":0,"menu_order":11,"comment_status":"open","ping_status":"open","template":"","meta":{"footnotes":""},"class_list":["post-240","page","type-page","status-publish","hentry"],"_links":{"self":[{"href":"https:\/\/krets.jagareforbundet.se\/berg\/wp-json\/wp\/v2\/pages\/240","targetHints":{"allow":["GET"]}}],"collection":[{"href":"https:\/\/krets.jagareforbundet.se\/berg\/wp-json\/wp\/v2\/pages"}],"about":[{"href":"https:\/\/krets.jagareforbundet.se\/berg\/wp-json\/wp\/v2\/types\/page"}],"author":[{"embeddable":true,"href":"https:\/\/krets.jagareforbundet.se\/berg\/wp-json\/wp\/v2\/users\/79"}],"replies":[{"embeddable":true,"href":"https:\/\/krets.jagareforbundet.se\/berg\/wp-json\/wp\/v2\/comments?post=240"}],"version-history":[{"count":3,"href":"https:\/\/krets.jagareforbundet.se\/berg\/wp-json\/wp\/v2\/pages\/240\/revisions"}],"predecessor-version":[{"id":941,"href":"https:\/\/krets.jagareforbundet.se\/berg\/wp-json\/wp\/v2\/pages\/240\/revisions\/941"}],"wp:attachment":[{"href":"https:\/\/krets.jagareforbundet.se\/berg\/wp-json\/wp\/v2\/media?parent=240"}],"curies":[{"name":"wp","href":"https:\/\/api.w.org\/{rel}","templated":true}]}}