{"id":28,"date":"2011-09-09T08:06:13","date_gmt":"2011-09-09T08:06:13","guid":{"rendered":"https:\/\/krets.jagareforbundet.se\/template\/?page_id=28"},"modified":"2026-03-13T20:57:59","modified_gmt":"2026-03-13T19:57:59","slug":"kontakta-oss","status":"publish","type":"page","link":"https:\/\/krets.jagareforbundet.se\/berg\/kontakta-oss\/","title":{"rendered":"Kontakta oss"},"content":{"rendered":"<p>H\u00e4r hittar du gruppen m\u00e4nniskor som av medlemmarna blivit utvald p\u00e5 jaktv\u00e5rdskretsens \u00e5rsst\u00e4mma till styrelsen. Engagerade personer som inom olika omr\u00e5den och p\u00e5 olika s\u00e4tt jobbar f\u00f6r jaktens och viltets bevarande n\u00e4ra dig som medlem i J\u00e4garef\u00f6rbundet och boende i Berg.<\/p>\n<p>Kontakta oss om du undrar om utbildningar, rovdjur, ungdomsverksamhet, skytte, JAQT, vart man kan jaga, m.m<\/p>\n<p><span style=\"color: #008000\"><strong>Ordf\u00f6rande, Efters\u00f6ksansvarig<\/strong><\/span><\/p>\n<p>Eddie Gabrielsson<br \/>\n070-254 10 18<br \/>\n<a href=\"mailto:eddie.gabrielsson@gmail.com\"><span style=\"color: #0000ff\">eddie.gabrielsson@gmail.com<\/span><\/a><\/p>\n<p><span style=\"color: #008000\"><strong>Ledamot, Vice ordf\u00f6rande<\/strong><\/span><\/p>\n<p>Karl-\u00c5ke Martinsson<br \/>\n070-346 69 64<br \/>\n<a href=\"mailto:viggehem@gmail.com\"><span style=\"color: #0000ff\">viggehem@gmail.com<\/span><\/a><\/p>\n<p><span style=\"color: #008000\"><strong>Kass\u00f6r\u00a0<\/strong><\/span><\/p>\n<p>Carina Karlsson (adjungerad)<br \/>\n073-834 06 71<br \/>\n<a href=\"mailto:carinaiviken@gmail.com\"><span style=\"color: #0000ff\">carinaiviken@gmail.com<\/span><\/a><\/p>\n<p><span style=\"color: #008000\"><strong>Ledamot, Sekreterare, JAQT ansvarig<\/strong><\/span><\/p>\n<p>Jessica Renner<br \/>\n070-298 21 30<br \/>\n<a href=\"mailto:jesserenner69@gmail.com\"><span style=\"color: #0000ff\">jesserenner69@gmail.com<\/span><\/a><\/p>\n<p><span style=\"color: #008000\"><strong>Ledamot, Medlems- Hund- och Utbildningsansvarig\u00a0<\/strong><\/span><\/p>\n<p>Anna-Karin Einebrant Johansson<br \/>\n070-397 93 63<br \/>\n<a href=\"mailto:info@akejhund.se\"><span style=\"color: #0000ff\">info@akejhund.se<\/span><\/a><\/p>\n<p><span style=\"color: #008000\"><strong>Ledamot, Bokningsansvarig jakt p\u00e5 Vigges\u00e5gen<\/strong><\/span><\/p>\n<p>Sven-Gunnar Sivertsson<br \/>\n070-583 51 48<br \/>\n<a href=\"mailto:sveng.sivertsson@outlook.com\"><span style=\"color: #0000ff\">sveng.sivertsson@outlook.com<\/span><\/a><\/p>\n<p><span style=\"color: #008000\"><strong>Ledamot, Jakts<\/strong><\/span><strong style=\"color: #008000\">kytte-, Rovvilt-, Byggnadsansvarig<\/strong><\/p>\n<p>Niklas \u00d6st<br \/>\n070-645 13 35<br \/>\n<a href=\"mailto:nicke.ost@gmail.com\"><span style=\"color: #0000ff\"><span style=\"color: #0000ff\">nicke.ost@gmail.com<\/span><\/span><\/a><\/p>\n<p><span style=\"color: #008000\"><strong>Ledamot, Webbansvarig<\/strong><\/span><\/p>\n<p>Maria Kling<br \/>\n070-263 09 32<br \/>\n<a href=\"mailto:mariakling84@gmail.com\"><span style=\"color: #0000ff\">mariakling84@gmail.com<\/span><\/a><\/p>\n<p><span style=\"color: #008000\"><strong>Suppleant, Nya J\u00e4gare och Ungdomsansvarig<\/strong><\/span><\/p>\n<p>Anton \u00d6st<br \/>\n072- 218 34 99<\/p>\n<p><span style=\"color: #008000\"><strong>Suppleant, Nya J\u00e4gare och Ungdomsansvarig<\/strong><\/span><\/p>\n<p>Eva Wallander<br \/>\n070-273 30 06<\/p>\n<p><span style=\"color: #008000\"><strong>Suppleant, Byggansvarig<\/strong><\/span><\/p>\n<p>Rickard Olausson<br \/>\n070-235 25 41<\/p>\n<p><strong style=\"color: #008000\">Suppleant<\/strong><\/p>\n<p>J\u00f6ns-\u00c5ke Wik\u00e9n<br \/>\n070-583 40 44<\/p>\n<p>&nbsp;<\/p>\n<p><strong>J\u00e4garef\u00f6rbundet Bergs Jvk,<\/strong><\/p>\n<p>Swishnummer: 123 290 30 45<\/p>\n<p>anv\u00e4nds vid ex betalning av sm\u00e5viltsjakt.<\/p>\n<p>&nbsp;<\/p>\n<p>F\u00f6r att bli medlem i J\u00e4garef\u00f6rbundet l\u00e4ser du <a href=\"https:\/\/jagareforbundet.se\/medlem\/Medlemskap\/\">h\u00e4r<\/a><\/p>\n<p>&nbsp;<\/p>\n<p>&nbsp;<\/p>\n<p>&nbsp;<\/p>\n<p>&nbsp;<\/p>\n<p>&nbsp;<\/p>\n<p>&nbsp;<\/p>\n","protected":false},"excerpt":{"rendered":"<p>H\u00e4r hittar du gruppen m\u00e4nniskor som av medlemmarna blivit utvald p\u00e5 jaktv\u00e5rdskretsens \u00e5rsst\u00e4mma till styrelsen. Engagerade personer som inom olika omr\u00e5den och p\u00e5 olika s\u00e4tt jobbar f\u00f6r jaktens och viltets bevarande n\u00e4ra dig som medlem i J\u00e4garef\u00f6rbundet och boende i Berg. Kontakta oss om du undrar om utbildningar, rovdjur, ungdomsverksamhet, skytte, JAQT, vart man kan [&hellip;]<\/p>\n","protected":false},"author":3,"featured_media":0,"parent":0,"menu_order":2,"comment_status":"open","ping_status":"open","template":"template-contact.php","meta":{"footnotes":""},"class_list":["post-28","page","type-page","status-publish","hentry"],"_links":{"self":[{"href":"https:\/\/krets.jagareforbundet.se\/berg\/wp-json\/wp\/v2\/pages\/28","targetHints":{"allow":["GET"]}}],"collection":[{"href":"https:\/\/krets.jagareforbundet.se\/berg\/wp-json\/wp\/v2\/pages"}],"about":[{"href":"https:\/\/krets.jagareforbundet.se\/berg\/wp-json\/wp\/v2\/types\/page"}],"author":[{"embeddable":true,"href":"https:\/\/krets.jagareforbundet.se\/berg\/wp-json\/wp\/v2\/users\/3"}],"replies":[{"embeddable":true,"href":"https:\/\/krets.jagareforbundet.se\/berg\/wp-json\/wp\/v2\/comments?post=28"}],"version-history":[{"count":3,"href":"https:\/\/krets.jagareforbundet.se\/berg\/wp-json\/wp\/v2\/pages\/28\/revisions"}],"predecessor-version":[{"id":1253,"href":"https:\/\/krets.jagareforbundet.se\/berg\/wp-json\/wp\/v2\/pages\/28\/revisions\/1253"}],"wp:attachment":[{"href":"https:\/\/krets.jagareforbundet.se\/berg\/wp-json\/wp\/v2\/media?parent=28"}],"curies":[{"name":"wp","href":"https:\/\/api.w.org\/{rel}","templated":true}]}}