{"id":329,"date":"2013-05-22T22:11:23","date_gmt":"2013-05-22T20:11:23","guid":{"rendered":"https:\/\/krets.jagareforbundet.se\/berg\/?page_id=329"},"modified":"2018-08-10T09:42:50","modified_gmt":"2018-08-10T07:42:50","slug":"bildgalleri","status":"publish","type":"page","link":"https:\/\/krets.jagareforbundet.se\/berg\/bildgalleri\/","title":{"rendered":"Bildgalleri"},"content":{"rendered":"<p>H\u00e4r kommer bilder fr\u00e5n kretsens aktiviter att finnas<br \/>\nDu ser de olika gallerierna till h\u00f6ger<\/p>\n","protected":false},"excerpt":{"rendered":"<p>H\u00e4r kommer bilder fr\u00e5n kretsens aktiviter att finnas Du ser de olika gallerierna till h\u00f6ger<\/p>\n","protected":false},"author":79,"featured_media":0,"parent":0,"menu_order":10,"comment_status":"open","ping_status":"open","template":"","meta":{"footnotes":""},"class_list":["post-329","page","type-page","status-publish","hentry"],"_links":{"self":[{"href":"https:\/\/krets.jagareforbundet.se\/berg\/wp-json\/wp\/v2\/pages\/329","targetHints":{"allow":["GET"]}}],"collection":[{"href":"https:\/\/krets.jagareforbundet.se\/berg\/wp-json\/wp\/v2\/pages"}],"about":[{"href":"https:\/\/krets.jagareforbundet.se\/berg\/wp-json\/wp\/v2\/types\/page"}],"author":[{"embeddable":true,"href":"https:\/\/krets.jagareforbundet.se\/berg\/wp-json\/wp\/v2\/users\/79"}],"replies":[{"embeddable":true,"href":"https:\/\/krets.jagareforbundet.se\/berg\/wp-json\/wp\/v2\/comments?post=329"}],"version-history":[{"count":0,"href":"https:\/\/krets.jagareforbundet.se\/berg\/wp-json\/wp\/v2\/pages\/329\/revisions"}],"wp:attachment":[{"href":"https:\/\/krets.jagareforbundet.se\/berg\/wp-json\/wp\/v2\/media?parent=329"}],"curies":[{"name":"wp","href":"https:\/\/api.w.org\/{rel}","templated":true}]}}