{"id":41,"date":"2011-09-09T08:17:14","date_gmt":"2011-09-09T08:17:14","guid":{"rendered":"https:\/\/krets.jagareforbundet.se\/template\/?page_id=41"},"modified":"2026-03-13T19:57:11","modified_gmt":"2026-03-13T18:57:11","slug":"dokument","status":"publish","type":"page","link":"https:\/\/krets.jagareforbundet.se\/berg\/dokument\/","title":{"rendered":"Dokument"},"content":{"rendered":"<p><img loading=\"lazy\" decoding=\"async\" class=\"alignright size-medium wp-image-584\" src=\"https:\/\/krets.jagareforbundet.se\/berg\/files\/2014\/01\/documents-257x300.jpg\" alt=\"documents\" width=\"257\" height=\"300\" srcset=\"https:\/\/krets.jagareforbundet.se\/berg\/files\/2014\/01\/documents-257x300.jpg 257w, https:\/\/krets.jagareforbundet.se\/berg\/files\/2014\/01\/documents.jpg 321w\" sizes=\"auto, (max-width: 257px) 100vw, 257px\" \/>Stadgar f\u00f6r <a href=\"https:\/\/krets.jagareforbundet.se\/berg\/files\/2026\/02\/Stadgar-Jagareforbundet-Bergs-JVK-130210.pdf\">J\u00e4garef\u00f6rbundet<\/a> Berg jaktvardskrets<\/p>\n<h3>\u00c5rsm\u00f6tesprotokoll<\/h3>\n<p><a href=\"https:\/\/krets.jagareforbundet.se\/berg\/files\/2026\/03\/Arsmote-2026.pdf\">Protokoll \u00c5rsm\u00f6te 2026<\/a><\/p>\n<p><a href=\"https:\/\/krets.jagareforbundet.se\/berg\/files\/2025\/03\/Arsmote-Bergs-JVK-250223.pdf\">Protokoll \u00c5rsm\u00f6te 2025<\/a><\/p>\n<p><a href=\"https:\/\/krets.jagareforbundet.se\/berg\/files\/2024\/03\/Arsmotesprotokoll-2024.pdf\">Protokoll \u00c5rsm\u00f6te 2024<\/a><\/p>\n<p><a href=\"https:\/\/krets.jagareforbundet.se\/berg\/files\/2023\/07\/Protokoll-Arsmote-2023.jpg\">Protokoll \u00c5rsm\u00f6te 2023<\/a><\/p>\n<p><a href=\"https:\/\/krets.jagareforbundet.se\/berg\/files\/2022\/03\/Protokoll-Arsmote-2020.pdf\">Protokoll \u00c5rsm\u00f6te 2022<\/a><br \/>\n<a href=\"https:\/\/krets.jagareforbundet.se\/berg\/files\/2022\/04\/Protokoll-Arsmote-2021.pdf\">Protokoll \u00c5rsm\u00f6te 2021<\/a><br \/>\n<a href=\"https:\/\/krets.jagareforbundet.se\/berg\/files\/2022\/03\/Protokoll-Arsmote-2020-1.pdf\">Protokoll \u00c5rsm\u00f6te 2020<\/a><br \/>\n<a href=\"https:\/\/krets.jagareforbundet.se\/berg\/files\/2021\/08\/Arsmotesprotokoll-2019.pdf\">Protokoll \u00c5rsm\u00f6te 2019<\/a><br \/>\n<a href=\"https:\/\/krets.jagareforbundet.se\/berg\/files\/2018\/05\/protokoll-arsmote-2018.pdf\">Protokoll \u00c5rsm\u00f6te 2018<\/a><br \/>\n<a href=\"https:\/\/krets.jagareforbundet.se\/berg\/files\/2018\/05\/protokoll-arsmote-2017.docx\">Protokoll \u00c5rsm\u00f6te 2017<\/a><br \/>\n<a href=\"https:\/\/krets.jagareforbundet.se\/berg\/files\/2011\/09\/protokoll-vid-arsmote-2016.pdf\">Protokoll \u00c5rsm\u00f6te 2016<\/a><br \/>\n<a href=\"https:\/\/krets.jagareforbundet.se\/berg\/files\/2011\/09\/Protokoll-\u00c5rsm\u00f6te-2015-02-08.pdf\">Protokoll \u00c5rsm\u00f6te 2015<\/a><a href=\"https:\/\/krets.jagareforbundet.se\/berg\/files\/2011\/09\/Protokoll-vid-\u00c5rsm\u00f6te-2014-02-09.pdf\"><br \/>\nProtokoll \u00c5rsm\u00f6te 2014<\/a><br \/>\n<a href=\"https:\/\/krets.jagareforbundet.se\/berg\/files\/2011\/09\/Protokoll-\u00c5rsm\u00f6te-2013.pdf\">Protokoll \u00c5rsm\u00f6te 2013<\/a><br \/>\n<a href=\"https:\/\/krets.jagareforbundet.se\/berg\/files\/2013\/04\/Protokoll-\u00c5rsm\u00f6te-2012.pdf\">Protokoll \u00c5rsm\u00f6te 2012<\/a><br \/>\n<a href=\"https:\/\/krets.jagareforbundet.se\/berg\/files\/2011\/09\/Protokoll-\u00c5rsm\u00f6te-2011.pdf\">Protokoll \u00c5rsm\u00f6te 2011<\/a><\/p>\n","protected":false},"excerpt":{"rendered":"<p>Stadgar f\u00f6r J\u00e4garef\u00f6rbundet Berg jaktvardskrets \u00c5rsm\u00f6tesprotokoll Protokoll \u00c5rsm\u00f6te 2026 Protokoll \u00c5rsm\u00f6te 2025 Protokoll \u00c5rsm\u00f6te 2024 Protokoll \u00c5rsm\u00f6te 2023 Protokoll \u00c5rsm\u00f6te 2022 Protokoll \u00c5rsm\u00f6te 2021 Protokoll \u00c5rsm\u00f6te 2020 Protokoll \u00c5rsm\u00f6te 2019 Protokoll \u00c5rsm\u00f6te 2018 Protokoll \u00c5rsm\u00f6te 2017 Protokoll \u00c5rsm\u00f6te 2016 Protokoll \u00c5rsm\u00f6te 2015 Protokoll \u00c5rsm\u00f6te 2014 Protokoll \u00c5rsm\u00f6te 2013 Protokoll \u00c5rsm\u00f6te 2012 Protokoll \u00c5rsm\u00f6te 2011<\/p>\n","protected":false},"author":3,"featured_media":0,"parent":0,"menu_order":99,"comment_status":"open","ping_status":"open","template":"","meta":{"footnotes":""},"class_list":["post-41","page","type-page","status-publish","hentry"],"_links":{"self":[{"href":"https:\/\/krets.jagareforbundet.se\/berg\/wp-json\/wp\/v2\/pages\/41","targetHints":{"allow":["GET"]}}],"collection":[{"href":"https:\/\/krets.jagareforbundet.se\/berg\/wp-json\/wp\/v2\/pages"}],"about":[{"href":"https:\/\/krets.jagareforbundet.se\/berg\/wp-json\/wp\/v2\/types\/page"}],"author":[{"embeddable":true,"href":"https:\/\/krets.jagareforbundet.se\/berg\/wp-json\/wp\/v2\/users\/3"}],"replies":[{"embeddable":true,"href":"https:\/\/krets.jagareforbundet.se\/berg\/wp-json\/wp\/v2\/comments?post=41"}],"version-history":[{"count":3,"href":"https:\/\/krets.jagareforbundet.se\/berg\/wp-json\/wp\/v2\/pages\/41\/revisions"}],"predecessor-version":[{"id":1247,"href":"https:\/\/krets.jagareforbundet.se\/berg\/wp-json\/wp\/v2\/pages\/41\/revisions\/1247"}],"wp:attachment":[{"href":"https:\/\/krets.jagareforbundet.se\/berg\/wp-json\/wp\/v2\/media?parent=41"}],"curies":[{"name":"wp","href":"https:\/\/api.w.org\/{rel}","templated":true}]}}