{"id":463,"date":"2013-07-03T11:36:36","date_gmt":"2013-07-03T09:36:36","guid":{"rendered":"https:\/\/krets.jagareforbundet.se\/berg\/?page_id=463"},"modified":"2013-07-03T11:36:58","modified_gmt":"2013-07-03T09:36:58","slug":"det-kom-ett-brev","status":"publish","type":"page","link":"https:\/\/krets.jagareforbundet.se\/berg\/viggesagen\/det-kom-ett-brev\/","title":{"rendered":"Det kom ett brev"},"content":{"rendered":"<p>Efter att arrenderat ut marken till ett g\u00e4ng glada m\u00e4nniskor damp detta brev ner i mailboxen:<\/p>\n<p>Vi \u00e4r ett g\u00e4ng j\u00e4gare fr\u00e5n s\u00f6dra Sverige de flesta fr\u00e5n Trollh\u00e4tte- omr\u00e5det, en kommer fr\u00e5n L\u00f6ddek\u00f6pinge i Sk\u00e5ne, som fick m\u00f6jligheten att jaga p\u00e5 Vigges\u00e5gen. I slutet p\u00e5 juni var jaktlaget fullt, s\u00e5 nu kunde f\u00f6rberedelserna b\u00f6rja. Andra veckan i september skulle jakten g\u00e5 av stapeln. Vi b\u00f6rjade v\u00e5r resa klockan 8.oo l\u00f6rdagen 8 september. Och anl\u00e4nde till Vigges\u00e5gen runt femtiden p\u00e5 eftermiddagen. Vi blev v\u00e4l mottagna av Daniel, och senare \u00e4ven av Niklas och Sven-Gunnar som visade hur saker och ting fungerade. V\u00e4l installerade i stugan som h\u00e5ller en h\u00f6g standard, var det dags att prova bastun, H\u00e4ftig upplevelse med bastu, b\u00e4ck och dusch mitt i skogen. Imponerande var duschen med varmvatten som fungerade perfekt 10 snygga killar som luktade gott i en hel vecka. Vi lagade gemensam mat i 6 dagar (3m\u00e5l om dagen) detta fungerade ocks\u00e5 alldeles utm\u00e4rk, k\u00f6ket och utrustningen h\u00e5ller en h\u00f6g klass, fint porslin bra glas , grytor i alla storlekar och en gasspis i b\u00e4sta skick med ugn gjorde att matlagningen blev till ett n\u00f6je. Men \u00e5terigen gasolv\u00e4rmen till vattnet en hit som gjorde det l\u00e4tt som en pl\u00e4tt att diska. Att sedan Jaktv\u00e4rdarna visade ett stort engagemang i hela vistelsen var gr\u00e4dden p\u00e5 moset. Toppen!<\/p>\n<p>Men hur gick jakten d\u00e5? N\u00e4r man skall jaga p\u00e5 en helt ny mark s\u00e5 \u00e4r det ju normalt sett sv\u00e5rt med kartor och pass m.m. men icke h\u00e4r kartor med gr\u00e4nser och pass gjorde jakten s\u00e4ker och trevlig. F\u00f6r att kunna ladda all teknisk apparatur som anv\u00e4nds i dagens moderna jakt finns ett diesel elverk \u00e4ven detta i h\u00f6gsta fr\u00e4sch\u00f6r. V\u00e4larronderade marker med ett v\u00e4der som visade sig fr\u00e5n sin b\u00e4sta sida gjorde \u00e4ven den jaktliga delen till ett n\u00f6je. Vi hade kontakt med \u00e4lg varje dag och s\u00e5g \u00e4lg. \u00c4lgarna d\u00e4remot var inte s\u00e5 samarbetsvilliga sprang l\u00e4tt i myrar och planteringar, men tv\u00e5 fjolingar valde fel v\u00e4g och blev f\u00e4llda. Det \u00e4r bara gratulera till en fantastisk anl\u00e4ggning och en kanon verksamhet.<br \/>\nKaiza E Olsson.<\/p>\n","protected":false},"excerpt":{"rendered":"<p>Efter att arrenderat ut marken till ett g\u00e4ng glada m\u00e4nniskor damp detta brev ner i mailboxen: Vi \u00e4r ett g\u00e4ng j\u00e4gare fr\u00e5n s\u00f6dra Sverige de flesta fr\u00e5n Trollh\u00e4tte- omr\u00e5det, en kommer fr\u00e5n L\u00f6ddek\u00f6pinge i Sk\u00e5ne, som fick m\u00f6jligheten att jaga p\u00e5 Vigges\u00e5gen. I slutet p\u00e5 juni var jaktlaget fullt, s\u00e5 nu kunde f\u00f6rberedelserna b\u00f6rja. Andra [&hellip;]<\/p>\n","protected":false},"author":79,"featured_media":0,"parent":214,"menu_order":0,"comment_status":"open","ping_status":"open","template":"","meta":{"footnotes":""},"class_list":["post-463","page","type-page","status-publish","hentry"],"_links":{"self":[{"href":"https:\/\/krets.jagareforbundet.se\/berg\/wp-json\/wp\/v2\/pages\/463","targetHints":{"allow":["GET"]}}],"collection":[{"href":"https:\/\/krets.jagareforbundet.se\/berg\/wp-json\/wp\/v2\/pages"}],"about":[{"href":"https:\/\/krets.jagareforbundet.se\/berg\/wp-json\/wp\/v2\/types\/page"}],"author":[{"embeddable":true,"href":"https:\/\/krets.jagareforbundet.se\/berg\/wp-json\/wp\/v2\/users\/79"}],"replies":[{"embeddable":true,"href":"https:\/\/krets.jagareforbundet.se\/berg\/wp-json\/wp\/v2\/comments?post=463"}],"version-history":[{"count":0,"href":"https:\/\/krets.jagareforbundet.se\/berg\/wp-json\/wp\/v2\/pages\/463\/revisions"}],"up":[{"embeddable":true,"href":"https:\/\/krets.jagareforbundet.se\/berg\/wp-json\/wp\/v2\/pages\/214"}],"wp:attachment":[{"href":"https:\/\/krets.jagareforbundet.se\/berg\/wp-json\/wp\/v2\/media?parent=463"}],"curies":[{"name":"wp","href":"https:\/\/api.w.org\/{rel}","templated":true}]}}