{"id":497,"date":"2013-08-02T00:15:04","date_gmt":"2013-08-01T22:15:04","guid":{"rendered":"https:\/\/krets.jagareforbundet.se\/berg\/?page_id=497"},"modified":"2025-07-29T19:57:13","modified_gmt":"2025-07-29T17:57:13","slug":"asarna-jsk","status":"publish","type":"page","link":"https:\/\/krets.jagareforbundet.se\/berg\/jaktskytte\/asarna-jsk\/","title":{"rendered":"\u00c5sarna JSK"},"content":{"rendered":"<p><small>Visa <a style=\"color: #0000ff;text-align: left\" href=\"https:\/\/maps.google.se\/maps\/ms?msa=0&amp;msid=203168056014828595993.0004a559d030e59174b82&amp;ie=UTF8&amp;t=h&amp;ll=62.632823,14.379086&amp;spn=0.003452,0.00912&amp;z=16&amp;source=embed\">\u00c5sarna Jaktskytteklubb<\/a> p\u00e5 en st\u00f6rre karta<\/small><\/p>\n<p>V.31 &#8211; 35<\/p>\n<p><em>\u00c4lgbaneskytte<\/em> tisdagar och fredagar\u00a018:00 &#8211; 20:00<\/p>\n<p><em>Bj\u00f6rnskytte<\/em> onsdagar 18:00 &#8211; 20:00<\/p>\n<p>KM i \u00c4lgbaneskytte v 32<\/p>\n<p>M\u00f6jligt att boka banan finns.<\/p>\n<p>Kontaktperson: Robert Olausson 073-070 90 43<\/p>\n","protected":false},"excerpt":{"rendered":"<p>Visa \u00c5sarna Jaktskytteklubb p\u00e5 en st\u00f6rre karta V.31 &#8211; 35 \u00c4lgbaneskytte tisdagar och fredagar\u00a018:00 &#8211; 20:00 Bj\u00f6rnskytte onsdagar 18:00 &#8211; 20:00 KM i \u00c4lgbaneskytte v 32 M\u00f6jligt att boka banan finns. Kontaktperson: Robert Olausson 073-070 90 43<\/p>\n","protected":false},"author":79,"featured_media":0,"parent":194,"menu_order":0,"comment_status":"open","ping_status":"open","template":"","meta":{"footnotes":""},"class_list":["post-497","page","type-page","status-publish","hentry"],"_links":{"self":[{"href":"https:\/\/krets.jagareforbundet.se\/berg\/wp-json\/wp\/v2\/pages\/497","targetHints":{"allow":["GET"]}}],"collection":[{"href":"https:\/\/krets.jagareforbundet.se\/berg\/wp-json\/wp\/v2\/pages"}],"about":[{"href":"https:\/\/krets.jagareforbundet.se\/berg\/wp-json\/wp\/v2\/types\/page"}],"author":[{"embeddable":true,"href":"https:\/\/krets.jagareforbundet.se\/berg\/wp-json\/wp\/v2\/users\/79"}],"replies":[{"embeddable":true,"href":"https:\/\/krets.jagareforbundet.se\/berg\/wp-json\/wp\/v2\/comments?post=497"}],"version-history":[{"count":3,"href":"https:\/\/krets.jagareforbundet.se\/berg\/wp-json\/wp\/v2\/pages\/497\/revisions"}],"predecessor-version":[{"id":1193,"href":"https:\/\/krets.jagareforbundet.se\/berg\/wp-json\/wp\/v2\/pages\/497\/revisions\/1193"}],"up":[{"embeddable":true,"href":"https:\/\/krets.jagareforbundet.se\/berg\/wp-json\/wp\/v2\/pages\/194"}],"wp:attachment":[{"href":"https:\/\/krets.jagareforbundet.se\/berg\/wp-json\/wp\/v2\/media?parent=497"}],"curies":[{"name":"wp","href":"https:\/\/api.w.org\/{rel}","templated":true}]}}