{"id":499,"date":"2013-08-02T00:15:56","date_gmt":"2013-08-01T22:15:56","guid":{"rendered":"https:\/\/krets.jagareforbundet.se\/berg\/?page_id=499"},"modified":"2025-07-29T20:11:52","modified_gmt":"2025-07-29T18:11:52","slug":"storsjo","status":"publish","type":"page","link":"https:\/\/krets.jagareforbundet.se\/berg\/jaktskytte\/storsjo\/","title":{"rendered":"Storsj\u00f6 Jaktskyttebana"},"content":{"rendered":"<p>\u00d6ppen torsdagar juli o augusti. Se Facebook f\u00f6r aktuell info<\/p>\n<div id=\"attachment_1167\" style=\"width: 235px\" class=\"wp-caption alignleft\"><a href=\"https:\/\/krets.jagareforbundet.se\/berg\/files\/2025\/04\/Wallenbergska-Gote-Grubb-Storsjo-jsk.jpg\"><img loading=\"lazy\" decoding=\"async\" aria-describedby=\"caption-attachment-1167\" class=\"size-medium wp-image-1167\" src=\"https:\/\/krets.jagareforbundet.se\/berg\/files\/2025\/04\/Wallenbergska-Gote-Grubb-Storsjo-jsk-225x300.jpg\" alt=\"\" width=\"225\" height=\"300\" srcset=\"https:\/\/krets.jagareforbundet.se\/berg\/files\/2025\/04\/Wallenbergska-Gote-Grubb-Storsjo-jsk-225x300.jpg 225w, https:\/\/krets.jagareforbundet.se\/berg\/files\/2025\/04\/Wallenbergska-Gote-Grubb-Storsjo-jsk.jpg 621w\" sizes=\"auto, (max-width: 225px) 100vw, 225px\" \/><\/a><p id=\"caption-attachment-1167\" class=\"wp-caption-text\">G\u00f6te Grubb tar emot pris fr\u00e5n Wallenbergska fonden till Storsj\u00f6 jaktskytteklubb 2025<\/p><\/div>\n","protected":false},"excerpt":{"rendered":"<p>\u00d6ppen torsdagar juli o augusti. Se Facebook f\u00f6r aktuell info<\/p>\n","protected":false},"author":79,"featured_media":0,"parent":194,"menu_order":0,"comment_status":"open","ping_status":"open","template":"","meta":{"footnotes":""},"class_list":["post-499","page","type-page","status-publish","hentry"],"_links":{"self":[{"href":"https:\/\/krets.jagareforbundet.se\/berg\/wp-json\/wp\/v2\/pages\/499","targetHints":{"allow":["GET"]}}],"collection":[{"href":"https:\/\/krets.jagareforbundet.se\/berg\/wp-json\/wp\/v2\/pages"}],"about":[{"href":"https:\/\/krets.jagareforbundet.se\/berg\/wp-json\/wp\/v2\/types\/page"}],"author":[{"embeddable":true,"href":"https:\/\/krets.jagareforbundet.se\/berg\/wp-json\/wp\/v2\/users\/79"}],"replies":[{"embeddable":true,"href":"https:\/\/krets.jagareforbundet.se\/berg\/wp-json\/wp\/v2\/comments?post=499"}],"version-history":[{"count":2,"href":"https:\/\/krets.jagareforbundet.se\/berg\/wp-json\/wp\/v2\/pages\/499\/revisions"}],"predecessor-version":[{"id":1195,"href":"https:\/\/krets.jagareforbundet.se\/berg\/wp-json\/wp\/v2\/pages\/499\/revisions\/1195"}],"up":[{"embeddable":true,"href":"https:\/\/krets.jagareforbundet.se\/berg\/wp-json\/wp\/v2\/pages\/194"}],"wp:attachment":[{"href":"https:\/\/krets.jagareforbundet.se\/berg\/wp-json\/wp\/v2\/media?parent=499"}],"curies":[{"name":"wp","href":"https:\/\/api.w.org\/{rel}","templated":true}]}}