{"id":501,"date":"2013-08-02T00:16:18","date_gmt":"2013-08-01T22:16:18","guid":{"rendered":"https:\/\/krets.jagareforbundet.se\/berg\/?page_id=501"},"modified":"2025-07-29T20:03:26","modified_gmt":"2025-07-29T18:03:26","slug":"persasen","status":"publish","type":"page","link":"https:\/\/krets.jagareforbundet.se\/berg\/jaktskytte\/persasen\/","title":{"rendered":"Pers\u00e5sen Jaktskyttebana"},"content":{"rendered":"<p>V 30-35<\/p>\n<p><em>\u00c4lgbaneskytte:<\/em> tisdagar och torsdagar 18:00 &#8211; 20:00<\/p>\n<p><em>Bj\u00f6rnskytte:<\/em><\/p>\n<p>v:32 Kretsm\u00e4sterskap<\/p>\n","protected":false},"excerpt":{"rendered":"<p>V 30-35 \u00c4lgbaneskytte: tisdagar och torsdagar 18:00 &#8211; 20:00 Bj\u00f6rnskytte: v:32 Kretsm\u00e4sterskap<\/p>\n","protected":false},"author":79,"featured_media":0,"parent":194,"menu_order":0,"comment_status":"open","ping_status":"open","template":"","meta":{"footnotes":""},"class_list":["post-501","page","type-page","status-publish","hentry"],"_links":{"self":[{"href":"https:\/\/krets.jagareforbundet.se\/berg\/wp-json\/wp\/v2\/pages\/501","targetHints":{"allow":["GET"]}}],"collection":[{"href":"https:\/\/krets.jagareforbundet.se\/berg\/wp-json\/wp\/v2\/pages"}],"about":[{"href":"https:\/\/krets.jagareforbundet.se\/berg\/wp-json\/wp\/v2\/types\/page"}],"author":[{"embeddable":true,"href":"https:\/\/krets.jagareforbundet.se\/berg\/wp-json\/wp\/v2\/users\/79"}],"replies":[{"embeddable":true,"href":"https:\/\/krets.jagareforbundet.se\/berg\/wp-json\/wp\/v2\/comments?post=501"}],"version-history":[{"count":3,"href":"https:\/\/krets.jagareforbundet.se\/berg\/wp-json\/wp\/v2\/pages\/501\/revisions"}],"predecessor-version":[{"id":1194,"href":"https:\/\/krets.jagareforbundet.se\/berg\/wp-json\/wp\/v2\/pages\/501\/revisions\/1194"}],"up":[{"embeddable":true,"href":"https:\/\/krets.jagareforbundet.se\/berg\/wp-json\/wp\/v2\/pages\/194"}],"wp:attachment":[{"href":"https:\/\/krets.jagareforbundet.se\/berg\/wp-json\/wp\/v2\/media?parent=501"}],"curies":[{"name":"wp","href":"https:\/\/api.w.org\/{rel}","templated":true}]}}