{"id":535,"date":"2013-08-28T13:50:30","date_gmt":"2013-08-28T11:50:30","guid":{"rendered":"https:\/\/krets.jagareforbundet.se\/berg\/?page_id=535"},"modified":"2025-08-17T16:22:06","modified_gmt":"2025-08-17T14:22:06","slug":"skytteresultat","status":"publish","type":"page","link":"https:\/\/krets.jagareforbundet.se\/berg\/jaktskytte\/skytteresultat\/","title":{"rendered":"Skytteresultat"},"content":{"rendered":"<p>H\u00e4r finns resultatet f\u00f6r Kretsm\u00e4sterskap i \u00e4lgbaneskytte klicka p\u00e5 l\u00e4nken<\/p>\n<p><a href=\"https:\/\/krets.jagareforbundet.se\/berg\/files\/2025\/08\/Resultat-KM-2025.docx\">Resultat-KM-2025<\/a><\/p>\n<p><a href=\"https:\/\/krets.jagareforbundet.se\/berg\/files\/2024\/08\/Resultat-KM-2024.docx\"><strong>Resultat-KM-2024<\/strong><\/a><\/p>\n<p><a href=\"https:\/\/krets.jagareforbundet.se\/berg\/files\/2023\/09\/Resultat-KM-2023.docx\"><strong>Resultat KM 2023<\/strong><\/a><\/p>\n<p><strong><a href=\"https:\/\/krets.jagareforbundet.se\/berg\/files\/2022\/09\/Resultat-KM-2022.docx\">Resultat KM 2022<\/a><\/strong><\/p>\n<p><span style=\"color: #0000ff\"><strong><a style=\"color: #0000ff\" href=\"https:\/\/krets.jagareforbundet.se\/berg\/files\/2022\/01\/Resultat-KM2021.pdf\">Resultat KM 2021<\/a><\/strong><\/span><\/p>\n<p><a href=\"https:\/\/krets.jagareforbundet.se\/berg\/files\/2020\/10\/Resultat-KM-2020.pdf\"><span style=\"color: #0000ff\"><strong>Resultat KM 2020.<\/strong><\/span><\/a><\/p>\n<p><strong><a href=\"https:\/\/krets.jagareforbundet.se\/berg\/files\/2019\/12\/Resultat-KM-2019.pdf\"><span style=\"color: #0000ff\">Resultat KM 2019<\/span><\/a><\/strong><\/p>\n<p><span style=\"color: #0000ff\"><strong><a href=\"https:\/\/krets.jagareforbundet.se\/berg\/files\/2019\/02\/km-2018.pdf\">Resultat KM 2018<\/a><\/strong><\/span><\/p>\n<p><span style=\"color: #0000ff\"><strong><a style=\"color: #0000ff\" href=\"https:\/\/krets.jagareforbundet.se\/berg\/files\/2013\/08\/resultat-jaktstig-nasteln-14-maj-2017-1.pdf\">RESULTAT JAKTSTIG N\u00c4STELN 14 Maj 2017\u00a0<\/a><\/strong><\/span><\/p>\n<p><span style=\"color: #0000ff\"><strong><a style=\"color: #0000ff\" href=\"https:\/\/krets.jagareforbundet.se\/berg\/files\/2018\/05\/kretsmasterskapet-2017.pdf\">Resultat KM 2017<\/a><\/strong><\/span><\/p>\n<p><a href=\"https:\/\/krets.jagareforbundet.se\/berg\/files\/2016\/08\/dokument-4.pdf\"><strong><span style=\"color: #0000ff\">Resultat KM 2016<\/span><\/strong><\/a><\/p>\n<p><span style=\"color: #0000ff\"><strong><a style=\"color: #0000ff\" href=\"https:\/\/krets.jagareforbundet.se\/berg\/files\/2013\/08\/Resultat-KM-2015.pdf\">Resultat KM 2015<\/a><\/strong><\/span><\/p>\n<p><span style=\"color: #0000ff\"><strong><a href=\"https:\/\/krets.jagareforbundet.se\/berg\/files\/2014\/08\/Resultat-KM20141.pdf\">Resultat KM2014<\/a><\/strong><\/span><\/p>\n<p><span style=\"color: #0000ff\"><strong>Resultat\u00a0<a href=\"https:\/\/krets.jagareforbundet.se\/berg\/files\/2013\/08\/KM-2013.pdf\">KM 2013<\/a><\/strong><\/span><\/p>\n<p>&nbsp;<\/p>\n<p>&nbsp;<\/p>\n<p>&nbsp;<\/p>\n<p><!--more--><\/p>\n","protected":false},"excerpt":{"rendered":"<p>H\u00e4r finns resultatet f\u00f6r Kretsm\u00e4sterskap i \u00e4lgbaneskytte klicka p\u00e5 l\u00e4nken Resultat-KM-2025 Resultat-KM-2024 Resultat KM 2023 Resultat KM 2022 Resultat KM 2021 Resultat KM 2020. Resultat KM 2019 Resultat KM 2018 RESULTAT JAKTSTIG N\u00c4STELN 14 Maj 2017\u00a0 Resultat KM 2017 Resultat KM 2016 Resultat KM 2015 Resultat KM2014 Resultat\u00a0KM 2013 &nbsp; &nbsp; &nbsp; (mer \u2026)<\/p>\n","protected":false},"author":79,"featured_media":0,"parent":194,"menu_order":0,"comment_status":"open","ping_status":"open","template":"","meta":{"footnotes":""},"class_list":["post-535","page","type-page","status-publish","hentry"],"_links":{"self":[{"href":"https:\/\/krets.jagareforbundet.se\/berg\/wp-json\/wp\/v2\/pages\/535","targetHints":{"allow":["GET"]}}],"collection":[{"href":"https:\/\/krets.jagareforbundet.se\/berg\/wp-json\/wp\/v2\/pages"}],"about":[{"href":"https:\/\/krets.jagareforbundet.se\/berg\/wp-json\/wp\/v2\/types\/page"}],"author":[{"embeddable":true,"href":"https:\/\/krets.jagareforbundet.se\/berg\/wp-json\/wp\/v2\/users\/79"}],"replies":[{"embeddable":true,"href":"https:\/\/krets.jagareforbundet.se\/berg\/wp-json\/wp\/v2\/comments?post=535"}],"version-history":[{"count":3,"href":"https:\/\/krets.jagareforbundet.se\/berg\/wp-json\/wp\/v2\/pages\/535\/revisions"}],"predecessor-version":[{"id":1206,"href":"https:\/\/krets.jagareforbundet.se\/berg\/wp-json\/wp\/v2\/pages\/535\/revisions\/1206"}],"up":[{"embeddable":true,"href":"https:\/\/krets.jagareforbundet.se\/berg\/wp-json\/wp\/v2\/pages\/194"}],"wp:attachment":[{"href":"https:\/\/krets.jagareforbundet.se\/berg\/wp-json\/wp\/v2\/media?parent=535"}],"curies":[{"name":"wp","href":"https:\/\/api.w.org\/{rel}","templated":true}]}}