{"id":691,"date":"2015-08-14T11:51:53","date_gmt":"2015-08-14T09:51:53","guid":{"rendered":"https:\/\/krets.jagareforbundet.se\/berg\/?page_id=691"},"modified":"2026-04-09T21:47:14","modified_gmt":"2026-04-09T19:47:14","slug":"smaviltskort","status":"publish","type":"page","link":"https:\/\/krets.jagareforbundet.se\/berg\/smaviltskort\/","title":{"rendered":"K\u00f6pa Sm\u00e5viltskort"},"content":{"rendered":"<p>F\u00f6rs\u00e4ljning av dagkort mot uppvisande av vapenlicens,\u00a0statligt jaktkort<br \/>\noch ev medlemskort i j\u00e4garef\u00f6rbundet (f\u00f6r att erh\u00e5lla rabatt)<\/p>\n<p>Rapportering av f\u00e4llt vilt efter jakten \u00e4r obligatoriskt.<\/p>\n<p><strong>Priser:<\/strong><\/p>\n<p><strong>Medlem i Bergs jvk 100:-\/dag och kort<\/strong><br \/>\n<strong>Medlem i Svenska j\u00e4garef\u00f6rbundet 200 kr\/dag och kort.<\/strong><br \/>\n<strong>Icke medlem 300:-\/dag och kort<\/strong><\/p>\n<p>Det finns m\u00f6jlighet att hyra torpet som ligger i n\u00e4ra anslutning till jaktmarken. Det finns utedass, kamin, gasolspis och elverk samt bastu.<\/p>\n<p><strong>Boende:<\/strong><\/p>\n<p><strong>1-4 personer 700:- \/natt<\/strong><\/p>\n<p><strong>5 personer o flera 1000:-\/natt<\/strong><\/p>\n<p>I priset ing\u00e5r gasol, men inte br\u00e4nsle till elverk. Det ska l\u00e4mnas fulltankat vid hemf\u00e4rd.<\/p>\n<p><a href=\"https:\/\/jagareforbundet.se\/medlem\/Medlemskap\/\" target=\"_blank\" rel=\"noopener noreferrer\">Inte medlem? Klicka h\u00e4r f\u00f6r att titta vilka medlemsalternativ som finns.<br \/>\n<\/a>Marken \u00e4r delad i 2 sm\u00e5viltsomr\u00e5den V\u00e4stra och \u00d6stra\u00a0och avdelas av Asp\u00e5n.<\/p>\n<p>Vid fr\u00e5gor kontakta:<\/p>\n<p>Sven-Gunnar Sivertsson 070-583 51 48<\/p>\n<p>Betalning efter bokning sker med f\u00f6rdel till v\u00e5rt swishnummer 123 290 30 45<\/p>\n<div id=\"attachment_708\" style=\"width: 160px\" class=\"wp-caption alignleft\"><a href=\"https:\/\/krets.jagareforbundet.se\/berg\/files\/2015\/08\/smavilskarta_ostra_viggesagen.png\"><img loading=\"lazy\" decoding=\"async\" aria-describedby=\"caption-attachment-708\" class=\"size-thumbnail wp-image-708\" src=\"https:\/\/krets.jagareforbundet.se\/berg\/files\/2015\/08\/smavilskarta_ostra_viggesagen-150x150.png\" alt=\"\u00d6stra Omr\u00e5det\" width=\"150\" height=\"150\" \/><\/a><p id=\"caption-attachment-708\" class=\"wp-caption-text\">\u00d6stra Omr\u00e5det<\/p><\/div>\n<div id=\"attachment_709\" style=\"width: 160px\" class=\"wp-caption alignleft\"><a href=\"https:\/\/krets.jagareforbundet.se\/berg\/files\/2015\/08\/smavilskarta_vastra_viggesagen.png\"><img loading=\"lazy\" decoding=\"async\" aria-describedby=\"caption-attachment-709\" class=\"size-thumbnail wp-image-709\" src=\"https:\/\/krets.jagareforbundet.se\/berg\/files\/2015\/08\/smavilskarta_vastra_viggesagen-150x150.png\" alt=\"V\u00e4stra Omr\u00e5det\" width=\"150\" height=\"150\" \/><\/a><p id=\"caption-attachment-709\" class=\"wp-caption-text\">V\u00e4stra Omr\u00e5det<\/p><\/div>\n<p><img loading=\"lazy\" decoding=\"async\" class=\"alignleft wp-image-839 \" src=\"https:\/\/krets.jagareforbundet.se\/berg\/files\/2019\/08\/passkartaviggesagen-300x224.jpg\" alt=\"\" width=\"214\" height=\"160\" srcset=\"https:\/\/krets.jagareforbundet.se\/berg\/files\/2019\/08\/passkartaviggesagen-300x224.jpg 300w, https:\/\/krets.jagareforbundet.se\/berg\/files\/2019\/08\/passkartaviggesagen-768x574.jpg 768w, https:\/\/krets.jagareforbundet.se\/berg\/files\/2019\/08\/passkartaviggesagen-1024x765.jpg 1024w\" sizes=\"auto, (max-width: 214px) 100vw, 214px\" \/><\/p>\n<p>&nbsp;<\/p>\n<p>&nbsp;<\/p>\n<p>&nbsp;<\/p>\n<p>&nbsp;<\/p>\n<p>&nbsp;<\/p>\n<p>&nbsp;<\/p>\n<p>Ingen f\u00f6rs\u00e4ljning under kretsens egna aktiviteter. (ej bokningsbara dagar)<\/p>\n","protected":false},"excerpt":{"rendered":"<p>F\u00f6rs\u00e4ljning av dagkort mot uppvisande av vapenlicens,\u00a0statligt jaktkort och ev medlemskort i j\u00e4garef\u00f6rbundet (f\u00f6r att erh\u00e5lla rabatt) Rapportering av f\u00e4llt vilt efter jakten \u00e4r obligatoriskt. Priser: Medlem i Bergs jvk 100:-\/dag och kort Medlem i Svenska j\u00e4garef\u00f6rbundet 200 kr\/dag och kort. Icke medlem 300:-\/dag och kort Det finns m\u00f6jlighet att hyra torpet som ligger i [&hellip;]<\/p>\n","protected":false},"author":79,"featured_media":0,"parent":0,"menu_order":0,"comment_status":"open","ping_status":"open","template":"","meta":{"footnotes":""},"class_list":["post-691","page","type-page","status-publish","hentry"],"_links":{"self":[{"href":"https:\/\/krets.jagareforbundet.se\/berg\/wp-json\/wp\/v2\/pages\/691","targetHints":{"allow":["GET"]}}],"collection":[{"href":"https:\/\/krets.jagareforbundet.se\/berg\/wp-json\/wp\/v2\/pages"}],"about":[{"href":"https:\/\/krets.jagareforbundet.se\/berg\/wp-json\/wp\/v2\/types\/page"}],"author":[{"embeddable":true,"href":"https:\/\/krets.jagareforbundet.se\/berg\/wp-json\/wp\/v2\/users\/79"}],"replies":[{"embeddable":true,"href":"https:\/\/krets.jagareforbundet.se\/berg\/wp-json\/wp\/v2\/comments?post=691"}],"version-history":[{"count":3,"href":"https:\/\/krets.jagareforbundet.se\/berg\/wp-json\/wp\/v2\/pages\/691\/revisions"}],"predecessor-version":[{"id":1258,"href":"https:\/\/krets.jagareforbundet.se\/berg\/wp-json\/wp\/v2\/pages\/691\/revisions\/1258"}],"wp:attachment":[{"href":"https:\/\/krets.jagareforbundet.se\/berg\/wp-json\/wp\/v2\/media?parent=691"}],"curies":[{"name":"wp","href":"https:\/\/api.w.org\/{rel}","templated":true}]}}