{"id":783,"date":"2017-06-09T14:50:20","date_gmt":"2017-06-09T12:50:20","guid":{"rendered":"https:\/\/krets.jagareforbundet.se\/berg\/?page_id=783"},"modified":"2023-07-21T20:34:50","modified_gmt":"2023-07-21T18:34:50","slug":"bli-medlem","status":"publish","type":"page","link":"https:\/\/krets.jagareforbundet.se\/berg\/bli-medlem\/","title":{"rendered":"Bli medlem"},"content":{"rendered":"<p><a href=\"https:\/\/krets.jagareforbundet.se\/berg\/files\/2023\/07\/jflogo_large.jpg\"><img loading=\"lazy\" decoding=\"async\" class=\"wp-image-1012 alignleft\" src=\"https:\/\/krets.jagareforbundet.se\/berg\/files\/2023\/07\/jflogo_large.jpg\" alt=\"\" width=\"296\" height=\"295\" srcset=\"https:\/\/krets.jagareforbundet.se\/berg\/files\/2023\/07\/jflogo_large.jpg 266w, https:\/\/krets.jagareforbundet.se\/berg\/files\/2023\/07\/jflogo_large-150x150.jpg 150w\" sizes=\"auto, (max-width: 296px) 100vw, 296px\" \/><\/a><\/p>\n<p>B\u00e4sta s\u00e4ttet att bevara den svenska jakten. Bli medlem i Sveriges st\u00f6rsta jaktorganisation.<\/p>\n<p>Medlemmar bildar en jaktv\u00e5rdskrets som bildar en l\u00e4nsf\u00f6rening och tillsammans bildar vi Svenska j\u00e4garef\u00f6rbundet som jobbar f\u00f6r att ditt intresse skall bevaras och kan ut\u00f6vas med hj\u00e4lp av kunskap och fakta. Fler medlemmar ger ett starkare f\u00f6rbund. D\u00e4rf\u00f6r beh\u00f6vs DU !!!<\/p>\n<p>Tack vare det arbete som g\u00f6rs i J\u00e4garef\u00f6rbundet s\u00e5 bor du i ett av v\u00e4rldens b\u00e4sta jaktl\u00e4nder. Det \u00e4r allas v\u00e5rt arbete som g\u00f6r att du kan sl\u00e4ppa hunden p\u00e5 din jaktmark eller att vi har s\u00e5 gener\u00f6sa jakttider att vi i stort sett har n\u00e5got att jaga \u00e5ret runt!<\/p>\n<p>Vill du bli medlem?\u00a0 \u00a0 L\u00e4s mer om: <a href=\"https:\/\/jagareforbundet.se\/medlem\/Medlemskap\/\"><strong><span style=\"color: #0000ff\">Medlemsalternativ<\/span><\/strong><\/a><\/p>\n","protected":false},"excerpt":{"rendered":"<p>B\u00e4sta s\u00e4ttet att bevara den svenska jakten. Bli medlem i Sveriges st\u00f6rsta jaktorganisation. Medlemmar bildar en jaktv\u00e5rdskrets som bildar en l\u00e4nsf\u00f6rening och tillsammans bildar vi Svenska j\u00e4garef\u00f6rbundet som jobbar f\u00f6r att ditt intresse skall bevaras och kan ut\u00f6vas med hj\u00e4lp av kunskap och fakta. Fler medlemmar ger ett starkare f\u00f6rbund. D\u00e4rf\u00f6r beh\u00f6vs DU !!! Tack [&hellip;]<\/p>\n","protected":false},"author":79,"featured_media":0,"parent":0,"menu_order":0,"comment_status":"closed","ping_status":"closed","template":"","meta":{"footnotes":""},"class_list":["post-783","page","type-page","status-publish","hentry"],"_links":{"self":[{"href":"https:\/\/krets.jagareforbundet.se\/berg\/wp-json\/wp\/v2\/pages\/783","targetHints":{"allow":["GET"]}}],"collection":[{"href":"https:\/\/krets.jagareforbundet.se\/berg\/wp-json\/wp\/v2\/pages"}],"about":[{"href":"https:\/\/krets.jagareforbundet.se\/berg\/wp-json\/wp\/v2\/types\/page"}],"author":[{"embeddable":true,"href":"https:\/\/krets.jagareforbundet.se\/berg\/wp-json\/wp\/v2\/users\/79"}],"replies":[{"embeddable":true,"href":"https:\/\/krets.jagareforbundet.se\/berg\/wp-json\/wp\/v2\/comments?post=783"}],"version-history":[{"count":3,"href":"https:\/\/krets.jagareforbundet.se\/berg\/wp-json\/wp\/v2\/pages\/783\/revisions"}],"predecessor-version":[{"id":1014,"href":"https:\/\/krets.jagareforbundet.se\/berg\/wp-json\/wp\/v2\/pages\/783\/revisions\/1014"}],"wp:attachment":[{"href":"https:\/\/krets.jagareforbundet.se\/berg\/wp-json\/wp\/v2\/media?parent=783"}],"curies":[{"name":"wp","href":"https:\/\/api.w.org\/{rel}","templated":true}]}}