{"id":967,"date":"2023-05-30T17:06:14","date_gmt":"2023-05-30T15:06:14","guid":{"rendered":"https:\/\/krets.jagareforbundet.se\/berg\/?page_id=967"},"modified":"2025-04-23T21:29:39","modified_gmt":"2025-04-23T19:29:39","slug":"utmarkelser-fran-wallenbergska-fonden","status":"publish","type":"page","link":"https:\/\/krets.jagareforbundet.se\/berg\/utmarkelser-fran-wallenbergska-fonden\/","title":{"rendered":"Utm\u00e4rkelser fr\u00e5n Wallenbergska fonden"},"content":{"rendered":"<p>&nbsp;<\/p>\n<p>P\u00e5 l\u00e4nsst\u00e4mman 2025 p\u00e5 S\u00f6dra Berget, Sundsvall tilldelades Storsj\u00f6 jaktskytteklubb utm\u00e4rkelse fr\u00e5n Wallenbergska fonden. G\u00f6te Grubb tog emot priset.<\/p>\n<p><a href=\"https:\/\/krets.jagareforbundet.se\/berg\/files\/2025\/04\/Wallenbergska-Gote-Grubb-Storsjo-jsk.jpg\"><img loading=\"lazy\" decoding=\"async\" class=\"alignleft size-medium wp-image-1167\" src=\"https:\/\/krets.jagareforbundet.se\/berg\/files\/2025\/04\/Wallenbergska-Gote-Grubb-Storsjo-jsk-225x300.jpg\" alt=\"\" width=\"225\" height=\"300\" srcset=\"https:\/\/krets.jagareforbundet.se\/berg\/files\/2025\/04\/Wallenbergska-Gote-Grubb-Storsjo-jsk-225x300.jpg 225w, https:\/\/krets.jagareforbundet.se\/berg\/files\/2025\/04\/Wallenbergska-Gote-Grubb-Storsjo-jsk.jpg 621w\" sizes=\"auto, (max-width: 225px) 100vw, 225px\" \/><\/a><\/p>\n<p>&nbsp;<\/p>\n<p>&nbsp;<\/p>\n<p>&nbsp;<\/p>\n<p>&nbsp;<\/p>\n<p>&nbsp;<\/p>\n<p>&nbsp;<\/p>\n<p>&nbsp;<\/p>\n<p>&nbsp;<\/p>\n<p>&nbsp;<\/p>\n<p>&#8212;&#8212;&#8212;&#8212;&#8212;&#8212;&#8212;&#8212;&#8212;&#8212;&#8212;&#8212;&#8212;&#8212;&#8212;&#8212;&#8212;&#8212;&#8212;&#8212;&#8212;&#8212;&#8212;&#8212;&#8212;&#8212;&#8212;&#8212;&#8212;&#8212;&#8212;&#8212;&#8212;&#8212;&#8212;&#8212;&#8212;&#8211;<\/p>\n<p style=\"text-align: left\">Den 25 mars 2023 h\u00f6ll J\u00e4garef\u00f6rbundet Mitt Norrland sitt \u00e5rsm\u00f6te p\u00e5 Hallstaberget \u00a0i Sollefte\u00e5.<\/p>\n<p style=\"text-align: left\">Bergs Jaktv\u00e5rdskrets tilldelades stipendium fr\u00e5n Wallenbergska fonden p\u00e5 2000 kronor, f\u00f6r de insatser som gjorts i kretsen.<\/p>\n<p>Bland annat genom att sk\u00e4nka den \u00e5rliga \u00e4lgen till skolans verksamhet.<\/p>\n<p>Vi tackar hj\u00e4rtligt och \u00e4r mycket stolta och hedrade \u00f6ver utm\u00e4rkelsen<\/p>\n<p><img loading=\"lazy\" decoding=\"async\" class=\"size-medium wp-image-968 alignleft\" src=\"https:\/\/krets.jagareforbundet.se\/berg\/files\/2023\/05\/Tavla-Wallenbergska-225x300.jpg\" alt=\"\" width=\"225\" height=\"300\" srcset=\"https:\/\/krets.jagareforbundet.se\/berg\/files\/2023\/05\/Tavla-Wallenbergska-225x300.jpg 225w, https:\/\/krets.jagareforbundet.se\/berg\/files\/2023\/05\/Tavla-Wallenbergska-768x1024.jpg 768w, https:\/\/krets.jagareforbundet.se\/berg\/files\/2023\/05\/Tavla-Wallenbergska-1152x1536.jpg 1152w, https:\/\/krets.jagareforbundet.se\/berg\/files\/2023\/05\/Tavla-Wallenbergska-1536x2048.jpg 1536w, https:\/\/krets.jagareforbundet.se\/berg\/files\/2023\/05\/Tavla-Wallenbergska-scaled.jpg 1920w\" sizes=\"auto, (max-width: 225px) 100vw, 225px\" \/><\/p>\n","protected":false},"excerpt":{"rendered":"<p>&nbsp; P\u00e5 l\u00e4nsst\u00e4mman 2025 p\u00e5 S\u00f6dra Berget, Sundsvall tilldelades Storsj\u00f6 jaktskytteklubb utm\u00e4rkelse fr\u00e5n Wallenbergska fonden. G\u00f6te Grubb tog emot priset. &nbsp; &nbsp; &nbsp; &nbsp; &nbsp; &nbsp; &nbsp; &nbsp; &nbsp; &#8212;&#8212;&#8212;&#8212;&#8212;&#8212;&#8212;&#8212;&#8212;&#8212;&#8212;&#8212;&#8212;&#8212;&#8212;&#8212;&#8212;&#8212;&#8212;&#8212;&#8212;&#8212;&#8212;&#8212;&#8212;&#8212;&#8212;&#8212;&#8212;&#8212;&#8212;&#8212;&#8212;&#8212;&#8212;&#8212;&#8212;&#8211; Den 25 mars 2023 h\u00f6ll J\u00e4garef\u00f6rbundet Mitt Norrland sitt \u00e5rsm\u00f6te p\u00e5 Hallstaberget \u00a0i Sollefte\u00e5. Bergs Jaktv\u00e5rdskrets tilldelades stipendium fr\u00e5n Wallenbergska fonden p\u00e5 2000 kronor, f\u00f6r [&hellip;]<\/p>\n","protected":false},"author":79,"featured_media":0,"parent":0,"menu_order":0,"comment_status":"closed","ping_status":"closed","template":"","meta":{"footnotes":""},"class_list":["post-967","page","type-page","status-publish","hentry"],"_links":{"self":[{"href":"https:\/\/krets.jagareforbundet.se\/berg\/wp-json\/wp\/v2\/pages\/967","targetHints":{"allow":["GET"]}}],"collection":[{"href":"https:\/\/krets.jagareforbundet.se\/berg\/wp-json\/wp\/v2\/pages"}],"about":[{"href":"https:\/\/krets.jagareforbundet.se\/berg\/wp-json\/wp\/v2\/types\/page"}],"author":[{"embeddable":true,"href":"https:\/\/krets.jagareforbundet.se\/berg\/wp-json\/wp\/v2\/users\/79"}],"replies":[{"embeddable":true,"href":"https:\/\/krets.jagareforbundet.se\/berg\/wp-json\/wp\/v2\/comments?post=967"}],"version-history":[{"count":3,"href":"https:\/\/krets.jagareforbundet.se\/berg\/wp-json\/wp\/v2\/pages\/967\/revisions"}],"predecessor-version":[{"id":1172,"href":"https:\/\/krets.jagareforbundet.se\/berg\/wp-json\/wp\/v2\/pages\/967\/revisions\/1172"}],"wp:attachment":[{"href":"https:\/\/krets.jagareforbundet.se\/berg\/wp-json\/wp\/v2\/media?parent=967"}],"curies":[{"name":"wp","href":"https:\/\/api.w.org\/{rel}","templated":true}]}}