{"id":218,"date":"2014-10-28T20:02:32","date_gmt":"2014-10-28T19:02:32","guid":{"rendered":"https:\/\/krets.jagareforbundet.se\/bollnas\/?page_id=218"},"modified":"2018-02-09T19:59:41","modified_gmt":"2018-02-09T18:59:41","slug":"protokoll","status":"publish","type":"page","link":"https:\/\/krets.jagareforbundet.se\/bollnas\/protokoll\/","title":{"rendered":"Protokoll"},"content":{"rendered":"<p>Protokoll f\u00f6rt vid bolln\u00e4skretsens m\u00f6ten:<\/p>\n<p><a href=\"https:\/\/krets.jagareforbundet.se\/bollnas\/files\/2018\/02\/protokoll-31-jan-2018.pdf\">protokoll 31 jan 2018<\/a><\/p>\n<p><a href=\"https:\/\/krets.jagareforbundet.se\/bollnas\/files\/2017\/11\/protokoll-8-nov-2017.pdf\">protokoll 8 nov 2017<\/a><\/p>\n<p><a href=\"https:\/\/krets.jagareforbundet.se\/bollnas\/files\/2017\/11\/protokoll-3-mars-2017.pdf\">protokoll 3 mars 2017<\/a><\/p>\n<p><a href=\"https:\/\/krets.jagareforbundet.se\/bollnas\/files\/2017\/11\/arsmote-2017.pdf\">\u00e5rsm\u00f6te 2017<\/a><\/p>\n<p><a href=\"https:\/\/krets.jagareforbundet.se\/bollnas\/files\/2017\/11\/protokoll-3-mars-2017.pdf\">protokoll 3 mars 2017<\/a><\/p>\n<p><a href=\"https:\/\/krets.jagareforbundet.se\/bollnas\/files\/2016\/09\/protokoll-16-maj-2016.pdf\">Protokoll 16 maj 2016<\/a><\/p>\n<p><a href=\"https:\/\/krets.jagareforbundet.se\/bollnas\/files\/2016\/09\/protokoll-5-april-2016.pdf\">Protokoll 5 april 2016<\/a><\/p>\n<p><a href=\"https:\/\/krets.jagareforbundet.se\/bollnas\/files\/2016\/09\/konstituerande-jvk-2016.pdf\">Konstituerande JVK 2016<\/a><\/p>\n<p><a href=\"https:\/\/krets.jagareforbundet.se\/bollnas\/files\/2016\/02\/protokoll-arsmote-2016.pdf\">Protokoll \u00e5rsm\u00f6te 2016<\/a><\/p>\n<p><a href=\"https:\/\/krets.jagareforbundet.se\/bollnas\/files\/2016\/01\/protokoll-18-jan-2016.pdf\">Protokoll 18 jan 2016<\/a><\/p>\n<p><a href=\"https:\/\/krets.jagareforbundet.se\/bollnas\/files\/2015\/12\/Protokoll-6-dec-2015.pdf\">Protokoll 6 dec 2015<\/a><\/p>\n<p><a href=\"https:\/\/krets.jagareforbundet.se\/bollnas\/files\/2015\/08\/Protokoll-19-aug-2015.pdf\">Protokoll 19 aug 2015<\/a><\/p>\n<p><a href=\"https:\/\/krets.jagareforbundet.se\/bollnas\/files\/2015\/05\/Protokoll-7-maj-2015.pdf\">Protokoll 7 maj 2015<\/a><\/p>\n<p><a href=\"https:\/\/krets.jagareforbundet.se\/bollnas\/files\/2015\/03\/Protokoll-12-mars-2015.pdf\">Protokoll 12 mars 2015<\/a><\/p>\n<p><a href=\"https:\/\/krets.jagareforbundet.se\/bollnas\/files\/2015\/02\/Protokoll-\u00e5rsm\u00f6te-2015.pdf\">Protokoll \u00e5rsm\u00f6te 2015<\/a><\/p>\n<p><a href=\"https:\/\/krets.jagareforbundet.se\/bollnas\/files\/2015\/02\/Protokoll-4-dec-2014.doc\">Protokoll 4 dec 2014<\/a><\/p>\n<p><a href=\"https:\/\/krets.jagareforbundet.se\/bollnas\/files\/2014\/12\/Protokoll-12-nov-2014.pdf\">Protokoll 12 nov 2014<\/a><\/p>\n<p><a href=\"https:\/\/krets.jagareforbundet.se\/bollnas\/files\/2014\/12\/Protokoll-6-okt-2014.pdf\">Protokoll 6 okt 2014<\/a><\/p>\n","protected":false},"excerpt":{"rendered":"<p>Protokoll f\u00f6rt vid bolln\u00e4skretsens m\u00f6ten: protokoll 31 jan 2018 protokoll 8 nov 2017 protokoll 3 mars 2017 \u00e5rsm\u00f6te 2017 protokoll 3 mars 2017 Protokoll 16 maj 2016 Protokoll 5 april 2016 Konstituerande JVK 2016 Protokoll \u00e5rsm\u00f6te 2016 Protokoll 18 jan 2016 Protokoll 6 dec 2015 Protokoll 19 aug 2015 Protokoll 7 maj 2015 Protokoll 12 [&hellip;]<\/p>\n","protected":false},"author":211,"featured_media":216,"parent":0,"menu_order":0,"comment_status":"open","ping_status":"open","template":"","meta":{"footnotes":""},"class_list":["post-218","page","type-page","status-publish","has-post-thumbnail","hentry"],"_links":{"self":[{"href":"https:\/\/krets.jagareforbundet.se\/bollnas\/wp-json\/wp\/v2\/pages\/218","targetHints":{"allow":["GET"]}}],"collection":[{"href":"https:\/\/krets.jagareforbundet.se\/bollnas\/wp-json\/wp\/v2\/pages"}],"about":[{"href":"https:\/\/krets.jagareforbundet.se\/bollnas\/wp-json\/wp\/v2\/types\/page"}],"author":[{"embeddable":true,"href":"https:\/\/krets.jagareforbundet.se\/bollnas\/wp-json\/wp\/v2\/users\/211"}],"replies":[{"embeddable":true,"href":"https:\/\/krets.jagareforbundet.se\/bollnas\/wp-json\/wp\/v2\/comments?post=218"}],"version-history":[{"count":1,"href":"https:\/\/krets.jagareforbundet.se\/bollnas\/wp-json\/wp\/v2\/pages\/218\/revisions"}],"predecessor-version":[{"id":484,"href":"https:\/\/krets.jagareforbundet.se\/bollnas\/wp-json\/wp\/v2\/pages\/218\/revisions\/484"}],"wp:featuredmedia":[{"embeddable":true,"href":"https:\/\/krets.jagareforbundet.se\/bollnas\/wp-json\/wp\/v2\/media\/216"}],"wp:attachment":[{"href":"https:\/\/krets.jagareforbundet.se\/bollnas\/wp-json\/wp\/v2\/media?parent=218"}],"curies":[{"name":"wp","href":"https:\/\/api.w.org\/{rel}","templated":true}]}}