{"id":219,"date":"2014-10-28T20:05:46","date_gmt":"2014-10-28T19:05:46","guid":{"rendered":"https:\/\/krets.jagareforbundet.se\/bollnas\/?page_id=219"},"modified":"2021-04-15T21:26:06","modified_gmt":"2021-04-15T19:26:06","slug":"skytte","status":"publish","type":"page","link":"https:\/\/krets.jagareforbundet.se\/bollnas\/skytte\/","title":{"rendered":"Skytte"},"content":{"rendered":"<p>Skjutbanan i Erikn\u00e4sbo \u00e4r \u00f6ppen\/bemannad (\u00e4lg, viltm\u00e5l och trap) vissa dagar i veckan fr\u00e5n maj m\u00e5nad:<\/p>\n<p>Telefon: 0278-310 13<\/p>\n<p>Web: www.idrottonline.se\/bollnasjsk-skyttesport<\/p>\n<p>&nbsp;<\/p>\n<p>&nbsp;<\/p>\n","protected":false},"excerpt":{"rendered":"<p>Skjutbanan i Erikn\u00e4sbo \u00e4r \u00f6ppen\/bemannad (\u00e4lg, viltm\u00e5l och trap) vissa dagar i veckan fr\u00e5n maj m\u00e5nad: Telefon: 0278-310 13 Web: www.idrottonline.se\/bollnasjsk-skyttesport &nbsp; &nbsp;<\/p>\n","protected":false},"author":211,"featured_media":267,"parent":0,"menu_order":0,"comment_status":"open","ping_status":"open","template":"","meta":{"footnotes":""},"class_list":["post-219","page","type-page","status-publish","has-post-thumbnail","hentry"],"_links":{"self":[{"href":"https:\/\/krets.jagareforbundet.se\/bollnas\/wp-json\/wp\/v2\/pages\/219","targetHints":{"allow":["GET"]}}],"collection":[{"href":"https:\/\/krets.jagareforbundet.se\/bollnas\/wp-json\/wp\/v2\/pages"}],"about":[{"href":"https:\/\/krets.jagareforbundet.se\/bollnas\/wp-json\/wp\/v2\/types\/page"}],"author":[{"embeddable":true,"href":"https:\/\/krets.jagareforbundet.se\/bollnas\/wp-json\/wp\/v2\/users\/211"}],"replies":[{"embeddable":true,"href":"https:\/\/krets.jagareforbundet.se\/bollnas\/wp-json\/wp\/v2\/comments?post=219"}],"version-history":[{"count":1,"href":"https:\/\/krets.jagareforbundet.se\/bollnas\/wp-json\/wp\/v2\/pages\/219\/revisions"}],"predecessor-version":[{"id":601,"href":"https:\/\/krets.jagareforbundet.se\/bollnas\/wp-json\/wp\/v2\/pages\/219\/revisions\/601"}],"wp:featuredmedia":[{"embeddable":true,"href":"https:\/\/krets.jagareforbundet.se\/bollnas\/wp-json\/wp\/v2\/media\/267"}],"wp:attachment":[{"href":"https:\/\/krets.jagareforbundet.se\/bollnas\/wp-json\/wp\/v2\/media?parent=219"}],"curies":[{"name":"wp","href":"https:\/\/api.w.org\/{rel}","templated":true}]}}