{"id":221,"date":"2014-10-28T21:46:34","date_gmt":"2014-10-28T20:46:34","guid":{"rendered":"https:\/\/krets.jagareforbundet.se\/bollnas\/?page_id=221"},"modified":"2021-04-15T21:26:45","modified_gmt":"2021-04-15T19:26:45","slug":"ungdom","status":"publish","type":"page","link":"https:\/\/krets.jagareforbundet.se\/bollnas\/ungdom\/","title":{"rendered":"Ungdom"},"content":{"rendered":"<p>Ungdomsansvarig i kretsen \u00e4r ordf\u00f6rande. Ta kontakt med honom om du har id\u00e9er om evenemang f\u00f6r ungdomar eller bara vill veta mer om kretsens ungdomsverksamhet. Kontaktuppgifter: Se fliken &#8221;Funktion\u00e4rer och styrelse&#8221;.<\/p>\n","protected":false},"excerpt":{"rendered":"<p>Ungdomsansvarig i kretsen \u00e4r ordf\u00f6rande. Ta kontakt med honom om du har id\u00e9er om evenemang f\u00f6r ungdomar eller bara vill veta mer om kretsens ungdomsverksamhet. Kontaktuppgifter: Se fliken &#8221;Funktion\u00e4rer och styrelse&#8221;.<\/p>\n","protected":false},"author":211,"featured_media":222,"parent":0,"menu_order":0,"comment_status":"open","ping_status":"open","template":"","meta":{"footnotes":""},"class_list":["post-221","page","type-page","status-publish","has-post-thumbnail","hentry"],"_links":{"self":[{"href":"https:\/\/krets.jagareforbundet.se\/bollnas\/wp-json\/wp\/v2\/pages\/221","targetHints":{"allow":["GET"]}}],"collection":[{"href":"https:\/\/krets.jagareforbundet.se\/bollnas\/wp-json\/wp\/v2\/pages"}],"about":[{"href":"https:\/\/krets.jagareforbundet.se\/bollnas\/wp-json\/wp\/v2\/types\/page"}],"author":[{"embeddable":true,"href":"https:\/\/krets.jagareforbundet.se\/bollnas\/wp-json\/wp\/v2\/users\/211"}],"replies":[{"embeddable":true,"href":"https:\/\/krets.jagareforbundet.se\/bollnas\/wp-json\/wp\/v2\/comments?post=221"}],"version-history":[{"count":1,"href":"https:\/\/krets.jagareforbundet.se\/bollnas\/wp-json\/wp\/v2\/pages\/221\/revisions"}],"predecessor-version":[{"id":602,"href":"https:\/\/krets.jagareforbundet.se\/bollnas\/wp-json\/wp\/v2\/pages\/221\/revisions\/602"}],"wp:featuredmedia":[{"embeddable":true,"href":"https:\/\/krets.jagareforbundet.se\/bollnas\/wp-json\/wp\/v2\/media\/222"}],"wp:attachment":[{"href":"https:\/\/krets.jagareforbundet.se\/bollnas\/wp-json\/wp\/v2\/media?parent=221"}],"curies":[{"name":"wp","href":"https:\/\/api.w.org\/{rel}","templated":true}]}}