{"id":28,"date":"2011-09-09T08:06:13","date_gmt":"2011-09-09T08:06:13","guid":{"rendered":"https:\/\/krets.jagareforbundet.se\/template\/?page_id=28"},"modified":"2022-03-10T10:34:58","modified_gmt":"2022-03-10T09:34:58","slug":"kontakta-oss","status":"publish","type":"page","link":"https:\/\/krets.jagareforbundet.se\/bollnas\/kontakta-oss\/","title":{"rendered":"Funktion\u00e4rer och styrelse"},"content":{"rendered":"<hr \/>\n<p><strong><span style=\"color: #333333;font-family: 'Georgia','serif'\">Detta \u00e4r styrelsen och kretsens funktion\u00e4rer f\u00f6r verksamhets\u00e5ret 2021:<\/span><\/strong><\/p>\n<p style=\"text-align: left\"><strong><span style=\"color: #333333;font-family: 'Georgia','serif'\">Styrelse:<\/span><\/strong><\/p>\n<p>Ordf\u00f6rande &#8211; Anders Ingvarsson, 070-6664042, andingvarsson@gmail.com<\/p>\n<p>Sekreterare &#8211; Peter Sonefors, 070-3317460, p.sonefors@gmail.com<\/p>\n<p>Kass\u00f6r (adjungerad) &#8211; \u00c5ke Andersson, 070-3709515, andersson.ake@telia.com<\/p>\n<p>Ledamot &#8211; Stefan Persson, 073-5094566<\/p>\n<p>Ledamot &#8211; Lars Norberg, 070-3300217, larsnorberg17@gmail.com<\/p>\n<p>Ledamot &#8211; Anders Dahlgren, 070-3583804, andersd@hotmail.com<\/p>\n<p>Ledamot &#8211; Erika Gustafsson, 073-0534012<\/p>\n<p>Ledamot &#8211; Julia Hansers<\/p>\n<p><strong>Funktion\u00e4rer:<\/strong><\/p>\n<p>Medlemsansvarig &#8211; Anders Ingvarsson<\/p>\n<p>Opinions- och kommunikationsansvarig &#8211; Anders Ingvarsson<\/p>\n<p>Utbildningsansvarig &#8211; Anders Dahlgren<\/p>\n<p>Medlems- och marknadsansvarig &#8211; Anders Ingvarsson<\/p>\n<p>Rovviltsansvarig &#8211; Hans H\u00e4gglund<\/p>\n<p>Vilt\u00f6vervakningsansvarig &#8211; Hans H\u00e4gglund<\/p>\n<p>Kl\u00f6vviltsansvarig &#8211; Peter Sonefors<\/p>\n<p>Samordnare viltolyckor &#8211; Hans H\u00e4gglund<\/p>\n<p>&nbsp;<\/p>\n<hr \/>\n<p>&nbsp;<\/p>\n<p>&nbsp;<\/p>\n","protected":false},"excerpt":{"rendered":"<p>Detta \u00e4r styrelsen och kretsens funktion\u00e4rer f\u00f6r verksamhets\u00e5ret 2021: Styrelse: Ordf\u00f6rande &#8211; Anders Ingvarsson, 070-6664042, andingvarsson@gmail.com Sekreterare &#8211; Peter Sonefors, 070-3317460, p.sonefors@gmail.com Kass\u00f6r (adjungerad) &#8211; \u00c5ke Andersson, 070-3709515, andersson.ake@telia.com Ledamot &#8211; Stefan Persson, 073-5094566 Ledamot &#8211; Lars Norberg, 070-3300217, larsnorberg17@gmail.com Ledamot &#8211; Anders Dahlgren, 070-3583804, andersd@hotmail.com Ledamot &#8211; Erika Gustafsson, 073-0534012 Ledamot &#8211; Julia Hansers [&hellip;]<\/p>\n","protected":false},"author":3,"featured_media":327,"parent":0,"menu_order":0,"comment_status":"open","ping_status":"open","template":"template-contact.php","meta":{"footnotes":""},"class_list":["post-28","page","type-page","status-publish","has-post-thumbnail","hentry"],"_links":{"self":[{"href":"https:\/\/krets.jagareforbundet.se\/bollnas\/wp-json\/wp\/v2\/pages\/28","targetHints":{"allow":["GET"]}}],"collection":[{"href":"https:\/\/krets.jagareforbundet.se\/bollnas\/wp-json\/wp\/v2\/pages"}],"about":[{"href":"https:\/\/krets.jagareforbundet.se\/bollnas\/wp-json\/wp\/v2\/types\/page"}],"author":[{"embeddable":true,"href":"https:\/\/krets.jagareforbundet.se\/bollnas\/wp-json\/wp\/v2\/users\/3"}],"replies":[{"embeddable":true,"href":"https:\/\/krets.jagareforbundet.se\/bollnas\/wp-json\/wp\/v2\/comments?post=28"}],"version-history":[{"count":3,"href":"https:\/\/krets.jagareforbundet.se\/bollnas\/wp-json\/wp\/v2\/pages\/28\/revisions"}],"predecessor-version":[{"id":604,"href":"https:\/\/krets.jagareforbundet.se\/bollnas\/wp-json\/wp\/v2\/pages\/28\/revisions\/604"}],"wp:featuredmedia":[{"embeddable":true,"href":"https:\/\/krets.jagareforbundet.se\/bollnas\/wp-json\/wp\/v2\/media\/327"}],"wp:attachment":[{"href":"https:\/\/krets.jagareforbundet.se\/bollnas\/wp-json\/wp\/v2\/media?parent=28"}],"curies":[{"name":"wp","href":"https:\/\/api.w.org\/{rel}","templated":true}]}}