{"id":365,"date":"2015-03-21T12:43:47","date_gmt":"2015-03-21T11:43:47","guid":{"rendered":"https:\/\/krets.jagareforbundet.se\/bollnas\/?page_id=365"},"modified":"2015-03-23T19:49:07","modified_gmt":"2015-03-23T18:49:07","slug":"reportage-och-artiklar-2","status":"publish","type":"page","link":"https:\/\/krets.jagareforbundet.se\/bollnas\/reportage-och-artiklar-2\/","title":{"rendered":"Reportage och artiklar"},"content":{"rendered":"<p>Kretsens evenemang eller evenemang d\u00e4r kretsen deltar presenteras h\u00e4r med v\u00e5ra egna ord och bilder.<\/p>\n","protected":false},"excerpt":{"rendered":"<p>Kretsens evenemang eller evenemang d\u00e4r kretsen deltar presenteras h\u00e4r med v\u00e5ra egna ord och bilder.<\/p>\n","protected":false},"author":211,"featured_media":317,"parent":0,"menu_order":0,"comment_status":"open","ping_status":"open","template":"","meta":{"footnotes":""},"class_list":["post-365","page","type-page","status-publish","has-post-thumbnail","hentry"],"_links":{"self":[{"href":"https:\/\/krets.jagareforbundet.se\/bollnas\/wp-json\/wp\/v2\/pages\/365","targetHints":{"allow":["GET"]}}],"collection":[{"href":"https:\/\/krets.jagareforbundet.se\/bollnas\/wp-json\/wp\/v2\/pages"}],"about":[{"href":"https:\/\/krets.jagareforbundet.se\/bollnas\/wp-json\/wp\/v2\/types\/page"}],"author":[{"embeddable":true,"href":"https:\/\/krets.jagareforbundet.se\/bollnas\/wp-json\/wp\/v2\/users\/211"}],"replies":[{"embeddable":true,"href":"https:\/\/krets.jagareforbundet.se\/bollnas\/wp-json\/wp\/v2\/comments?post=365"}],"version-history":[{"count":0,"href":"https:\/\/krets.jagareforbundet.se\/bollnas\/wp-json\/wp\/v2\/pages\/365\/revisions"}],"wp:featuredmedia":[{"embeddable":true,"href":"https:\/\/krets.jagareforbundet.se\/bollnas\/wp-json\/wp\/v2\/media\/317"}],"wp:attachment":[{"href":"https:\/\/krets.jagareforbundet.se\/bollnas\/wp-json\/wp\/v2\/media?parent=365"}],"curies":[{"name":"wp","href":"https:\/\/api.w.org\/{rel}","templated":true}]}}