{"id":369,"date":"2015-03-21T12:59:07","date_gmt":"2015-03-21T11:59:07","guid":{"rendered":"https:\/\/krets.jagareforbundet.se\/bollnas\/?page_id=369"},"modified":"2015-03-21T12:59:07","modified_gmt":"2015-03-21T11:59:07","slug":"ungdomsjakten-2014","status":"publish","type":"page","link":"https:\/\/krets.jagareforbundet.se\/bollnas\/reportage-och-artiklar-2\/ungdomsjakten-2014\/","title":{"rendered":"Ungdomsjakten 2014"},"content":{"rendered":"<p>\u00c5rets ungdomsjakt blev en mindre succ\u00e9. \u00c5tta grabbar\u00a0fr\u00e5n stora delar av landet\u00a0g\u00e4stade Vallsta-skogarna 2 mil norr om Bolln\u00e4s 3-4 oktober 2014. Flertalet av dem g\u00e5r p\u00e5 Naturbruksgymnasiet i Ljusdal. \u00a0Harjakt med st\u00f6vare, skjut\u00f6vningar p\u00e5 Vallsta skytteklubbs bana och r\u00e5djursjakt med drever\u00a0samt mycket jaktsnack hann gruppen med.<\/p>\n<p>\u2013\u00a0Ett mycket lyckat\u00a0dygn med verklighetsn\u00e4ra \u00f6vningar p\u00e5 banan och skarpa jaktsituationer i skogen med en hare som resultat, summerar Berit Bodin, ordf\u00f6rande i Bolln\u00e4skretsen och initiativtagare till evenemanget.<\/p>\n<div id=\"attachment_204\" style=\"width: 310px\" class=\"wp-caption alignnone\"><a href=\"https:\/\/krets.jagareforbundet.se\/bollnas\/files\/2014\/10\/Gruppbild.jpg\"><img loading=\"lazy\" decoding=\"async\" aria-describedby=\"caption-attachment-204\" class=\"size-medium wp-image-204\" src=\"https:\/\/krets.jagareforbundet.se\/bollnas\/files\/2014\/10\/Gruppbild-300x168.jpg\" alt=\"De deltagande ungdomarna.\" width=\"300\" height=\"168\" srcset=\"https:\/\/krets.jagareforbundet.se\/bollnas\/files\/2014\/10\/Gruppbild-300x168.jpg 300w, https:\/\/krets.jagareforbundet.se\/bollnas\/files\/2014\/10\/Gruppbild-1024x576.jpg 1024w, https:\/\/krets.jagareforbundet.se\/bollnas\/files\/2014\/10\/Gruppbild.jpg 1920w\" sizes=\"auto, (max-width: 300px) 100vw, 300px\" \/><\/a><p id=\"caption-attachment-204\" class=\"wp-caption-text\">De deltagande ungdomarna.<\/p><\/div>\n<div id=\"attachment_203\" style=\"width: 310px\" class=\"wp-caption alignnone\"><a href=\"https:\/\/krets.jagareforbundet.se\/bollnas\/files\/2014\/10\/Dreverjakten.jpg\"><img loading=\"lazy\" decoding=\"async\" aria-describedby=\"caption-attachment-203\" class=\"size-medium wp-image-203\" src=\"https:\/\/krets.jagareforbundet.se\/bollnas\/files\/2014\/10\/Dreverjakten-300x168.jpg\" alt=\"Rast i dreverjakten.\" width=\"300\" height=\"168\" srcset=\"https:\/\/krets.jagareforbundet.se\/bollnas\/files\/2014\/10\/Dreverjakten-300x168.jpg 300w, https:\/\/krets.jagareforbundet.se\/bollnas\/files\/2014\/10\/Dreverjakten-1024x576.jpg 1024w, https:\/\/krets.jagareforbundet.se\/bollnas\/files\/2014\/10\/Dreverjakten.jpg 1920w\" sizes=\"auto, (max-width: 300px) 100vw, 300px\" \/><\/a><p id=\"caption-attachment-203\" class=\"wp-caption-text\">Rast i dreverjakten.<\/p><\/div>\n","protected":false},"excerpt":{"rendered":"<p>\u00c5rets ungdomsjakt blev en mindre succ\u00e9. \u00c5tta grabbar\u00a0fr\u00e5n stora delar av landet\u00a0g\u00e4stade Vallsta-skogarna 2 mil norr om Bolln\u00e4s 3-4 oktober 2014. Flertalet av dem g\u00e5r p\u00e5 Naturbruksgymnasiet i Ljusdal. \u00a0Harjakt med st\u00f6vare, skjut\u00f6vningar p\u00e5 Vallsta skytteklubbs bana och r\u00e5djursjakt med drever\u00a0samt mycket jaktsnack hann gruppen med. \u2013\u00a0Ett mycket lyckat\u00a0dygn med verklighetsn\u00e4ra \u00f6vningar p\u00e5 banan och [&hellip;]<\/p>\n","protected":false},"author":211,"featured_media":205,"parent":365,"menu_order":0,"comment_status":"open","ping_status":"open","template":"","meta":{"footnotes":""},"class_list":["post-369","page","type-page","status-publish","has-post-thumbnail","hentry"],"_links":{"self":[{"href":"https:\/\/krets.jagareforbundet.se\/bollnas\/wp-json\/wp\/v2\/pages\/369","targetHints":{"allow":["GET"]}}],"collection":[{"href":"https:\/\/krets.jagareforbundet.se\/bollnas\/wp-json\/wp\/v2\/pages"}],"about":[{"href":"https:\/\/krets.jagareforbundet.se\/bollnas\/wp-json\/wp\/v2\/types\/page"}],"author":[{"embeddable":true,"href":"https:\/\/krets.jagareforbundet.se\/bollnas\/wp-json\/wp\/v2\/users\/211"}],"replies":[{"embeddable":true,"href":"https:\/\/krets.jagareforbundet.se\/bollnas\/wp-json\/wp\/v2\/comments?post=369"}],"version-history":[{"count":0,"href":"https:\/\/krets.jagareforbundet.se\/bollnas\/wp-json\/wp\/v2\/pages\/369\/revisions"}],"up":[{"embeddable":true,"href":"https:\/\/krets.jagareforbundet.se\/bollnas\/wp-json\/wp\/v2\/pages\/365"}],"wp:featuredmedia":[{"embeddable":true,"href":"https:\/\/krets.jagareforbundet.se\/bollnas\/wp-json\/wp\/v2\/media\/205"}],"wp:attachment":[{"href":"https:\/\/krets.jagareforbundet.se\/bollnas\/wp-json\/wp\/v2\/media?parent=369"}],"curies":[{"name":"wp","href":"https:\/\/api.w.org\/{rel}","templated":true}]}}