{"id":374,"date":"2015-04-01T18:47:33","date_gmt":"2015-04-01T16:47:33","guid":{"rendered":"https:\/\/krets.jagareforbundet.se\/bollnas\/?page_id=374"},"modified":"2015-04-01T18:48:40","modified_gmt":"2015-04-01T16:48:40","slug":"ravskabb-projektet-2013-2014","status":"publish","type":"page","link":"https:\/\/krets.jagareforbundet.se\/bollnas\/reportage-och-artiklar-2\/ravskabb-projektet-2013-2014\/","title":{"rendered":"R\u00e4vskabb-projektet 2013-2014"},"content":{"rendered":"<p><strong>Projektets syfte var att skapa en enkel bild av skabbens utbredning p\u00e5 kretsens geografiska omr\u00e5de. Metoden var att l\u00e5ta skyttar frivilligt rapportera till kretsen om skjutna r\u00e4var har haft skabb eller inte. Projektet p\u00e5b\u00f6rjades h\u00f6sten 2014 och avslutades 31 mars 2015.<\/strong><\/p>\n<p>Sammanlagt har 19 skyttar rapporterat 89 skjutna r\u00e4var.\u00a0 Av dessa har 28% rapporterats som skabbangripna (25 st). 83 r\u00e4var \u00e4r skjutna \u00f6ver \u00e5tel och sex \u00e4r f\u00e5ngade och avlivade i f\u00e4lla. Av de f\u00e4llf\u00e5ngade \u00e4r 4 skabbangripna.<\/p>\n<p>N\u00e4stan samtliga skabbangripna r\u00e4var sk\u00f6ts f\u00f6re \u00e5rsskiftet.<\/p>\n<p>Statistiken blir n\u00e5got geografiskt ensidig d\u00e5 skyttar fr\u00e5n endast fyra VVO deltagit. En skytt rapporterar fem skabbangripna av sammanlagt nio skjutna p\u00e5 samma \u00e5tel.<\/p>\n<p><strong>Sammanfattning<\/strong><\/p>\n<ul>\n<li>Vi kan allts\u00e5 konstaterat att skabben finns kvar p\u00e5 kretsens marker.<\/li>\n<li>Inget av de deltagande viltv\u00e5rdsomr\u00e5dena \u00e4r utan skabb.<\/li>\n<li>Skabbens geografiska utbredning verkar vara j\u00e4mn.<\/li>\n<\/ul>\n<p><strong>Andra iakttagelser:<\/strong><\/p>\n<ul>\n<li>En r\u00e4v gick p\u00e5 tre ben. En ihopl\u00e4kt skada (benet helt av) vid bakre kn\u00e4leden hindrade inte n\u00e4mnv\u00e4rt. Skytten uppt\u00e4ckte inte skadan f\u00f6rr\u00e4n r\u00e4ven togs omhand.<\/li>\n<li>En kulskjuten r\u00e4v hade fyra hagel i skinnet som uppt\u00e4cktes vid tillvaratagningen.<\/li>\n<li>En r\u00e4v var en \u201dkorsr\u00e4v\u201d. (En f\u00e4rgvariant hos r\u00f6dr\u00e4v som har svarta teckningar p\u00e5 undersidan, ben och nos).<\/li>\n<\/ul>\n<p>Kretsen riktar ett uppriktigt tack till samtliga j\u00e4gare som rapporterat in sina resultat.<\/p>\n<p>2015-04-01 Lars \u00c5sberg<\/p>\n<div id=\"attachment_370\" style=\"width: 310px\" class=\"wp-caption alignnone\"><a href=\"https:\/\/krets.jagareforbundet.se\/bollnas\/files\/2015\/03\/IMG_3400.jpg\"><img loading=\"lazy\" decoding=\"async\" aria-describedby=\"caption-attachment-370\" class=\"size-medium wp-image-370\" src=\"https:\/\/krets.jagareforbundet.se\/bollnas\/files\/2015\/03\/IMG_3400-300x225.jpg\" alt=\"Korsr\u00e4ven fr\u00e5n Undersvik.\" width=\"300\" height=\"225\" srcset=\"https:\/\/krets.jagareforbundet.se\/bollnas\/files\/2015\/03\/IMG_3400-300x225.jpg 300w, https:\/\/krets.jagareforbundet.se\/bollnas\/files\/2015\/03\/IMG_3400.jpg 960w\" sizes=\"auto, (max-width: 300px) 100vw, 300px\" \/><\/a><p id=\"caption-attachment-370\" class=\"wp-caption-text\">Korsr\u00e4ven fr\u00e5n Undersvik.<\/p><\/div>\n","protected":false},"excerpt":{"rendered":"<p>Projektets syfte var att skapa en enkel bild av skabbens utbredning p\u00e5 kretsens geografiska omr\u00e5de. Metoden var att l\u00e5ta skyttar frivilligt rapportera till kretsen om skjutna r\u00e4var har haft skabb eller inte. Projektet p\u00e5b\u00f6rjades h\u00f6sten 2014 och avslutades 31 mars 2015. Sammanlagt har 19 skyttar rapporterat 89 skjutna r\u00e4var.\u00a0 Av dessa har 28% rapporterats som [&hellip;]<\/p>\n","protected":false},"author":211,"featured_media":327,"parent":365,"menu_order":0,"comment_status":"open","ping_status":"open","template":"","meta":{"footnotes":""},"class_list":["post-374","page","type-page","status-publish","has-post-thumbnail","hentry"],"_links":{"self":[{"href":"https:\/\/krets.jagareforbundet.se\/bollnas\/wp-json\/wp\/v2\/pages\/374","targetHints":{"allow":["GET"]}}],"collection":[{"href":"https:\/\/krets.jagareforbundet.se\/bollnas\/wp-json\/wp\/v2\/pages"}],"about":[{"href":"https:\/\/krets.jagareforbundet.se\/bollnas\/wp-json\/wp\/v2\/types\/page"}],"author":[{"embeddable":true,"href":"https:\/\/krets.jagareforbundet.se\/bollnas\/wp-json\/wp\/v2\/users\/211"}],"replies":[{"embeddable":true,"href":"https:\/\/krets.jagareforbundet.se\/bollnas\/wp-json\/wp\/v2\/comments?post=374"}],"version-history":[{"count":0,"href":"https:\/\/krets.jagareforbundet.se\/bollnas\/wp-json\/wp\/v2\/pages\/374\/revisions"}],"up":[{"embeddable":true,"href":"https:\/\/krets.jagareforbundet.se\/bollnas\/wp-json\/wp\/v2\/pages\/365"}],"wp:featuredmedia":[{"embeddable":true,"href":"https:\/\/krets.jagareforbundet.se\/bollnas\/wp-json\/wp\/v2\/media\/327"}],"wp:attachment":[{"href":"https:\/\/krets.jagareforbundet.se\/bollnas\/wp-json\/wp\/v2\/media?parent=374"}],"curies":[{"name":"wp","href":"https:\/\/api.w.org\/{rel}","templated":true}]}}