{"id":380,"date":"2015-05-06T20:00:07","date_gmt":"2015-05-06T18:00:07","guid":{"rendered":"https:\/\/krets.jagareforbundet.se\/bollnas\/?page_id=380"},"modified":"2015-05-06T20:00:07","modified_gmt":"2015-05-06T18:00:07","slug":"evenemang-2015","status":"publish","type":"page","link":"https:\/\/krets.jagareforbundet.se\/bollnas\/jaqt\/evenemang-2015\/","title":{"rendered":"Evenemang 2015"},"content":{"rendered":"<p>Svenska J\u00e4garef\u00f6rbundets kvinnliga n\u00e4tverk, JAQT, jobbar med m\u00e5let att n\u00e5 ut till aktiva kvinnliga j\u00e4gare och verka f\u00f6r ett brett jaktligt n\u00e4tverk som riktar sig till b\u00e5de nyb\u00f6rjare och erfarna kvinnliga j\u00e4gare, med eller utan jakthund.<\/p>\n<p>I det h\u00e4r bladet (JAQT-2015) vill vi i arbetsgruppen kort presentera \u00e5rets aktiviteter.<\/p>\n<p>F\u00f6r mer information och anm\u00e4lan se under varje aktivitet.<\/p>\n<p><a href=\"https:\/\/krets.jagareforbundet.se\/bollnas\/files\/2015\/05\/JAQT-2015.pdf\">JAQT-2015<\/a><\/p>\n<p>&nbsp;<\/p>\n","protected":false},"excerpt":{"rendered":"<p>Svenska J\u00e4garef\u00f6rbundets kvinnliga n\u00e4tverk, JAQT, jobbar med m\u00e5let att n\u00e5 ut till aktiva kvinnliga j\u00e4gare och verka f\u00f6r ett brett jaktligt n\u00e4tverk som riktar sig till b\u00e5de nyb\u00f6rjare och erfarna kvinnliga j\u00e4gare, med eller utan jakthund. I det h\u00e4r bladet (JAQT-2015) vill vi i arbetsgruppen kort presentera \u00e5rets aktiviteter. F\u00f6r mer information och anm\u00e4lan se [&hellip;]<\/p>\n","protected":false},"author":211,"featured_media":0,"parent":217,"menu_order":0,"comment_status":"open","ping_status":"open","template":"","meta":{"footnotes":""},"class_list":["post-380","page","type-page","status-publish","hentry"],"_links":{"self":[{"href":"https:\/\/krets.jagareforbundet.se\/bollnas\/wp-json\/wp\/v2\/pages\/380","targetHints":{"allow":["GET"]}}],"collection":[{"href":"https:\/\/krets.jagareforbundet.se\/bollnas\/wp-json\/wp\/v2\/pages"}],"about":[{"href":"https:\/\/krets.jagareforbundet.se\/bollnas\/wp-json\/wp\/v2\/types\/page"}],"author":[{"embeddable":true,"href":"https:\/\/krets.jagareforbundet.se\/bollnas\/wp-json\/wp\/v2\/users\/211"}],"replies":[{"embeddable":true,"href":"https:\/\/krets.jagareforbundet.se\/bollnas\/wp-json\/wp\/v2\/comments?post=380"}],"version-history":[{"count":0,"href":"https:\/\/krets.jagareforbundet.se\/bollnas\/wp-json\/wp\/v2\/pages\/380\/revisions"}],"up":[{"embeddable":true,"href":"https:\/\/krets.jagareforbundet.se\/bollnas\/wp-json\/wp\/v2\/pages\/217"}],"wp:attachment":[{"href":"https:\/\/krets.jagareforbundet.se\/bollnas\/wp-json\/wp\/v2\/media?parent=380"}],"curies":[{"name":"wp","href":"https:\/\/api.w.org\/{rel}","templated":true}]}}