{"id":404,"date":"2015-06-13T19:19:51","date_gmt":"2015-06-13T17:19:51","guid":{"rendered":"https:\/\/krets.jagareforbundet.se\/bollnas\/?page_id=404"},"modified":"2015-06-15T07:16:53","modified_gmt":"2015-06-15T05:16:53","slug":"helsinge-outdoor-2015-i-bollnas","status":"publish","type":"page","link":"https:\/\/krets.jagareforbundet.se\/bollnas\/reportage-och-artiklar-2\/helsinge-outdoor-2015-i-bollnas\/","title":{"rendered":"Helsinge Outdoor 2015 i Bolln\u00e4s"},"content":{"rendered":"<p><strong><div class=\"woo-fbshare left\"><div class=\"fb-share-button\" data-href=\"https:\/\/krets.jagareforbundet.se\/bollnas\/?p=404\" data-width=\"100\" data-type=\"button\"><\/div><\/div> \r\n<div class=\"woo-fblike none\">\r\n<iframe src=\"https:\/\/www.facebook.com\/plugins\/like.php?href=https:\/\/krets.jagareforbundet.se\/bollnas\/?p=404&#038;layout=standard&#038;show_faces=false&#038;width=450&#038;action=like&#038;colorscheme=light&#038;font=arial&#038;locale=en_US\" frameborder=\"0\" allowTransparency=\"true\" style=\"border:none; overflow:hidden; width:auto; height:25px;\"><\/iframe>\r\n<\/div>\r\n\t Helsinge Outdoor 2015 p\u00e5 L\u00e5ngn\u00e4sparken i Bolln\u00e4s lockade \u00e4ven i \u00e5r m\u00e5nga bes\u00f6kare. J\u00e4garef\u00f6rbundet Bolln\u00e4s Jaktv\u00e5rdskrets fanns representerade i en monter tillsammans med J\u00e4garef\u00f6rbundet G\u00e4vleborg.<\/strong><\/p>\n<p>-V\u00e5ga fr\u00e5ga, sa Kjell Johansson och Zinita K\u00e4llstr\u00f6m\u00a0fr\u00e5n l\u00e4nsf\u00f6rbundets styrelse. De syftade p\u00e5 kampanjen som skall verka f\u00f6r fler medlemmar i J\u00e4garef\u00f6rbundet. Vi fr\u00e5gar ofta j\u00e4gare om de \u00e4r medlemmar. S\u00e4ger de nej f\u00f6rklarar vi vad vi i J\u00e4garef\u00f6rbundet jobbar med och vad mycket varje medlemskap betyder. Och det brukar l\u00f6na sig att fr\u00e5ga \u2013 b\u00e5de f\u00f6r j\u00e4garen och v\u00e5rt f\u00f6rbund.<\/p>\n<p>Arne Dahl fr\u00e5n Bolln\u00e4s Jaktv\u00e5rdskrets var en av de ansvariga f\u00f6r miniatyrskyttet p\u00e5 bj\u00f6rnfiguren. F\u00f6r tjugo kronor fick vem som helst prova p\u00e5 skytte mot stillast\u00e5ende bj\u00f6rn \u2013 p\u00e5 tid med kaliber 22lr.<\/p>\n<p>-Det \u00e4r roligt d\u00e5 det sm\u00e4ller och h\u00e4nder praktiska saker p\u00e5 en m\u00e4ssa. Vi har haft unga och gamla som provat p\u00e5 hela dagen. Riktigt popul\u00e4rt.<\/p>\n<p>J\u00e4garef\u00f6rbundets monter lockade alla \u00e5ldrar. Lodjursmontage, vildsvinsf\u00e4ll och en fl\u00e5dd r\u00e4v var i\u00f6gonfallande och sv\u00e5ra att motst\u00e5 f\u00f6r m\u00e5nga. Och lockades man in i t\u00e4ltet blev man l\u00e4tt kvar f\u00f6r att lyssna och ber\u00e4tta jakthistorier \u2013 och diskutera jaktpolitik.<\/p>\n<p>M\u00e4ssan p\u00e5gick 13-14 juni.<\/p>\n<div id=\"attachment_407\" style=\"width: 235px\" class=\"wp-caption alignnone\"><a href=\"https:\/\/krets.jagareforbundet.se\/bollnas\/files\/2015\/06\/IMG_3461.jpg\"><img loading=\"lazy\" decoding=\"async\" aria-describedby=\"caption-attachment-407\" class=\"size-medium wp-image-407\" src=\"https:\/\/krets.jagareforbundet.se\/bollnas\/files\/2015\/06\/IMG_3461-225x300.jpg\" alt=\"Kjell Johansson instruerar en troligen blivande j\u00e4gare hur en b\u00f6ssa fungerar.\" width=\"225\" height=\"300\" srcset=\"https:\/\/krets.jagareforbundet.se\/bollnas\/files\/2015\/06\/IMG_3461-225x300.jpg 225w, https:\/\/krets.jagareforbundet.se\/bollnas\/files\/2015\/06\/IMG_3461-768x1024.jpg 768w\" sizes=\"auto, (max-width: 225px) 100vw, 225px\" \/><\/a><p id=\"caption-attachment-407\" class=\"wp-caption-text\">Kjell Johansson instruerar en troligen blivande j\u00e4gare hur en b\u00f6ssa fungerar.<\/p><\/div>\n<p>&nbsp;<\/p>\n","protected":false},"excerpt":{"rendered":"<p>Helsinge Outdoor 2015 p\u00e5 L\u00e5ngn\u00e4sparken i Bolln\u00e4s lockade \u00e4ven i \u00e5r m\u00e5nga bes\u00f6kare. J\u00e4garef\u00f6rbundet Bolln\u00e4s Jaktv\u00e5rdskrets fanns representerade i en monter tillsammans med J\u00e4garef\u00f6rbundet G\u00e4vleborg. -V\u00e5ga fr\u00e5ga, sa Kjell Johansson och Zinita K\u00e4llstr\u00f6m\u00a0fr\u00e5n l\u00e4nsf\u00f6rbundets styrelse. De syftade p\u00e5 kampanjen som skall verka f\u00f6r fler medlemmar i J\u00e4garef\u00f6rbundet. Vi fr\u00e5gar ofta j\u00e4gare om de \u00e4r medlemmar. [&hellip;]<\/p>\n","protected":false},"author":211,"featured_media":403,"parent":365,"menu_order":0,"comment_status":"open","ping_status":"open","template":"","meta":{"footnotes":""},"class_list":["post-404","page","type-page","status-publish","has-post-thumbnail","hentry"],"_links":{"self":[{"href":"https:\/\/krets.jagareforbundet.se\/bollnas\/wp-json\/wp\/v2\/pages\/404","targetHints":{"allow":["GET"]}}],"collection":[{"href":"https:\/\/krets.jagareforbundet.se\/bollnas\/wp-json\/wp\/v2\/pages"}],"about":[{"href":"https:\/\/krets.jagareforbundet.se\/bollnas\/wp-json\/wp\/v2\/types\/page"}],"author":[{"embeddable":true,"href":"https:\/\/krets.jagareforbundet.se\/bollnas\/wp-json\/wp\/v2\/users\/211"}],"replies":[{"embeddable":true,"href":"https:\/\/krets.jagareforbundet.se\/bollnas\/wp-json\/wp\/v2\/comments?post=404"}],"version-history":[{"count":0,"href":"https:\/\/krets.jagareforbundet.se\/bollnas\/wp-json\/wp\/v2\/pages\/404\/revisions"}],"up":[{"embeddable":true,"href":"https:\/\/krets.jagareforbundet.se\/bollnas\/wp-json\/wp\/v2\/pages\/365"}],"wp:featuredmedia":[{"embeddable":true,"href":"https:\/\/krets.jagareforbundet.se\/bollnas\/wp-json\/wp\/v2\/media\/403"}],"wp:attachment":[{"href":"https:\/\/krets.jagareforbundet.se\/bollnas\/wp-json\/wp\/v2\/media?parent=404"}],"curies":[{"name":"wp","href":"https:\/\/api.w.org\/{rel}","templated":true}]}}