{"id":434,"date":"2015-11-30T23:28:20","date_gmt":"2015-11-30T22:28:20","guid":{"rendered":"https:\/\/krets.jagareforbundet.se\/bollnas\/?page_id=434"},"modified":"2015-11-30T23:33:07","modified_gmt":"2015-11-30T22:33:07","slug":"ungdomslager-i-vallsta2015","status":"publish","type":"page","link":"https:\/\/krets.jagareforbundet.se\/bollnas\/reportage-och-artiklar-2\/ungdomslager-i-vallsta2015\/","title":{"rendered":"Ungdomsl\u00e4ger i Vallsta 2015"},"content":{"rendered":"<p><span style=\"font-family: Calibri\"><strong><span style=\"color: #000000\">F\u00f6rsta helgen i oktober arrangerade Bolln\u00e4s jaktv\u00e5rdskrets f\u00f6r andra \u00e5ret ett ungdomsl\u00e4ger<\/span><span style=\"color: #000000\"> i<\/span><\/strong><span style=\"color: #000000\"><strong> samarbete med G\u00e4vleborgs Dreverklubb och G\u00e4vleborgs St\u00f6varklubb. \u00c5tta ungdomar fr\u00e5n olika platser i l\u00e4net deltog, b\u00e5de som uppsiktsj\u00e4gare eller med egen licens och vapen. Men det var ocks\u00e5 flera deltagare med som t\u00e5lmodigt f\u00e5r v\u00e4nta n\u00e5gra \u00e5r innan de f\u00e5r b\u00f6rja uppsiktsjaga.<\/strong> <\/span><\/span><\/p>\n<p><span style=\"font-family: Calibri\"><span style=\"color: #000000\">L\u00f6rdagsmorgon inleddes med jakt p\u00e5 hare med st\u00f6varklubben som st\u00e4llde upp med ett flertal hundar. Alla fick h\u00f6ra klingande drev och flera av ungdomarna fick se haren mer \u00e4n en g\u00e5ng. Till slut fick Gustav Norberg haren i pass och avslutade jakten med ett v\u00e4lriktat skott. <\/span><\/span><\/p>\n<p><span style=\"color: #000000;font-family: Calibri\">Under eftermiddagen fick ungdomarna s\u00e4tta ut och gillra en minkf\u00e4lla i en \u00e5 som rinner f\u00f6rbi \u00f6vernattningsst\u00e4llet. Och p\u00e5 ett jaktl\u00e4ger vill man s\u00e5 klart skjuta lite. S\u00e5 det blev en tur till skjutbanan d\u00e4r ungdomarna tr\u00e4nade 22-skytte p\u00e5 l\u00f6pande \u00e4lg och sj\u00e4lvmarkerande m\u00e5l. Innan middagen fick de passa p\u00e5 b\u00e4ver vid olika vattendrag. B\u00e4vrarna var dock inte s\u00e5 pigga p\u00e5 att visa upp sig i skymningen, bara en var framme men p\u00e5 f\u00f6r l\u00e5ngt h\u00e5ll. Vid ett pass uppm\u00e4rksammade ungdomarna en \u00e4lg inne i skogen. Efter en stunds lockande klev en riktigt fin kapital \u00e4lgtjur fram.<\/span><\/p>\n<p><span style=\"color: #000000;font-family: Calibri\">Minkf\u00e4llan kollades p\u00e5 morgonen p\u00e5 v\u00e4g till frukosten, men den var tom. Sedan var det dags f\u00f6r jakt med dreverklubben. I f\u00f6rsta s\u00e5ten ville inte drevdjuret g\u00e5 i pass \u00e4ven om det var n\u00e4ra. Det var troligtvis en r\u00e4v som gick p\u00e5 l\u00e5ngskjuts. Andra sl\u00e4ppet gjordes p\u00e5 ett annat omr\u00e5de men ingen av hundarna fick upp n\u00e5got r\u00e5djur som det var t\u00e4nkt. D\u00e4remot kom en hel \u00e4lgfamilj, med ko och tv\u00e5 kalvar och en kapital tjur, lugnt travande i ett pass. S\u00e5 kan det g\u00e5 n\u00e4r man \u00e4r ute p\u00e5 jakt. Helgen avslutades med skogslunch innan f\u00f6r\u00e4ldrarna kom och h\u00e4mtade. <\/span><\/p>\n<p><span style=\"color: #000000;font-family: Calibri\">Text och bild: Berit Bodin<\/span><\/p>\n<p>&nbsp;<\/p>\n","protected":false},"excerpt":{"rendered":"<p>F\u00f6rsta helgen i oktober arrangerade Bolln\u00e4s jaktv\u00e5rdskrets f\u00f6r andra \u00e5ret ett ungdomsl\u00e4ger i samarbete med G\u00e4vleborgs Dreverklubb och G\u00e4vleborgs St\u00f6varklubb. \u00c5tta ungdomar fr\u00e5n olika platser i l\u00e4net deltog, b\u00e5de som uppsiktsj\u00e4gare eller med egen licens och vapen. Men det var ocks\u00e5 flera deltagare med som t\u00e5lmodigt f\u00e5r v\u00e4nta n\u00e5gra \u00e5r innan de f\u00e5r b\u00f6rja uppsiktsjaga. [&hellip;]<\/p>\n","protected":false},"author":211,"featured_media":435,"parent":365,"menu_order":0,"comment_status":"closed","ping_status":"closed","template":"","meta":{"footnotes":""},"class_list":["post-434","page","type-page","status-publish","has-post-thumbnail","hentry"],"_links":{"self":[{"href":"https:\/\/krets.jagareforbundet.se\/bollnas\/wp-json\/wp\/v2\/pages\/434","targetHints":{"allow":["GET"]}}],"collection":[{"href":"https:\/\/krets.jagareforbundet.se\/bollnas\/wp-json\/wp\/v2\/pages"}],"about":[{"href":"https:\/\/krets.jagareforbundet.se\/bollnas\/wp-json\/wp\/v2\/types\/page"}],"author":[{"embeddable":true,"href":"https:\/\/krets.jagareforbundet.se\/bollnas\/wp-json\/wp\/v2\/users\/211"}],"replies":[{"embeddable":true,"href":"https:\/\/krets.jagareforbundet.se\/bollnas\/wp-json\/wp\/v2\/comments?post=434"}],"version-history":[{"count":1,"href":"https:\/\/krets.jagareforbundet.se\/bollnas\/wp-json\/wp\/v2\/pages\/434\/revisions"}],"predecessor-version":[{"id":436,"href":"https:\/\/krets.jagareforbundet.se\/bollnas\/wp-json\/wp\/v2\/pages\/434\/revisions\/436"}],"up":[{"embeddable":true,"href":"https:\/\/krets.jagareforbundet.se\/bollnas\/wp-json\/wp\/v2\/pages\/365"}],"wp:featuredmedia":[{"embeddable":true,"href":"https:\/\/krets.jagareforbundet.se\/bollnas\/wp-json\/wp\/v2\/media\/435"}],"wp:attachment":[{"href":"https:\/\/krets.jagareforbundet.se\/bollnas\/wp-json\/wp\/v2\/media?parent=434"}],"curies":[{"name":"wp","href":"https:\/\/api.w.org\/{rel}","templated":true}]}}