{"id":454,"date":"2016-02-07T11:22:54","date_gmt":"2016-02-07T10:22:54","guid":{"rendered":"https:\/\/krets.jagareforbundet.se\/bollnas\/?page_id=454"},"modified":"2016-02-07T14:34:05","modified_gmt":"2016-02-07T13:34:05","slug":"arsmote-2016","status":"publish","type":"page","link":"https:\/\/krets.jagareforbundet.se\/bollnas\/reportage-och-artiklar-2\/arsmote-2016\/","title":{"rendered":"\u00c5rsm\u00f6te 2016 &#8211; med f\u00f6rel\u00e4sning om rovdjur"},"content":{"rendered":"<p><strong>N\u00e4r Bolln\u00e4s Jaktv\u00e5rdskrets har \u00e5rsm\u00f6te passar styrelsen p\u00e5 att bjuda in intressanta f\u00f6rel\u00e4sare. Per Mellstr\u00f6m fr\u00e5n J\u00e4garef\u00f6rbundet G\u00e4vleborgs styrelse pratade om rovdjur p\u00e5 \u00e5rsm\u00f6tet f\u00f6r 2015-\u00e5rs verksamhet.\u00a0M\u00f6tet h\u00f6lls 4 februari p\u00e5 D\u00f6njeg\u00e5rden i R\u00f6ste.<\/strong><\/p>\n<p>&#8211; Detta \u00e4r ett bra s\u00e4tt att \u00f6ka intresset f\u00f6r v\u00e5ra \u00e5rsm\u00f6ten, sa en n\u00f6jd Berit Bodin efter m\u00f6tet. Hon hade just omvalts till ordf\u00f6rande f\u00f6r Bolln\u00e4skretsen av ett \u00e5rsm\u00f6te med trettiotalet deltagare.<\/p>\n<p>Berit Bodin summerade ett h\u00e4ndelserikt \u00e5r i kretsen; med m\u00e5nga aktiviteter som lockat unga, \u00e4ldre samt b\u00e5de\u00a0kvinnor och m\u00e4n. En av de mest lyckade aktiviteterna under \u00e5ret var n\u00e4r kretsen arrangerade ett tv\u00e5dagars seminarium f\u00f6r sj\u00e4lvstuderande i j\u00e4garskolan. Andra aktiviteter hon framh\u00f6ll som popul\u00e4ra och angel\u00e4gna var etikseminariet med riksjaktv\u00e5rdskonsultent Daniel Lign\u00e9, f\u00f6rel\u00e4sning om r\u00f6dr\u00e4ven med professor Jan Englund, den \u00e5rliga ungdomsjakten och alla givande styrelsem\u00f6ten samt inventeringen av r\u00e4vskabbens utbredning i kretsen.<\/p>\n<p>\u00c5rsm\u00f6tets g\u00e4stf\u00f6rel\u00e4sare, Per Mellstr\u00f6m fr\u00e5n l\u00e4nsf\u00f6rbundet och rovdjursansvarig i Ockelbo Jaktv\u00e5rdskrets ber\u00e4ttade om rovdjursl\u00e4get i l\u00e4net. Framf\u00f6rallt handlade hans f\u00f6redrag vargens utbredning och f\u00f6ryngringar.<\/p>\n<p>&#8211; Verkligen engagerade j\u00e4gare i Bolln\u00e4s Jaktv\u00e5rdskrets. Det var m\u00e5nga som st\u00e4llde kloka och balanserade fr\u00e5gor under f\u00f6redraget. Det m\u00e4rks att det finns ett stort intresse h\u00e4r i H\u00e4lsingland f\u00f6r rovdjursfr\u00e5gor, sa Mellstr\u00f6m efter f\u00f6redraget.<\/p>\n<p>Innan Mellstr\u00f6m avslutade ber\u00e4ttade han hur den just nu p\u00e5g\u00e5ende vargjakten g\u00e5r till praktiskt. Flera i publiken st\u00e4llde fr\u00e5gor om hur det fungerar att jaga varg med drivande hund och hur vargen beter sig n\u00e4r den \u00e4r jagad.<\/p>\n<p>&#8211; Ett intressant f\u00f6redrag som l\u00e4rde mig en del men ocks\u00e5 bekr\u00e4ftar en del teorier jag haft om vargen tidigare, sa Erik Olsson efter kretsens \u00e5rsm\u00f6te.<\/p>\n<div id=\"attachment_451\" style=\"width: 310px\" class=\"wp-caption alignnone\"><a href=\"https:\/\/krets.jagareforbundet.se\/bollnas\/files\/2016\/02\/img_4961.jpg\"><img loading=\"lazy\" decoding=\"async\" aria-describedby=\"caption-attachment-451\" class=\"size-medium wp-image-451\" src=\"https:\/\/krets.jagareforbundet.se\/bollnas\/files\/2016\/02\/img_4961-300x225.jpg\" alt=\"\u00c5rsm\u00f6tet f\u00f6r 2015-\u00e5rs verksamhet h\u00f6lls p\u00e5 D\u00f6njeg\u00e5rden i R\u00f6ste.\" width=\"300\" height=\"225\" srcset=\"https:\/\/krets.jagareforbundet.se\/bollnas\/files\/2016\/02\/img_4961-300x225.jpg 300w, https:\/\/krets.jagareforbundet.se\/bollnas\/files\/2016\/02\/img_4961-1024x768.jpg 1024w\" sizes=\"auto, (max-width: 300px) 100vw, 300px\" \/><\/a><p id=\"caption-attachment-451\" class=\"wp-caption-text\">\u00c5rsm\u00f6tet f\u00f6r 2015-\u00e5rs verksamhet h\u00f6lls p\u00e5 D\u00f6njeg\u00e5rden i R\u00f6ste.<\/p><\/div>\n<div id=\"attachment_453\" style=\"width: 310px\" class=\"wp-caption alignnone\"><a href=\"https:\/\/krets.jagareforbundet.se\/bollnas\/files\/2016\/02\/img_4964.jpg\"><img loading=\"lazy\" decoding=\"async\" aria-describedby=\"caption-attachment-453\" class=\"size-medium wp-image-453\" src=\"https:\/\/krets.jagareforbundet.se\/bollnas\/files\/2016\/02\/img_4964-300x225.jpg\" alt=\"Per Mellstr\u00f6m h\u00f6ll \u00e5rets g\u00e4stf\u00f6redrag p\u00e5 \u00e5rsm\u00f6tet. Han ber\u00e4ttade om rovdjursl\u00e4get i l\u00e4net samt beskrev vargjakt utifr\u00e5n \u00e5rets jakter i landet.\" width=\"300\" height=\"225\" srcset=\"https:\/\/krets.jagareforbundet.se\/bollnas\/files\/2016\/02\/img_4964-300x225.jpg 300w, https:\/\/krets.jagareforbundet.se\/bollnas\/files\/2016\/02\/img_4964-1024x768.jpg 1024w\" sizes=\"auto, (max-width: 300px) 100vw, 300px\" \/><\/a><p id=\"caption-attachment-453\" class=\"wp-caption-text\">Per Mellstr\u00f6m h\u00f6ll \u00e5rets g\u00e4stf\u00f6redrag p\u00e5 \u00e5rsm\u00f6tet. Han ber\u00e4ttade om rovdjursl\u00e4get i l\u00e4net samt beskrev vargjakt utifr\u00e5n \u00e5rets jakter i landet.<\/p><\/div>\n","protected":false},"excerpt":{"rendered":"<p>N\u00e4r Bolln\u00e4s Jaktv\u00e5rdskrets har \u00e5rsm\u00f6te passar styrelsen p\u00e5 att bjuda in intressanta f\u00f6rel\u00e4sare. Per Mellstr\u00f6m fr\u00e5n J\u00e4garef\u00f6rbundet G\u00e4vleborgs styrelse pratade om rovdjur p\u00e5 \u00e5rsm\u00f6tet f\u00f6r 2015-\u00e5rs verksamhet.\u00a0M\u00f6tet h\u00f6lls 4 februari p\u00e5 D\u00f6njeg\u00e5rden i R\u00f6ste. &#8211; Detta \u00e4r ett bra s\u00e4tt att \u00f6ka intresset f\u00f6r v\u00e5ra \u00e5rsm\u00f6ten, sa en n\u00f6jd Berit Bodin efter m\u00f6tet. Hon hade [&hellip;]<\/p>\n","protected":false},"author":211,"featured_media":452,"parent":365,"menu_order":0,"comment_status":"closed","ping_status":"closed","template":"","meta":{"footnotes":""},"class_list":["post-454","page","type-page","status-publish","has-post-thumbnail","hentry"],"_links":{"self":[{"href":"https:\/\/krets.jagareforbundet.se\/bollnas\/wp-json\/wp\/v2\/pages\/454","targetHints":{"allow":["GET"]}}],"collection":[{"href":"https:\/\/krets.jagareforbundet.se\/bollnas\/wp-json\/wp\/v2\/pages"}],"about":[{"href":"https:\/\/krets.jagareforbundet.se\/bollnas\/wp-json\/wp\/v2\/types\/page"}],"author":[{"embeddable":true,"href":"https:\/\/krets.jagareforbundet.se\/bollnas\/wp-json\/wp\/v2\/users\/211"}],"replies":[{"embeddable":true,"href":"https:\/\/krets.jagareforbundet.se\/bollnas\/wp-json\/wp\/v2\/comments?post=454"}],"version-history":[{"count":0,"href":"https:\/\/krets.jagareforbundet.se\/bollnas\/wp-json\/wp\/v2\/pages\/454\/revisions"}],"up":[{"embeddable":true,"href":"https:\/\/krets.jagareforbundet.se\/bollnas\/wp-json\/wp\/v2\/pages\/365"}],"wp:featuredmedia":[{"embeddable":true,"href":"https:\/\/krets.jagareforbundet.se\/bollnas\/wp-json\/wp\/v2\/media\/452"}],"wp:attachment":[{"href":"https:\/\/krets.jagareforbundet.se\/bollnas\/wp-json\/wp\/v2\/media?parent=454"}],"curies":[{"name":"wp","href":"https:\/\/api.w.org\/{rel}","templated":true}]}}