{"id":470,"date":"2016-04-06T18:54:51","date_gmt":"2016-04-06T16:54:51","guid":{"rendered":"https:\/\/krets.jagareforbundet.se\/bollnas\/?page_id=470"},"modified":"2016-04-09T08:41:01","modified_gmt":"2016-04-09T06:41:01","slug":"470-2","status":"publish","type":"page","link":"https:\/\/krets.jagareforbundet.se\/bollnas\/reportage-och-artiklar-2\/470-2\/","title":{"rendered":"Kretsens j\u00e4garcaf\u00e9 i R\u00f6ste"},"content":{"rendered":"<p><strong><div class=\"woo-fbshare left\"><div class=\"fb-share-button\" data-href=\"https:\/\/krets.jagareforbundet.se\/bollnas\/?p=470\" data-width=\"100\" data-type=\"button\"><\/div><\/div> En kv\u00e4ll i april arrangerade Bolln\u00e4s Jaktv\u00e5rdskrets ett j\u00e4garcaf\u00e9 p\u00e5 D\u00f6njeg\u00e5rden i R\u00f6ste. Hans Nordin och Sone Persson, b\u00e5da naturbevakare p\u00e5 L\u00e4nsstyrelsen G\u00e4vleborg var inbjudna f\u00f6r att prata om rovdjursl\u00e4get l\u00e4net. Trettiotalet intresserade kom.<\/strong><br \/>\n&#8211; Rovdjursfr\u00e5gorna engagerar. Jag skulle l\u00e4tt kunna prata en dag om endast vargl\u00e4get i l\u00e4net sa Hans Nordin innan f\u00f6redraget.<\/p>\n<p>J\u00e4garcaf\u00e9t i april var ett f\u00f6rs\u00f6k fr\u00e5n Bolln\u00e4s Jaktv\u00e5rdskrets att forts\u00e4tta g\u00f6ra bra saker f\u00f6r medlemmarna. Konceptet \u00e4r lika enkelt som det l\u00e5ter. S\u00e4lja fika och erbjuda en samlingsplats f\u00f6r folk med samma intresse. F\u00f6rs\u00f6ket blev lyckat. Sannolikt f\u00f6r att kv\u00e4llens tema var s\u00e5 tydligt och angel\u00e4get.<br \/>\nHans Nordin och Sone Persson, f\u00f6rel\u00e4ste i tv\u00e5 timmar och deras budskap grundades p\u00e5 dagsf\u00e4rsk information fr\u00e5n L\u00e4nsstyrelsens f\u00e4ltarbete med observationer och vissa tidiga slutsatser. F\u00f6rutom det aktuella vargl\u00e4get med antalet revir pratade de om vargens beteende, f\u00f6rmodat antal, d\u00f6dlighet samt f\u00e4ltpersonalens tillv\u00e4gag\u00e5ngss\u00e4tt<\/p>\n<p>&#8211; Vi \u00e4r l\u00e4nsstyrelsens personal ute i f\u00e4lt. Vi fattar inga rovdjurspolitiska beslut. Vi tar inte st\u00e4llning. V\u00e5rt material och v\u00e5ra observationer skall analyseras av forskarna som sedan b\u00e4r fram beslutsunderlag till statsmakten och politikerna. Det \u00e4r d\u00e4r de stora fr\u00e5gorna avg\u00f6rs.<\/p>\n<p>Som till exempel att G\u00e4vleborgs l\u00e4ns f\u00f6rvaltningsm\u00e5l \u00e4r att l\u00e4net skall t\u00e5la minst tre vargf\u00f6ryngringar per \u00e5r. N\u00e5got tak finns egentligen inte vilket inneb\u00e4r att det kan bli betydligt fler om m\u00e5ls\u00e4ttningarna i andra l\u00e4n inte uppfylls. Rikets f\u00f6rvaltningsm\u00e5l \u00e4r minst 27 f\u00f6ryngringar.<\/p>\n<p>I l\u00e4net r\u00e4knar L\u00e4nsstyrelsen med att det finns 12 revir i dagsl\u00e4get; och man brukar r\u00e4kna med att ett revir \u00e4r i snitt 100 000 hektar.<\/p>\n<p>Kretsens f\u00f6rsta j\u00e4garcaf\u00e9 blev lyckat. Fler kv\u00e4llar med kaffe och macka samt intressanta f\u00f6rel\u00e4sare planeras.<\/p>\n<p>&#8211; Lyckat arrangemang. Bra samtal i ett mycket sunt tonl\u00e4ge tillsammans med L\u00e4nsstyrelsen. Precis som vi \u00f6nskar. Vi f\u00e5r se vad vi har f\u00f6r tema p\u00e5 n\u00e4sta caf\u00e9, summerade Berit Bodin, kretsens ordf\u00f6rande.<\/p>\n<div id=\"attachment_467\" style=\"width: 310px\" class=\"wp-caption alignright\"><a href=\"https:\/\/krets.jagareforbundet.se\/bollnas\/files\/2016\/04\/img_5046.jpg\"><img loading=\"lazy\" decoding=\"async\" aria-describedby=\"caption-attachment-467\" class=\"size-medium wp-image-467\" src=\"https:\/\/krets.jagareforbundet.se\/bollnas\/files\/2016\/04\/img_5046-300x200.jpg\" alt=\"Ett 30-tal bes\u00f6kare p\u00e5 D\u00f6njeg\u00e5rden i R\u00f6ste lyssnade p\u00e5 Hans Nordin och Sone Persson fr\u00e5n L\u00e4nsstyrelsen.\" width=\"300\" height=\"200\" srcset=\"https:\/\/krets.jagareforbundet.se\/bollnas\/files\/2016\/04\/img_5046-300x200.jpg 300w, https:\/\/krets.jagareforbundet.se\/bollnas\/files\/2016\/04\/img_5046-1024x683.jpg 1024w\" sizes=\"auto, (max-width: 300px) 100vw, 300px\" \/><\/a><p id=\"caption-attachment-467\" class=\"wp-caption-text\">Ett 30-tal bes\u00f6kare p\u00e5 D\u00f6njeg\u00e5rden i R\u00f6ste lyssnade p\u00e5 Hans Nordin och Sone Persson fr\u00e5n L\u00e4nsstyrelsen.<\/p><\/div>\n<div id=\"attachment_471\" style=\"width: 310px\" class=\"wp-caption alignnone\"><a href=\"https:\/\/krets.jagareforbundet.se\/bollnas\/files\/2016\/04\/img_5041.jpg\"><img loading=\"lazy\" decoding=\"async\" aria-describedby=\"caption-attachment-471\" class=\"size-medium wp-image-471\" src=\"https:\/\/krets.jagareforbundet.se\/bollnas\/files\/2016\/04\/img_5041-300x200.jpg\" alt=\"30-tal intresserade bes\u00f6kte D\u00f6njeg\u00e5rden n\u00e4r hans Nordin och Sone Persson h\u00f6ll f\u00f6redrag om vargl\u00e4get i l\u00e4net.\" width=\"300\" height=\"200\" srcset=\"https:\/\/krets.jagareforbundet.se\/bollnas\/files\/2016\/04\/img_5041-300x200.jpg 300w, https:\/\/krets.jagareforbundet.se\/bollnas\/files\/2016\/04\/img_5041-1024x683.jpg 1024w\" sizes=\"auto, (max-width: 300px) 100vw, 300px\" \/><\/a><p id=\"caption-attachment-471\" class=\"wp-caption-text\">30-tal intresserade bes\u00f6kte D\u00f6njeg\u00e5rden n\u00e4r hans Nordin och Sone Persson h\u00f6ll f\u00f6redrag om vargl\u00e4get i l\u00e4net.<\/p><\/div>\n<div id=\"attachment_468\" style=\"width: 310px\" class=\"wp-caption alignright\"><a href=\"https:\/\/krets.jagareforbundet.se\/bollnas\/files\/2016\/04\/img_5049.jpg\"><img loading=\"lazy\" decoding=\"async\" aria-describedby=\"caption-attachment-468\" class=\"size-medium wp-image-468\" src=\"https:\/\/krets.jagareforbundet.se\/bollnas\/files\/2016\/04\/img_5049-300x200.jpg\" alt=\"Hans Nordin visar l\u00f6ptecken fr\u00e5n en vargtik.\" width=\"300\" height=\"200\" srcset=\"https:\/\/krets.jagareforbundet.se\/bollnas\/files\/2016\/04\/img_5049-300x200.jpg 300w, https:\/\/krets.jagareforbundet.se\/bollnas\/files\/2016\/04\/img_5049-1024x683.jpg 1024w\" sizes=\"auto, (max-width: 300px) 100vw, 300px\" \/><\/a><p id=\"caption-attachment-468\" class=\"wp-caption-text\">Hans Nordin visar l\u00f6ptecken fr\u00e5n en vargtik.<\/p><\/div>\n<div id=\"attachment_466\" style=\"width: 310px\" class=\"wp-caption alignright\"><a href=\"https:\/\/krets.jagareforbundet.se\/bollnas\/files\/2016\/04\/img_5034.jpg\"><img loading=\"lazy\" decoding=\"async\" aria-describedby=\"caption-attachment-466\" class=\"size-medium wp-image-466\" src=\"https:\/\/krets.jagareforbundet.se\/bollnas\/files\/2016\/04\/img_5034-300x200.jpg\" alt=\"\u00c5ke Andersson (th) st\u00e4ller en fr\u00e5ga till Hans Nordin fr\u00e5n L\u00e4nsstyrelsen.\" width=\"300\" height=\"200\" srcset=\"https:\/\/krets.jagareforbundet.se\/bollnas\/files\/2016\/04\/img_5034-300x200.jpg 300w, https:\/\/krets.jagareforbundet.se\/bollnas\/files\/2016\/04\/img_5034-1024x683.jpg 1024w\" sizes=\"auto, (max-width: 300px) 100vw, 300px\" \/><\/a><p id=\"caption-attachment-466\" class=\"wp-caption-text\">\u00c5ke Andersson (th) st\u00e4ller en fr\u00e5ga till Hans Nordin fr\u00e5n L\u00e4nsstyrelsen.<\/p><\/div>\n","protected":false},"excerpt":{"rendered":"<p>En kv\u00e4ll i april arrangerade Bolln\u00e4s Jaktv\u00e5rdskrets ett j\u00e4garcaf\u00e9 p\u00e5 D\u00f6njeg\u00e5rden i R\u00f6ste. Hans Nordin och Sone Persson, b\u00e5da naturbevakare p\u00e5 L\u00e4nsstyrelsen G\u00e4vleborg var inbjudna f\u00f6r att prata om rovdjursl\u00e4get l\u00e4net. Trettiotalet intresserade kom. &#8211; Rovdjursfr\u00e5gorna engagerar. Jag skulle l\u00e4tt kunna prata en dag om endast vargl\u00e4get i l\u00e4net sa Hans Nordin innan f\u00f6redraget. J\u00e4garcaf\u00e9t [&hellip;]<\/p>\n","protected":false},"author":211,"featured_media":474,"parent":365,"menu_order":0,"comment_status":"closed","ping_status":"closed","template":"","meta":{"footnotes":""},"class_list":["post-470","page","type-page","status-publish","has-post-thumbnail","hentry"],"_links":{"self":[{"href":"https:\/\/krets.jagareforbundet.se\/bollnas\/wp-json\/wp\/v2\/pages\/470","targetHints":{"allow":["GET"]}}],"collection":[{"href":"https:\/\/krets.jagareforbundet.se\/bollnas\/wp-json\/wp\/v2\/pages"}],"about":[{"href":"https:\/\/krets.jagareforbundet.se\/bollnas\/wp-json\/wp\/v2\/types\/page"}],"author":[{"embeddable":true,"href":"https:\/\/krets.jagareforbundet.se\/bollnas\/wp-json\/wp\/v2\/users\/211"}],"replies":[{"embeddable":true,"href":"https:\/\/krets.jagareforbundet.se\/bollnas\/wp-json\/wp\/v2\/comments?post=470"}],"version-history":[{"count":1,"href":"https:\/\/krets.jagareforbundet.se\/bollnas\/wp-json\/wp\/v2\/pages\/470\/revisions"}],"predecessor-version":[{"id":472,"href":"https:\/\/krets.jagareforbundet.se\/bollnas\/wp-json\/wp\/v2\/pages\/470\/revisions\/472"}],"up":[{"embeddable":true,"href":"https:\/\/krets.jagareforbundet.se\/bollnas\/wp-json\/wp\/v2\/pages\/365"}],"wp:featuredmedia":[{"embeddable":true,"href":"https:\/\/krets.jagareforbundet.se\/bollnas\/wp-json\/wp\/v2\/media\/474"}],"wp:attachment":[{"href":"https:\/\/krets.jagareforbundet.se\/bollnas\/wp-json\/wp\/v2\/media?parent=470"}],"curies":[{"name":"wp","href":"https:\/\/api.w.org\/{rel}","templated":true}]}}