{"id":527,"date":"2017-03-17T11:08:31","date_gmt":"2017-03-17T10:08:31","guid":{"rendered":"https:\/\/krets.jagareforbundet.se\/bollnas\/?page_id=527"},"modified":"2017-03-17T11:35:40","modified_gmt":"2017-03-17T10:35:40","slug":"vargjakten-i-blybergsreviret-forelasning-av-per-mellstrom","status":"publish","type":"page","link":"https:\/\/krets.jagareforbundet.se\/bollnas\/reportage-och-artiklar-2\/vargjakten-i-blybergsreviret-forelasning-av-per-mellstrom\/","title":{"rendered":"Vargjakten i Blybergsreviret &#8211; f\u00f6rel\u00e4sning av Per Mellstr\u00f6m"},"content":{"rendered":"<p><strong><span style=\"color: #000000;font-family: Calibri\">\r\n<div class=\"woo-fblike none\">\r\n<iframe src=\"https:\/\/www.facebook.com\/plugins\/like.php?href=https:\/\/krets.jagareforbundet.se\/bollnas\/reportage-och-artiklar-2\/vargjakten-i-blybergsreviret-forelasning-av-per-mellstrom\/&#038;layout=standard&#038;show_faces=false&#038;width=450&#038;action=like&#038;colorscheme=light&#038;font=arial&#038;locale=en_US\" frameborder=\"0\" allowTransparency=\"true\" style=\"border:none; overflow:hidden; width:auto; height:25px;\"><\/iframe>\r\n<\/div>\r\n\t <div class=\"woo-fbshare left\"><div class=\"fb-share-button\" data-href=\"https:\/\/krets.jagareforbundet.se\/bollnas\/reportage-och-artiklar-2\/vargjakten-i-blybergsreviret-forelasning-av-per-mellstrom\/\" data-width=\"100\" data-type=\"button\"><\/div><\/div> Vargjakten intresserar och engagerar. En kv\u00e4ll i mars arrangerade Bolln\u00e4s jaktv\u00e5rdskrets ett erfarenhetsseminarium om vargjakten i Blybergsreviret d\u00e4r sex vargar sk\u00f6ts p\u00e5 mindre \u00e4n en vecka. Trettiotalet intresserade samlades p\u00e5 D\u00f6njeg\u00e5rden i R\u00f6ste f\u00f6r att lyssnade p\u00e5 Blybergsjaktens vice jaktledare Per Mellstr\u00f6m som visade bilder och delade med sig av unika erfarenheter.<\/span><\/strong><\/p>\n<p><span style=\"color: #000000;font-family: Calibri\">Jakten i Blybergsreviret \u00e4gde rum under en vecka i januari 2017. Den anses som mycket v\u00e4l genomf\u00f6rd; och att sex vargar f\u00e4lldes p\u00e5 mindre \u00e4n en vecka \u00e4r ovanligt.<\/span><\/p>\n<p><span style=\"color: #000000;font-family: Calibri\">Per Mellstr\u00f6m betonade vikten av ett klokt f\u00f6rarbete, bra hj\u00e4lpmedel och uth\u00e5lligt folk med insikt om att detta inte \u00e4r en enkel jakt. En h\u00e5llbar organisation med duktiga j\u00e4gare och en jaktledning med f\u00f6rtroende som tydliggjort uppdraget och allas roller, det var kanske de viktigaste faktorerna f\u00f6r den effektiva jakten.<\/span><\/p>\n<p><span style=\"color: #000000;font-family: Calibri\">&#8211;\u00a0Utan duktiga sp\u00e5rare blir det korvgrillning, sa Per och menade samtidigt att alla roller \u00e4r viktiga. L\u00e4mnas n\u00e5got \u00e5t slumpen \u00e4r det fara f\u00f6r att jakten misslyckas. V\u00e4gar skall vara plogade, sambandet skall fungera, ansvaret skall vara f\u00f6rdelat, reglerna skall vara tydliga och k\u00e4nda, kartorna uppdaterad. Listan \u00e4r l\u00e5ng p\u00e5 de saker som skall vara p\u00e5 plats.<\/span><\/p>\n<p><span style=\"color: #000000;font-family: Calibri\">\u00a0<\/span><span style=\"color: #000000;font-family: Calibri\">I Blybergsjakten fungerade organisationen helt utan problem.<\/span><\/p>\n<p><span style=\"color: #000000;font-family: Calibri\">\u00a0<\/span><span style=\"color: #000000;font-family: Calibri\">&#8211;\u00a0Vi hade duktigt folk \u00f6verallt med h\u00f6rsamhet f\u00f6r jaktledningens beslut. Ett lagarbete n\u00e4r det \u00e4r som b\u00e4st.<\/span><\/p>\n<p><span style=\"color: #000000;font-family: Calibri\">\u00a0<\/span><span style=\"color: #000000;font-family: Calibri\">Jakten bedrevs delvis med hundar. N\u00e5got som flera av \u00e5h\u00f6rarna var nyfikna p\u00e5.<\/span><\/p>\n<p><span style=\"color: #000000;font-family: Calibri\">\u00a0<\/span><span style=\"color: #000000;font-family: Calibri\">&#8211;\u00a0Jakten med hund bygger p\u00e5 att man ser till att vargen\/vargarna b\u00f6rjar g\u00e5 undan innan man sl\u00e4pper hundar l\u00f6s efter sp\u00e5ret. Man ser ocks\u00e5 till att det inte \u00e4r f\u00f6r m\u00e5nga vargar tillsammans n\u00e4r hundar sl\u00e4pps l\u00f6s. Detta f\u00f6r att minska riskerna f\u00f6r hundarna. Ganska ofta \u00e4r det hundf\u00f6raren som skjuter och d\u00e5 \u00e4r det p\u00e5 rena st\u00e5ndskall eller g\u00e5ngst\u00e5nd. Vi anv\u00e4nder oss g\u00e4rna av hundraser som i vanliga fall driver r\u00e4v, bj\u00f6rn eller lo.<\/span><\/p>\n<p><span style=\"color: #000000;font-family: Calibri\">Bolln\u00e4skretsens ordf\u00f6rande, Berit Bodin menade efter f\u00f6rel\u00e4sningen att detta blev en mycket lyckad kv\u00e4ll om praktisk jakt efter varg som inte s\u00e5 m\u00e5nga k\u00e4nner till. Dessutom blev detta en f\u00f6rel\u00e4sning om vikten av en klok jaktorganisation och hur man bygger upp en s\u00e5dan.<\/span><\/p>\n<p><span style=\"color: #000000;font-family: Calibri\">&#8211;\u00a0Att samordna ett s\u00e5 pass stort omr\u00e5de med s\u00e5 m\u00e5nga jaktlag \u00e4r inte helt enkelt. Men Blybergsjakten visar att det p\u00e5 kort tid \u00e4r m\u00f6jligt &#8211; och med ett mycket lyckat resultat.<\/span><\/p>\n<p><span style=\"color: #000000;font-family: Calibri\">Detta var bolln\u00e4skretsens f\u00f6rsta j\u00e4garcaf\u00e9 f\u00f6r \u00e5ret. Strax efter sommaren kommer n\u00e4sta. Vad temat blir \u00e4r inte best\u00e4mt.<\/span><\/p>\n<p><span style=\"color: #000000;font-family: Calibri\">&#8211;\u00a0Det blir som vanligt n\u00e5got angel\u00e4get. Vi f\u00f6rs\u00f6ker lyssna p\u00e5 v\u00e5ra medlemmar vad de \u00e4r intresserade av och beslutar p\u00e5 kort varsel. Vi annonserar i sociala medier och via mailutskick f\u00f6r att h\u00e5lla kostnaderna nere. Detta \u00e4r ju gratis f\u00f6r v\u00e5ra medlemmar, s\u00e4ger Berit Bodin.<\/span><\/p>\n<p><span style=\"color: #000000;font-family: Calibri\">\u00a0<\/span><\/p>\n<p><span style=\"color: #000000;font-family: Calibri\">Text och foto: Lars \u00c5sberg<\/span><\/p>\n<div id=\"attachment_521\" style=\"width: 407px\" class=\"wp-caption alignnone\"><a href=\"https:\/\/krets.jagareforbundet.se\/bollnas\/files\/2017\/03\/img_7254.jpg\"><img loading=\"lazy\" decoding=\"async\" aria-describedby=\"caption-attachment-521\" class=\"wp-image-521 \" src=\"https:\/\/krets.jagareforbundet.se\/bollnas\/files\/2017\/03\/img_7254-300x200.jpg\" alt=\"\" width=\"397\" height=\"264\" srcset=\"https:\/\/krets.jagareforbundet.se\/bollnas\/files\/2017\/03\/img_7254-300x200.jpg 300w, https:\/\/krets.jagareforbundet.se\/bollnas\/files\/2017\/03\/img_7254-768x512.jpg 768w, https:\/\/krets.jagareforbundet.se\/bollnas\/files\/2017\/03\/img_7254-1024x683.jpg 1024w\" sizes=\"auto, (max-width: 397px) 100vw, 397px\" \/><\/a><p id=\"caption-attachment-521\" class=\"wp-caption-text\">\u00c5ke Andersson fr\u00e5n Bolln\u00e4s Jaktv\u00e5rdskrets samtalar med Per Mellstr\u00f6m p\u00e5 j\u00e4garcaf\u00e9t i R\u00f6ste 16 mars.<\/p><\/div>\n<div id=\"attachment_526\" style=\"width: 408px\" class=\"wp-caption alignnone\"><a href=\"https:\/\/krets.jagareforbundet.se\/bollnas\/files\/2017\/03\/img_7265.jpg\"><img loading=\"lazy\" decoding=\"async\" aria-describedby=\"caption-attachment-526\" class=\"wp-image-526 \" src=\"https:\/\/krets.jagareforbundet.se\/bollnas\/files\/2017\/03\/img_7265-300x200.jpg\" alt=\"\" width=\"398\" height=\"265\" srcset=\"https:\/\/krets.jagareforbundet.se\/bollnas\/files\/2017\/03\/img_7265-300x200.jpg 300w, https:\/\/krets.jagareforbundet.se\/bollnas\/files\/2017\/03\/img_7265-768x512.jpg 768w, https:\/\/krets.jagareforbundet.se\/bollnas\/files\/2017\/03\/img_7265-1024x683.jpg 1024w\" sizes=\"auto, (max-width: 398px) 100vw, 398px\" \/><\/a><p id=\"caption-attachment-526\" class=\"wp-caption-text\">Berit Bodin, ordf\u00f6rande f\u00f6r Bolln\u00e4skretsen summerade en lyckad kv\u00e4ll om vargjakt.<\/p><\/div>\n<div id=\"attachment_525\" style=\"width: 405px\" class=\"wp-caption alignleft\"><a href=\"https:\/\/krets.jagareforbundet.se\/bollnas\/files\/2017\/03\/img_7262.jpg\"><img loading=\"lazy\" decoding=\"async\" aria-describedby=\"caption-attachment-525\" class=\"wp-image-525\" src=\"https:\/\/krets.jagareforbundet.se\/bollnas\/files\/2017\/03\/img_7262-300x200.jpg\" alt=\"\" width=\"395\" height=\"263\" srcset=\"https:\/\/krets.jagareforbundet.se\/bollnas\/files\/2017\/03\/img_7262-300x200.jpg 300w, https:\/\/krets.jagareforbundet.se\/bollnas\/files\/2017\/03\/img_7262-768x512.jpg 768w, https:\/\/krets.jagareforbundet.se\/bollnas\/files\/2017\/03\/img_7262-1024x683.jpg 1024w\" sizes=\"auto, (max-width: 395px) 100vw, 395px\" \/><\/a><p id=\"caption-attachment-525\" class=\"wp-caption-text\">\u00d6ver trettio intresserade j\u00e4gare samlades p\u00e5 D\u00f6njeg\u00e5rden i R\u00f6ste f\u00f6r att lyssna p\u00e5 och st\u00e4lla fr\u00e5gor till Per Mellstr\u00f6m.<\/p><\/div>\n<p>&nbsp;<\/p>\n","protected":false},"excerpt":{"rendered":"<p>Vargjakten intresserar och engagerar. En kv\u00e4ll i mars arrangerade Bolln\u00e4s jaktv\u00e5rdskrets ett erfarenhetsseminarium om vargjakten i Blybergsreviret d\u00e4r sex vargar sk\u00f6ts p\u00e5 mindre \u00e4n en vecka. Trettiotalet intresserade samlades p\u00e5 D\u00f6njeg\u00e5rden i R\u00f6ste f\u00f6r att lyssnade p\u00e5 Blybergsjaktens vice jaktledare Per Mellstr\u00f6m som visade bilder och delade med sig av unika erfarenheter. Jakten i Blybergsreviret [&hellip;]<\/p>\n","protected":false},"author":211,"featured_media":523,"parent":365,"menu_order":0,"comment_status":"closed","ping_status":"closed","template":"","meta":{"footnotes":""},"class_list":["post-527","page","type-page","status-publish","has-post-thumbnail","hentry"],"_links":{"self":[{"href":"https:\/\/krets.jagareforbundet.se\/bollnas\/wp-json\/wp\/v2\/pages\/527","targetHints":{"allow":["GET"]}}],"collection":[{"href":"https:\/\/krets.jagareforbundet.se\/bollnas\/wp-json\/wp\/v2\/pages"}],"about":[{"href":"https:\/\/krets.jagareforbundet.se\/bollnas\/wp-json\/wp\/v2\/types\/page"}],"author":[{"embeddable":true,"href":"https:\/\/krets.jagareforbundet.se\/bollnas\/wp-json\/wp\/v2\/users\/211"}],"replies":[{"embeddable":true,"href":"https:\/\/krets.jagareforbundet.se\/bollnas\/wp-json\/wp\/v2\/comments?post=527"}],"version-history":[{"count":1,"href":"https:\/\/krets.jagareforbundet.se\/bollnas\/wp-json\/wp\/v2\/pages\/527\/revisions"}],"predecessor-version":[{"id":529,"href":"https:\/\/krets.jagareforbundet.se\/bollnas\/wp-json\/wp\/v2\/pages\/527\/revisions\/529"}],"up":[{"embeddable":true,"href":"https:\/\/krets.jagareforbundet.se\/bollnas\/wp-json\/wp\/v2\/pages\/365"}],"wp:featuredmedia":[{"embeddable":true,"href":"https:\/\/krets.jagareforbundet.se\/bollnas\/wp-json\/wp\/v2\/media\/523"}],"wp:attachment":[{"href":"https:\/\/krets.jagareforbundet.se\/bollnas\/wp-json\/wp\/v2\/media?parent=527"}],"curies":[{"name":"wp","href":"https:\/\/api.w.org\/{rel}","templated":true}]}}