{"id":2,"date":"2011-09-07T09:28:43","date_gmt":"2011-09-07T09:28:43","guid":{"rendered":"https:\/\/krets.jagareforbundet.se\/template\/?page_id=2"},"modified":"2017-03-01T18:58:14","modified_gmt":"2017-03-01T17:58:14","slug":"exempelsida","status":"publish","type":"page","link":"https:\/\/krets.jagareforbundet.se\/borgholm\/","title":{"rendered":"Borgholms jaktv\u00e5rdskrets"},"content":{"rendered":"<div id=\"attachment_166\" style=\"width: 1034px\" class=\"wp-caption aligncenter\"><a href=\"https:\/\/krets.jagareforbundet.se\/borgholm\/files\/2011\/09\/aadsc_1607.jpg\"><img loading=\"lazy\" decoding=\"async\" aria-describedby=\"caption-attachment-166\" class=\"size-large wp-image-166\" src=\"https:\/\/krets.jagareforbundet.se\/borgholm\/files\/2011\/09\/aadsc_1607-1024x623.jpg\" alt=\"\" width=\"1024\" height=\"623\" srcset=\"https:\/\/krets.jagareforbundet.se\/borgholm\/files\/2011\/09\/aadsc_1607-1024x623.jpg 1024w, https:\/\/krets.jagareforbundet.se\/borgholm\/files\/2011\/09\/aadsc_1607-300x182.jpg 300w, https:\/\/krets.jagareforbundet.se\/borgholm\/files\/2011\/09\/aadsc_1607.jpg 1161w\" sizes=\"auto, (max-width: 1024px) 100vw, 1024px\" \/><\/a><p id=\"caption-attachment-166\" class=\"wp-caption-text\">Foto: Mattias Ingeman<\/p><\/div>\n<p><strong>V\u00e4lkommen till J\u00e4garef\u00f6rbundet Borgholms jaktv\u00e5rdskrets!<\/strong><\/p>\n<p>H\u00e4r hittar ni information om kretsens arbete, kommande evenemang, kontaktuppgifter till styrelsen, information om aktuella h\u00e4ndelser inom jakt mm.<\/p>\n","protected":false},"excerpt":{"rendered":"<p>V\u00e4lkommen till J\u00e4garef\u00f6rbundet Borgholms jaktv\u00e5rdskrets! H\u00e4r hittar ni information om kretsens arbete, kommande evenemang, kontaktuppgifter till styrelsen, information om aktuella h\u00e4ndelser inom jakt mm.<\/p>\n","protected":false},"author":3,"featured_media":0,"parent":0,"menu_order":0,"comment_status":"open","ping_status":"open","template":"","meta":{"footnotes":""},"class_list":["post-2","page","type-page","status-publish","hentry"],"_links":{"self":[{"href":"https:\/\/krets.jagareforbundet.se\/borgholm\/wp-json\/wp\/v2\/pages\/2","targetHints":{"allow":["GET"]}}],"collection":[{"href":"https:\/\/krets.jagareforbundet.se\/borgholm\/wp-json\/wp\/v2\/pages"}],"about":[{"href":"https:\/\/krets.jagareforbundet.se\/borgholm\/wp-json\/wp\/v2\/types\/page"}],"author":[{"embeddable":true,"href":"https:\/\/krets.jagareforbundet.se\/borgholm\/wp-json\/wp\/v2\/users\/3"}],"replies":[{"embeddable":true,"href":"https:\/\/krets.jagareforbundet.se\/borgholm\/wp-json\/wp\/v2\/comments?post=2"}],"version-history":[{"count":1,"href":"https:\/\/krets.jagareforbundet.se\/borgholm\/wp-json\/wp\/v2\/pages\/2\/revisions"}],"predecessor-version":[{"id":135,"href":"https:\/\/krets.jagareforbundet.se\/borgholm\/wp-json\/wp\/v2\/pages\/2\/revisions\/135"}],"wp:attachment":[{"href":"https:\/\/krets.jagareforbundet.se\/borgholm\/wp-json\/wp\/v2\/media?parent=2"}],"curies":[{"name":"wp","href":"https:\/\/api.w.org\/{rel}","templated":true}]}}