{"id":223,"date":"2016-12-08T10:46:56","date_gmt":"2016-12-08T09:46:56","guid":{"rendered":"https:\/\/krets.jagareforbundet.se\/borgholm\/?page_id=223"},"modified":"2017-10-16T14:46:14","modified_gmt":"2017-10-16T12:46:14","slug":"aso-blanketter","status":"publish","type":"page","link":"https:\/\/krets.jagareforbundet.se\/borgholm\/borgholms-algforvaltningsomrade\/aso-blanketter\/","title":{"rendered":"\u00c4SO Blanketter"},"content":{"rendered":"<p>&nbsp;<\/p>\n<p>Ans\u00f6kan om registrering eller \u00e4ndring av jaktomr\u00e5de: <a href=\"https:\/\/krets.jagareforbundet.se\/borgholm\/files\/2016\/12\/ansokan_registrering_algjaktomraden_ifylld.pdf\">Blankett ansokan ifylld<br \/>\n<\/a>(I fylld ans\u00f6kan skickas tillsammans med bilagor till Mattias Hammarsten.)<br \/>\nPublicerad 2016-12-08<\/p>\n<p>&nbsp;<\/p>\n<p>Anm\u00e4lan om byte av jaktledare: <a href=\"https:\/\/krets.jagareforbundet.se\/borgholm\/files\/2016\/12\/byte-av-jaktledare.docx\">byte-av-jaktledare<br \/>\n<\/a>(Ifylld och underskriven anm\u00e4lan skickas till Mattias Hammarsten)<br \/>\nPublicerad 2016-12-08<\/p>\n","protected":false},"excerpt":{"rendered":"<p>&nbsp; Ans\u00f6kan om registrering eller \u00e4ndring av jaktomr\u00e5de: Blankett ansokan ifylld (I fylld ans\u00f6kan skickas tillsammans med bilagor till Mattias Hammarsten.) Publicerad 2016-12-08 &nbsp; Anm\u00e4lan om byte av jaktledare: byte-av-jaktledare (Ifylld och underskriven anm\u00e4lan skickas till Mattias Hammarsten) Publicerad 2016-12-08<\/p>\n","protected":false},"author":243,"featured_media":0,"parent":142,"menu_order":2,"comment_status":"closed","ping_status":"closed","template":"","meta":{"footnotes":""},"class_list":["post-223","page","type-page","status-publish","hentry"],"_links":{"self":[{"href":"https:\/\/krets.jagareforbundet.se\/borgholm\/wp-json\/wp\/v2\/pages\/223","targetHints":{"allow":["GET"]}}],"collection":[{"href":"https:\/\/krets.jagareforbundet.se\/borgholm\/wp-json\/wp\/v2\/pages"}],"about":[{"href":"https:\/\/krets.jagareforbundet.se\/borgholm\/wp-json\/wp\/v2\/types\/page"}],"author":[{"embeddable":true,"href":"https:\/\/krets.jagareforbundet.se\/borgholm\/wp-json\/wp\/v2\/users\/243"}],"replies":[{"embeddable":true,"href":"https:\/\/krets.jagareforbundet.se\/borgholm\/wp-json\/wp\/v2\/comments?post=223"}],"version-history":[{"count":1,"href":"https:\/\/krets.jagareforbundet.se\/borgholm\/wp-json\/wp\/v2\/pages\/223\/revisions"}],"predecessor-version":[{"id":225,"href":"https:\/\/krets.jagareforbundet.se\/borgholm\/wp-json\/wp\/v2\/pages\/223\/revisions\/225"}],"up":[{"embeddable":true,"href":"https:\/\/krets.jagareforbundet.se\/borgholm\/wp-json\/wp\/v2\/pages\/142"}],"wp:attachment":[{"href":"https:\/\/krets.jagareforbundet.se\/borgholm\/wp-json\/wp\/v2\/media?parent=223"}],"curies":[{"name":"wp","href":"https:\/\/api.w.org\/{rel}","templated":true}]}}