{"id":254,"date":"2017-05-07T21:34:24","date_gmt":"2017-05-07T19:34:24","guid":{"rendered":"https:\/\/krets.jagareforbundet.se\/borgholm\/?page_id=254"},"modified":"2025-03-06T22:12:29","modified_gmt":"2025-03-06T21:12:29","slug":"boda-skjutbana","status":"publish","type":"page","link":"https:\/\/krets.jagareforbundet.se\/borgholm\/boda-skjutbana\/","title":{"rendered":"Nord \u00d6lands Jaktskytteklubb"},"content":{"rendered":"<p>&nbsp;<\/p>\n<p><strong>Nord\u00f6lands Jaktskytte Klubb 2025<\/strong><br \/>\n<strong>Bjuder in till \u00e5rsm\u00f6te\u00a0<\/strong><\/p>\n<p><strong>19 Mars i K\u00e4lla hembygdsg\u00e5rd klockan 19.00<\/strong><\/p>\n<p><strong>Vi g\u00e5r igenom \u00e5ret som g\u00e5tt, och presenterar evenemang f\u00f6r 2025.<\/strong><br \/>\n<strong>Vi kommer bjuda p\u00e5 exotisk planka med potatisgrat\u00e4ng samt kaffe och hembakta<\/strong><\/p>\n<p><strong>kakor.<\/strong><\/p>\n<p><strong>Anm\u00e4l dig senast fredagen den 14\/3 till Katja p\u00e5 sms:0733429688<\/strong><\/p>\n<p><strong>(f\u00f6r att kunna best\u00e4lla maten)<\/strong><br \/>\n<strong>Varmt v\u00e4lkomna \u00f6nskar styrelsen<\/strong><\/p>\n<p><strong>St\u00e4ddag 2022<\/strong><\/p>\n<p>Hej och v\u00e4lkommen till v\u00e5ran st\u00e4ddag <strong>l\u00f6rdagen den 9 april kl:09.00<\/strong><\/p>\n<p>Vi startar upp \u00e5ret med att f\u00e5 banan iordning med bland annat, parkering som ska g\u00f6ras samt r\u00f6jning av gamla tr\u00e4d som fallit under \u00e5ret.<\/p>\n<p>Skjutvallarna skall fixas, <strong>s\u00e5 kommande besiktning kan godk\u00e4nnas.<\/strong><\/p>\n<p>Klubbhuset skall st\u00e4das och de \u00f6vriga byggnaderna likas\u00e5.<\/p>\n<p>Vi har som tanke att m\u00e5la ocks\u00e5 om v\u00e4dret till\u00e5ter.<\/p>\n<p>Avgr\u00e4nsning vid skeet\/trapp beh\u00f6ver fixas till.<\/p>\n<p>&nbsp;<\/p>\n<p>&nbsp;<\/p>\n<p>S\u00e5 vi beh\u00f6ver allas hj\u00e4lp, medtag g\u00e4rna eventuella verktyg, som du tror beh\u00f6vs.<\/p>\n<p>&nbsp;<\/p>\n<p>Vi bjuder p\u00e5 lunch och ordnar d\u00e5 ocks\u00e5 en stationerad grill som vi kan ha vid andra tillf\u00e4llen p\u00e5 klubben.<\/p>\n<p>&nbsp;<\/p>\n<p><strong>Du f\u00e5r mer \u00e4n g\u00e4rna anm\u00e4la ditt deltagande s\u00e5 vi vet hur mycket mat vi beh\u00f6ver fixa, samt om du har allergi<\/strong>, eller om du har n\u00e5gra fr\u00e5gor till:<\/p>\n<p>&nbsp;<\/p>\n<p><a href=\"mailto:nordolandsjaktvard@gmail.com\">nordolandsjaktvard@gmail.com<\/a><\/p>\n<p>Eller<\/p>\n<p>0733429688 (Katja)<\/p>\n<p>&nbsp;<\/p>\n<p>&nbsp;<\/p>\n<p>&nbsp;<\/p>\n<p>&nbsp;<\/p>\n<p><strong>V\u00e4lkomna till \u00e5rsm\u00f6te i Nord\u00d6lands Jaktv\u00e5rdsf\u00f6rening \/ B\u00f6da Skjutbana<\/strong>.<\/p>\n<p>&nbsp;<\/p>\n<p>Dag: 2022-03-16<\/p>\n<p>Tid: 18:00<\/p>\n<p>Plats: Kapellet Byxelkrok<\/p>\n<p>F\u00f6reningen bjuder p\u00e5 fika<\/p>\n<p>&nbsp;<\/p>\n<p>Anm\u00e4l g\u00e4rna att du kommer,\u00a0<a href=\"mailto:nordolandsjaktvard@gmail.com\">nordolandsjaktvard@gmail.com<\/a><\/p>\n<p>&nbsp;<\/p>\n<p>&nbsp;<\/p>\n<p><strong>HELT INST\u00c4LLT PGA COVID RESTRIKTIONER<\/strong><\/p>\n<p><a href=\"https:\/\/krets.jagareforbundet.se\/borgholm\/files\/2021\/04\/boda1.jpeg\"><img loading=\"lazy\" decoding=\"async\" class=\"alignnone size-full wp-image-420\" src=\"https:\/\/krets.jagareforbundet.se\/borgholm\/files\/2021\/04\/boda1.jpeg\" alt=\"\" width=\"460\" height=\"756\" srcset=\"https:\/\/krets.jagareforbundet.se\/borgholm\/files\/2021\/04\/boda1.jpeg 460w, https:\/\/krets.jagareforbundet.se\/borgholm\/files\/2021\/04\/boda1-183x300.jpeg 183w\" sizes=\"auto, (max-width: 460px) 100vw, 460px\" \/><\/a><\/p>\n<p><strong>\u00d6ppet tider 2020<\/strong><\/p>\n<p>Trapp \u00e4r p\u00e5 tisdagar start 26maj och fram till den 11 augusti. kl 18-20.<\/p>\n<p>Skeet \u00e4r p\u00e5 torsdagar start 28 maj och fram till den 13 augusti. kl 18-20.<\/p>\n<p>\u00c4lgbanan \u00e4r p\u00e5 s\u00f6ndagar start 2 augusti fram till den 4 oktober. kl 9-11<\/p>\n<p>Skjutledare :<\/p>\n<p>Skeet och Trapp Olof Hammarsten 0703-484084<\/p>\n<p>\u00c4lgbanan Andreas Loierndal 0702-060340<\/p>\n<p>&nbsp;<\/p>\n<p><strong>V\u00e4lkomna<\/strong><\/p>\n<p>&nbsp;<\/p>\n","protected":false},"excerpt":{"rendered":"<p>&nbsp; Nord\u00f6lands Jaktskytte Klubb 2025 Bjuder in till \u00e5rsm\u00f6te\u00a0 19 Mars i K\u00e4lla hembygdsg\u00e5rd klockan 19.00 Vi g\u00e5r igenom \u00e5ret som g\u00e5tt, och presenterar evenemang f\u00f6r 2025. Vi kommer bjuda p\u00e5 exotisk planka med potatisgrat\u00e4ng samt kaffe och hembakta kakor. Anm\u00e4l dig senast fredagen den 14\/3 till Katja p\u00e5 sms:0733429688 (f\u00f6r att kunna best\u00e4lla maten) [&hellip;]<\/p>\n","protected":false},"author":243,"featured_media":0,"parent":0,"menu_order":0,"comment_status":"closed","ping_status":"closed","template":"","meta":{"footnotes":""},"class_list":["post-254","page","type-page","status-publish","hentry"],"_links":{"self":[{"href":"https:\/\/krets.jagareforbundet.se\/borgholm\/wp-json\/wp\/v2\/pages\/254","targetHints":{"allow":["GET"]}}],"collection":[{"href":"https:\/\/krets.jagareforbundet.se\/borgholm\/wp-json\/wp\/v2\/pages"}],"about":[{"href":"https:\/\/krets.jagareforbundet.se\/borgholm\/wp-json\/wp\/v2\/types\/page"}],"author":[{"embeddable":true,"href":"https:\/\/krets.jagareforbundet.se\/borgholm\/wp-json\/wp\/v2\/users\/243"}],"replies":[{"embeddable":true,"href":"https:\/\/krets.jagareforbundet.se\/borgholm\/wp-json\/wp\/v2\/comments?post=254"}],"version-history":[{"count":3,"href":"https:\/\/krets.jagareforbundet.se\/borgholm\/wp-json\/wp\/v2\/pages\/254\/revisions"}],"predecessor-version":[{"id":514,"href":"https:\/\/krets.jagareforbundet.se\/borgholm\/wp-json\/wp\/v2\/pages\/254\/revisions\/514"}],"wp:attachment":[{"href":"https:\/\/krets.jagareforbundet.se\/borgholm\/wp-json\/wp\/v2\/media?parent=254"}],"curies":[{"name":"wp","href":"https:\/\/api.w.org\/{rel}","templated":true}]}}