{"id":317,"date":"2018-11-12T17:38:14","date_gmt":"2018-11-12T16:38:14","guid":{"rendered":"https:\/\/krets.jagareforbundet.se\/borgholm\/?page_id=317"},"modified":"2018-11-12T17:38:14","modified_gmt":"2018-11-12T16:38:14","slug":"swedish-game-fair","status":"publish","type":"page","link":"https:\/\/krets.jagareforbundet.se\/borgholm\/swedish-game-fair\/","title":{"rendered":"Swedish Game Fair"},"content":{"rendered":"<p>Som medlem i Borgholms Jaktv\u00e5rdskrets erbjuds du\/ni:<\/p>\n<p>&nbsp;<\/p>\n<p><strong>Bussresa till Jakt, fiske och hundm\u00e4ssan Swedish Game Fair <\/strong><\/p>\n<p><strong>p\u00e5 Tullgarns Slott, l\u00f6rdag den 25 maj 2019<\/strong><\/p>\n<p><strong>\u00a0<\/strong><\/p>\n<p>Avresa fr\u00e5n S\u00f6dvik 05.30, K\u00f6pingsvik 05.55, Borgholm 06.05, R\u00e4lla 06.15, Kalmar 06,50.<\/p>\n<p>Vi ber\u00e4knar vara hemma cirka 22 \u2013 23 tiden.<\/p>\n<p>&nbsp;<\/p>\n<p>Det blir mer \u00e5t alla p\u00e5 Swedish Game Fair 2019! M\u00e4ssan kommer att bli ungef\u00e4r 30 procent st\u00f6rre \u00e4n f\u00f6rra g\u00e5ngen och blir samtidigt den st\u00f6rsta m\u00e4ssan n\u00e5gonsin! Som alltid p\u00e5 Swedish Game Fair s\u00e5 bjuder vi p\u00e5 ett fullsp\u00e4ckat program med allt att \u00f6nska f\u00f6r dig som gillar jakt, fiske eller hund.<\/p>\n<p>St\u00f6rre \u00e4n n\u00e5gonsin \u2013 Mer \u00e5t alla!<\/p>\n<p>L\u00e4s mer p\u00e5 www.swedishgamefair.se\/<\/p>\n<p>&nbsp;<\/p>\n<p>I priset f\u00f6r resan ing\u00e5r:<\/p>\n<p>&nbsp;<\/p>\n<p>*Bussresa ToR fr\u00e5n S\u00f6dvik \u2013 Tullgarn, med helturistbuss och med m\u00f6jlighet att \u00a0\u00a0\u00a0\u00a0\u00a0stiga p\u00e5 utmed resv\u00e4gen. V\u00e4g 136 och E 22.<\/p>\n<p>*Entr\u00e9 avgiften till m\u00e4ssan.<\/p>\n<p>*Kaffe o sm\u00f6rg\u00e5s, samt kaka p\u00e5 ditresan samt kaffe o kaka p\u00e5 hemv\u00e4gen.<\/p>\n<p>*Mat under m\u00e4ssbes\u00f6ket finns att k\u00f6pa p\u00e5 m\u00e4ssomr\u00e5det och bekostas av resen\u00e4ren sj\u00e4lv.<\/p>\n<p>&nbsp;<\/p>\n<p>Pris per person 990:-, barn under 16 \u00e5r 890:-<\/p>\n<p>&nbsp;<\/p>\n<p>Anm\u00e4lan kan ske fr\u00e5n och med nu, <strong><em>observera att du som medlem i Borgholms Jaktv\u00e5rdskrets f\u00e5r 50:- i rabatt om du bokar f\u00f6re den 1 mars 2019.<\/em><\/strong><\/p>\n<p>Anm\u00e4ler g\u00f6r du enklast via mail: thomas@tjresor.se eller via<\/p>\n<p>telefon\/sms 070-6718412, Thomas Johansson<\/p>\n<p>Betalningen, 990:-\/vuxen och 890:-\/barn sker senast 31 mars till<\/p>\n<p>Plusgiro 28 43 99 \u2013 3 TJ Resor KB m\u00e4rk med Jaktm\u00e4ssa och ditt\/era namn.<\/p>\n<p>&nbsp;<\/p>\n<p>&nbsp;<\/p>\n<p>V\u00e4lkomna med \u00f6nskar TJ Resor KB och Borgholms Jaktv\u00e5rdskrets<\/p>\n<p>&nbsp;<\/p>\n<p>Thomas Johansson<\/p>\n<p>TJ Resor KB<\/p>\n","protected":false},"excerpt":{"rendered":"<p>Som medlem i Borgholms Jaktv\u00e5rdskrets erbjuds du\/ni: &nbsp; Bussresa till Jakt, fiske och hundm\u00e4ssan Swedish Game Fair p\u00e5 Tullgarns Slott, l\u00f6rdag den 25 maj 2019 \u00a0 Avresa fr\u00e5n S\u00f6dvik 05.30, K\u00f6pingsvik 05.55, Borgholm 06.05, R\u00e4lla 06.15, Kalmar 06,50. Vi ber\u00e4knar vara hemma cirka 22 \u2013 23 tiden. &nbsp; Det blir mer \u00e5t alla p\u00e5 Swedish [&hellip;]<\/p>\n","protected":false},"author":243,"featured_media":0,"parent":0,"menu_order":0,"comment_status":"closed","ping_status":"closed","template":"","meta":{"footnotes":""},"class_list":["post-317","page","type-page","status-publish","hentry"],"_links":{"self":[{"href":"https:\/\/krets.jagareforbundet.se\/borgholm\/wp-json\/wp\/v2\/pages\/317","targetHints":{"allow":["GET"]}}],"collection":[{"href":"https:\/\/krets.jagareforbundet.se\/borgholm\/wp-json\/wp\/v2\/pages"}],"about":[{"href":"https:\/\/krets.jagareforbundet.se\/borgholm\/wp-json\/wp\/v2\/types\/page"}],"author":[{"embeddable":true,"href":"https:\/\/krets.jagareforbundet.se\/borgholm\/wp-json\/wp\/v2\/users\/243"}],"replies":[{"embeddable":true,"href":"https:\/\/krets.jagareforbundet.se\/borgholm\/wp-json\/wp\/v2\/comments?post=317"}],"version-history":[{"count":0,"href":"https:\/\/krets.jagareforbundet.se\/borgholm\/wp-json\/wp\/v2\/pages\/317\/revisions"}],"wp:attachment":[{"href":"https:\/\/krets.jagareforbundet.se\/borgholm\/wp-json\/wp\/v2\/media?parent=317"}],"curies":[{"name":"wp","href":"https:\/\/api.w.org\/{rel}","templated":true}]}}