{"id":38,"date":"2011-09-09T08:13:57","date_gmt":"2011-09-09T08:13:57","guid":{"rendered":"https:\/\/krets.jagareforbundet.se\/template\/?page_id=38"},"modified":"2017-09-22T10:51:26","modified_gmt":"2017-09-22T08:51:26","slug":"bildgalleri","status":"publish","type":"page","link":"https:\/\/krets.jagareforbundet.se\/boxholm\/bildgalleri\/","title":{"rendered":"Bildgalleri"},"content":{"rendered":"<p><a href=\"https:\/\/krets.jagareforbundet.se\/boxholm\/files\/2011\/09\/img_0835.jpg\"><img loading=\"lazy\" decoding=\"async\" class=\"alignnone size-medium wp-image-136\" src=\"https:\/\/krets.jagareforbundet.se\/boxholm\/files\/2011\/09\/img_0835-300x225.jpg\" alt=\"\" width=\"300\" height=\"225\" srcset=\"https:\/\/krets.jagareforbundet.se\/boxholm\/files\/2011\/09\/img_0835-300x225.jpg 300w, https:\/\/krets.jagareforbundet.se\/boxholm\/files\/2011\/09\/img_0835-768x576.jpg 768w, https:\/\/krets.jagareforbundet.se\/boxholm\/files\/2011\/09\/img_0835-1024x768.jpg 1024w\" sizes=\"auto, (max-width: 300px) 100vw, 300px\" \/><\/a>\u00a0\u00a0\u00a0\u00a0 <a href=\"https:\/\/krets.jagareforbundet.se\/boxholm\/files\/2017\/08\/part_1502544072597.jpeg\"><img loading=\"lazy\" decoding=\"async\" class=\"alignnone wp-image-158 \" src=\"https:\/\/krets.jagareforbundet.se\/boxholm\/files\/2017\/08\/part_1502544072597-300x300.jpeg\" alt=\"\" width=\"224\" height=\"224\" srcset=\"https:\/\/krets.jagareforbundet.se\/boxholm\/files\/2017\/08\/part_1502544072597-300x300.jpeg 300w, https:\/\/krets.jagareforbundet.se\/boxholm\/files\/2017\/08\/part_1502544072597-150x150.jpeg 150w, https:\/\/krets.jagareforbundet.se\/boxholm\/files\/2017\/08\/part_1502544072597-768x768.jpeg 768w, https:\/\/krets.jagareforbundet.se\/boxholm\/files\/2017\/08\/part_1502544072597-1024x1024.jpeg 1024w, https:\/\/krets.jagareforbundet.se\/boxholm\/files\/2017\/08\/part_1502544072597.jpeg 1080w\" sizes=\"auto, (max-width: 224px) 100vw, 224px\" \/><\/a>\u00a0\u00a0\u00a0 <a href=\"https:\/\/krets.jagareforbundet.se\/boxholm\/files\/2017\/06\/kuljaktstig-2017-segrande-lag.jpg\"><img loading=\"lazy\" decoding=\"async\" class=\"alignnone  wp-image-168\" src=\"https:\/\/krets.jagareforbundet.se\/boxholm\/files\/2017\/06\/kuljaktstig-2017-segrande-lag-300x169.jpg\" alt=\"\" width=\"396\" height=\"223\" srcset=\"https:\/\/krets.jagareforbundet.se\/boxholm\/files\/2017\/06\/kuljaktstig-2017-segrande-lag-300x169.jpg 300w, https:\/\/krets.jagareforbundet.se\/boxholm\/files\/2017\/06\/kuljaktstig-2017-segrande-lag-768x432.jpg 768w, https:\/\/krets.jagareforbundet.se\/boxholm\/files\/2017\/06\/kuljaktstig-2017-segrande-lag-1024x576.jpg 1024w\" sizes=\"auto, (max-width: 396px) 100vw, 396px\" \/><\/a>Det h\u00e4r \u00e4r ett exempel p\u00e5 hur ett bildgalleri kan se ut.<\/p>\n\n","protected":false},"excerpt":{"rendered":"<p>\u00a0\u00a0\u00a0\u00a0 \u00a0\u00a0\u00a0 Det h\u00e4r \u00e4r ett exempel p\u00e5 hur ett bildgalleri kan se ut.<\/p>\n","protected":false},"author":3,"featured_media":0,"parent":0,"menu_order":0,"comment_status":"open","ping_status":"open","template":"","meta":{"footnotes":""},"class_list":["post-38","page","type-page","status-publish","hentry"],"_links":{"self":[{"href":"https:\/\/krets.jagareforbundet.se\/boxholm\/wp-json\/wp\/v2\/pages\/38","targetHints":{"allow":["GET"]}}],"collection":[{"href":"https:\/\/krets.jagareforbundet.se\/boxholm\/wp-json\/wp\/v2\/pages"}],"about":[{"href":"https:\/\/krets.jagareforbundet.se\/boxholm\/wp-json\/wp\/v2\/types\/page"}],"author":[{"embeddable":true,"href":"https:\/\/krets.jagareforbundet.se\/boxholm\/wp-json\/wp\/v2\/users\/3"}],"replies":[{"embeddable":true,"href":"https:\/\/krets.jagareforbundet.se\/boxholm\/wp-json\/wp\/v2\/comments?post=38"}],"version-history":[{"count":1,"href":"https:\/\/krets.jagareforbundet.se\/boxholm\/wp-json\/wp\/v2\/pages\/38\/revisions"}],"predecessor-version":[{"id":169,"href":"https:\/\/krets.jagareforbundet.se\/boxholm\/wp-json\/wp\/v2\/pages\/38\/revisions\/169"}],"wp:attachment":[{"href":"https:\/\/krets.jagareforbundet.se\/boxholm\/wp-json\/wp\/v2\/media?parent=38"}],"curies":[{"name":"wp","href":"https:\/\/api.w.org\/{rel}","templated":true}]}}