{"id":139,"date":"2013-06-15T16:28:12","date_gmt":"2013-06-15T14:28:12","guid":{"rendered":"https:\/\/krets.jagareforbundet.se\/burtrask\/?page_id=139"},"modified":"2025-02-16T14:19:28","modified_gmt":"2025-02-16T13:19:28","slug":"styrelsen","status":"publish","type":"page","link":"https:\/\/krets.jagareforbundet.se\/burtrask\/kontakta-oss\/styrelsen\/","title":{"rendered":"Styrelsen"},"content":{"rendered":"<p>&nbsp;<\/p>\n<table>\n<tbody>\n<tr>\n<td><\/td>\n<td>Torbj\u00f6rn L\u00f6vbom<\/p>\n<p>Burtr\u00e4sk<\/td>\n<td>&nbsp;<\/p>\n<p>&nbsp;<\/p>\n<p>Ordf\u00f6rande<\/p>\n<p>Viltdataansvarig<\/p>\n<p>&nbsp;<\/p>\n<p>&nbsp;<\/td>\n<td>torbjorn.lovbom@telia.com<\/p>\n<p>070-693 39 67<\/td>\n<\/tr>\n<tr>\n<td><a href=\"https:\/\/krets.jagareforbundet.se\/burtrask\/files\/2016\/10\/thomas-blomgren.jpg\"><img loading=\"lazy\" decoding=\"async\" class=\"alignnone wp-image-539\" src=\"https:\/\/krets.jagareforbundet.se\/burtrask\/files\/2016\/10\/thomas-blomgren-150x150.jpg\" alt=\"thomas-blomgren\" width=\"130\" height=\"173\" srcset=\"https:\/\/krets.jagareforbundet.se\/burtrask\/files\/2016\/10\/thomas-blomgren-225x300.jpg 225w, https:\/\/krets.jagareforbundet.se\/burtrask\/files\/2016\/10\/thomas-blomgren-768x1024.jpg 768w\" sizes=\"auto, (max-width: 130px) 100vw, 130px\" \/><\/a><\/td>\n<td>Thomas Blomgren<\/p>\n<p>\u00c5byn<\/td>\n<td>Vice Ordf\u00f6rande<\/p>\n<p>utbildningsansvarig<\/p>\n<p>&nbsp;<\/td>\n<td><a href=\"mailto:andreas.jakt@hotmail.se\">risnas@telia.com<\/a><br \/>\n070-185 63 90<\/td>\n<\/tr>\n<tr>\n<td><\/td>\n<td>\u00a0Stefan Andersson<br \/>\nVallen<\/td>\n<td>Skytte ansvarig<\/td>\n<td>070-6736257<\/td>\n<\/tr>\n<tr>\n<td><a href=\"https:\/\/krets.jagareforbundet.se\/burtrask\/files\/2013\/06\/Bild1.jpg\"><img loading=\"lazy\" decoding=\"async\" title=\"Carina Lillbacka\" src=\"https:\/\/krets.jagareforbundet.se\/burtrask\/files\/2013\/06\/Bild1-150x150.jpg\" alt=\"\" width=\"130\" height=\"130\" \/><\/a><\/td>\n<td>Carina Lillbacka<\/p>\n<p>Bygdetr\u00e4sk<\/p>\n<p>&nbsp;<\/td>\n<td>Sekreterare, NVR-ansvarig<\/p>\n<p>kass\u00f6r<\/td>\n<td>carinalillbacka.cl@gmail.com<\/p>\n<p>070-272 75 63<\/td>\n<\/tr>\n<tr>\n<td><\/td>\n<td>Kenth Sigvardsson<\/p>\n<p>\u00c5byn<\/td>\n<td>Rovdjurs ansvarig<\/td>\n<td>kenth.sigvardsson@hotmail.se<br \/>\n070-390 21 23<\/td>\n<\/tr>\n<tr>\n<td><\/td>\n<td>Maria Hel\u00e9n<\/p>\n<p>Burtr\u00e4sk<\/td>\n<td>&nbsp;<\/p>\n<p>Bj\u00f6rnpasset ansvarig<\/td>\n<td>mariahelen640@gmail.com<\/p>\n<p>073-059 11 32<\/td>\n<\/tr>\n<tr>\n<td><\/td>\n<td>Charlie Lundgren<\/p>\n<p>Bjurfors<\/td>\n<td><\/td>\n<td>stor.tina@live.se<\/p>\n<p>076-108 63 88<\/td>\n<\/tr>\n<tr>\n<td><\/td>\n<td style=\"text-align: justify\">Johan Lindgren<br \/>\nBurtr\u00e4sk<\/td>\n<td>&nbsp;<\/p>\n<p>skytteansvarig<\/td>\n<td>jojjelindgren@hotmail.com<\/p>\n<p>070-269 09 92<\/td>\n<\/tr>\n<tr>\n<td><\/td>\n<td>Nathalie Th\u00f6rngren<\/p>\n<p>S\u00f6derby<\/td>\n<td>Ledamot<\/td>\n<td>NathalieT_91@hotmail.com<br \/>\n070-368 11 74<\/td>\n<\/tr>\n<tr>\n<td><\/td>\n<td>Ther\u00e9se Viklund<\/p>\n<p>Ume\u00e5\/Kvarnbyn<\/td>\n<td>Bokningsansvarig skjutbana<\/td>\n<td>theresewiklund@icloud.com<\/p>\n<p>076-771 05 58<\/td>\n<\/tr>\n<tr>\n<td><\/td>\n<td>Peter Johansson<\/p>\n<p>Lappsj\u00f6udden<\/td>\n<td><\/td>\n<td>peter.johansson@teknikmontage.se<\/p>\n<p>070-335 70 07<\/td>\n<\/tr>\n<tr>\n<td><\/td>\n<td>Johanna Nyberg<\/p>\n<p>&nbsp;<\/td>\n<td>Valberedning<\/p>\n<p>&nbsp;<\/td>\n<td>&nbsp;<\/td>\n<\/tr>\n<tr>\n<td><\/td>\n<td>Rolf Hedqvist<\/p>\n<p>Villvattnet<\/p>\n<p>&nbsp;<\/p>\n<p>&nbsp;<\/p>\n<p>&nbsp;<\/td>\n<td>Valberedning sammankallande<\/td>\n<td><u><span style=\"background-color: #bfe6ff;color: #000120\">rolf@villvattnet.se<\/span><\/u><\/p>\n<p><u><span style=\"background-color: #bfe6ff;color: #000120\">070-511 98 97<\/span><\/u><\/td>\n<\/tr>\n<tr>\n<td><\/td>\n<td><\/td>\n<td><\/td>\n<td><\/td>\n<\/tr>\n<tr>\n<td><\/td>\n<td>Niklas Mor\u00e9n<\/td>\n<td>Revisor<\/td>\n<td><\/td>\n<\/tr>\n<tr>\n<td><\/td>\n<td>Rolf Hedqvist<\/td>\n<td>Revisor<\/td>\n<td><\/td>\n<\/tr>\n<tr>\n<td><\/td>\n<td><\/td>\n<td><\/td>\n<td><\/td>\n<\/tr>\n<\/tbody>\n<\/table>\n","protected":false},"excerpt":{"rendered":"<p>&nbsp; Torbj\u00f6rn L\u00f6vbom Burtr\u00e4sk &nbsp; &nbsp; Ordf\u00f6rande Viltdataansvarig &nbsp; &nbsp; torbjorn.lovbom@telia.com 070-693 39 67 Thomas Blomgren \u00c5byn Vice Ordf\u00f6rande utbildningsansvarig &nbsp; risnas@telia.com 070-185 63 90 \u00a0Stefan Andersson Vallen Skytte ansvarig 070-6736257 Carina Lillbacka Bygdetr\u00e4sk &nbsp; Sekreterare, NVR-ansvarig kass\u00f6r carinalillbacka.cl@gmail.com 070-272 75 63 Kenth Sigvardsson \u00c5byn Rovdjurs ansvarig kenth.sigvardsson@hotmail.se 070-390 21 23 Maria Hel\u00e9n Burtr\u00e4sk &nbsp; [&hellip;]<\/p>\n","protected":false},"author":114,"featured_media":0,"parent":28,"menu_order":0,"comment_status":"open","ping_status":"closed","template":"","meta":{"footnotes":""},"class_list":["post-139","page","type-page","status-publish","hentry"],"_links":{"self":[{"href":"https:\/\/krets.jagareforbundet.se\/burtrask\/wp-json\/wp\/v2\/pages\/139","targetHints":{"allow":["GET"]}}],"collection":[{"href":"https:\/\/krets.jagareforbundet.se\/burtrask\/wp-json\/wp\/v2\/pages"}],"about":[{"href":"https:\/\/krets.jagareforbundet.se\/burtrask\/wp-json\/wp\/v2\/types\/page"}],"author":[{"embeddable":true,"href":"https:\/\/krets.jagareforbundet.se\/burtrask\/wp-json\/wp\/v2\/users\/114"}],"replies":[{"embeddable":true,"href":"https:\/\/krets.jagareforbundet.se\/burtrask\/wp-json\/wp\/v2\/comments?post=139"}],"version-history":[{"count":3,"href":"https:\/\/krets.jagareforbundet.se\/burtrask\/wp-json\/wp\/v2\/pages\/139\/revisions"}],"predecessor-version":[{"id":624,"href":"https:\/\/krets.jagareforbundet.se\/burtrask\/wp-json\/wp\/v2\/pages\/139\/revisions\/624"}],"up":[{"embeddable":true,"href":"https:\/\/krets.jagareforbundet.se\/burtrask\/wp-json\/wp\/v2\/pages\/28"}],"wp:attachment":[{"href":"https:\/\/krets.jagareforbundet.se\/burtrask\/wp-json\/wp\/v2\/media?parent=139"}],"curies":[{"name":"wp","href":"https:\/\/api.w.org\/{rel}","templated":true}]}}