{"id":2,"date":"2011-09-07T09:28:43","date_gmt":"2011-09-07T07:28:43","guid":{"rendered":"https:\/\/krets.jagareforbundet.se\/template\/?page_id=2"},"modified":"2026-01-13T10:37:25","modified_gmt":"2026-01-13T09:37:25","slug":"exempelsida","status":"publish","type":"page","link":"https:\/\/krets.jagareforbundet.se\/burtrask\/","title":{"rendered":"V\u00e4lkomna!"},"content":{"rendered":"<p>J\u00e4garef\u00f6rbundet Burtr\u00e4sk best\u00e5r av Burtr\u00e4sk och Kalvtr\u00e4sk F\u00f6rsamlingar, med en total areal av 182 787 ha.<\/p>\n<p>Antalet medlemmar var 245 den 31\/12 2025.<\/p>\n<p>Inom Burtr\u00e4sk finns det fem \u00c4SO:n:<br \/>\nBurtr\u00e4sk \u00d6stra \u00c4SO<br \/>\nBurtr\u00e4sk VK \u00c4SO<br \/>\nBurtr\u00e4sk S\u00f6dra \u00c4SO<\/p>\n<p>Burtr\u00e4sk Norra \u00c4SO<\/p>\n<p>Mellanbygdens \u00c4SO<\/p>\n<p>Den totala registrerade \u00e4lgjaktsarealen inom Burtr\u00e4sk \u00e4r 188 595ha.<\/p>\n<p>F\u00f6lj oss p\u00e5 Facebook: <span style=\"text-decoration: underline\"><a href=\"http:\/\/www.facebook.com\/BurtraskJaktvardskrets\">www.facebook.com\/BurtraskJaktvardskrets<\/a><\/span><\/p>\n<p>Instruktionsfilm om hur man g\u00f6r f\u00f6r att samla in \u00e4lgk\u00e4kar: <span style=\"text-decoration: underline\"><a href=\"http:\/\/youtu.be\/bMOrwNUjYD4\">http:\/\/youtu.be\/bMOrwNUjYD4<\/a><br \/>\n<\/span><\/p>\n<p>Organisationsnummer: 802427-1069<br \/>\nKontonummer SHB 6265-662 433 262<\/p>\n<div class=\"woo-fbshare left\"><div class=\"fb-share-button\" data-href=\"https:\/\/krets.jagareforbundet.se\/burtrask\/\" data-width=\"100\" data-type=\"button\"><\/div><\/div>\n","protected":false},"excerpt":{"rendered":"<p>J\u00e4garef\u00f6rbundet Burtr\u00e4sk best\u00e5r av Burtr\u00e4sk och Kalvtr\u00e4sk F\u00f6rsamlingar, med en total areal av 182 787 ha. Antalet medlemmar var 245 den 31\/12 2025. Inom Burtr\u00e4sk finns det fem \u00c4SO:n: Burtr\u00e4sk \u00d6stra \u00c4SO Burtr\u00e4sk VK \u00c4SO Burtr\u00e4sk S\u00f6dra \u00c4SO Burtr\u00e4sk Norra \u00c4SO Mellanbygdens \u00c4SO Den totala registrerade \u00e4lgjaktsarealen inom Burtr\u00e4sk \u00e4r 188 595ha. F\u00f6lj oss p\u00e5 [&hellip;]<\/p>\n","protected":false},"author":3,"featured_media":312,"parent":0,"menu_order":0,"comment_status":"open","ping_status":"closed","template":"","meta":{"footnotes":""},"class_list":["post-2","page","type-page","status-publish","has-post-thumbnail","hentry"],"_links":{"self":[{"href":"https:\/\/krets.jagareforbundet.se\/burtrask\/wp-json\/wp\/v2\/pages\/2","targetHints":{"allow":["GET"]}}],"collection":[{"href":"https:\/\/krets.jagareforbundet.se\/burtrask\/wp-json\/wp\/v2\/pages"}],"about":[{"href":"https:\/\/krets.jagareforbundet.se\/burtrask\/wp-json\/wp\/v2\/types\/page"}],"author":[{"embeddable":true,"href":"https:\/\/krets.jagareforbundet.se\/burtrask\/wp-json\/wp\/v2\/users\/3"}],"replies":[{"embeddable":true,"href":"https:\/\/krets.jagareforbundet.se\/burtrask\/wp-json\/wp\/v2\/comments?post=2"}],"version-history":[{"count":3,"href":"https:\/\/krets.jagareforbundet.se\/burtrask\/wp-json\/wp\/v2\/pages\/2\/revisions"}],"predecessor-version":[{"id":635,"href":"https:\/\/krets.jagareforbundet.se\/burtrask\/wp-json\/wp\/v2\/pages\/2\/revisions\/635"}],"wp:featuredmedia":[{"embeddable":true,"href":"https:\/\/krets.jagareforbundet.se\/burtrask\/wp-json\/wp\/v2\/media\/312"}],"wp:attachment":[{"href":"https:\/\/krets.jagareforbundet.se\/burtrask\/wp-json\/wp\/v2\/media?parent=2"}],"curies":[{"name":"wp","href":"https:\/\/api.w.org\/{rel}","templated":true}]}}