{"id":206,"date":"2013-06-16T20:54:59","date_gmt":"2013-06-16T18:54:59","guid":{"rendered":"https:\/\/krets.jagareforbundet.se\/burtrask\/?page_id=206"},"modified":"2013-06-17T19:14:30","modified_gmt":"2013-06-17T17:14:30","slug":"bli-medlem","status":"publish","type":"page","link":"https:\/\/krets.jagareforbundet.se\/burtrask\/exempelsida\/bli-medlem\/","title":{"rendered":"Bli medlem"},"content":{"rendered":"<p>G\u00e5 in p\u00e5 nedanst\u00e5ende l\u00e4nk s\u00e5 hittar du uppgifter p\u00e5 olika medlemsalternativ och ans\u00f6kningsblankett.<\/p>\n<p><a href=\"http:\/\/jagareforbundet.se\/norr\/vasterbottens-lan\/jagareforbundet-vasterbotten\/medlem\/\">http:\/\/jagareforbundet.se\/norr\/vasterbottens-lan\/jagareforbundet-vasterbotten\/medlem\/<\/a><\/p>\n","protected":false},"excerpt":{"rendered":"<p>G\u00e5 in p\u00e5 nedanst\u00e5ende l\u00e4nk s\u00e5 hittar du uppgifter p\u00e5 olika medlemsalternativ och ans\u00f6kningsblankett. http:\/\/jagareforbundet.se\/norr\/vasterbottens-lan\/jagareforbundet-vasterbotten\/medlem\/<\/p>\n","protected":false},"author":114,"featured_media":0,"parent":2,"menu_order":4,"comment_status":"open","ping_status":"open","template":"","meta":{"footnotes":""},"class_list":["post-206","page","type-page","status-publish","hentry"],"_links":{"self":[{"href":"https:\/\/krets.jagareforbundet.se\/burtrask\/wp-json\/wp\/v2\/pages\/206","targetHints":{"allow":["GET"]}}],"collection":[{"href":"https:\/\/krets.jagareforbundet.se\/burtrask\/wp-json\/wp\/v2\/pages"}],"about":[{"href":"https:\/\/krets.jagareforbundet.se\/burtrask\/wp-json\/wp\/v2\/types\/page"}],"author":[{"embeddable":true,"href":"https:\/\/krets.jagareforbundet.se\/burtrask\/wp-json\/wp\/v2\/users\/114"}],"replies":[{"embeddable":true,"href":"https:\/\/krets.jagareforbundet.se\/burtrask\/wp-json\/wp\/v2\/comments?post=206"}],"version-history":[{"count":0,"href":"https:\/\/krets.jagareforbundet.se\/burtrask\/wp-json\/wp\/v2\/pages\/206\/revisions"}],"up":[{"embeddable":true,"href":"https:\/\/krets.jagareforbundet.se\/burtrask\/wp-json\/wp\/v2\/pages\/2"}],"wp:attachment":[{"href":"https:\/\/krets.jagareforbundet.se\/burtrask\/wp-json\/wp\/v2\/media?parent=206"}],"curies":[{"name":"wp","href":"https:\/\/api.w.org\/{rel}","templated":true}]}}