{"id":212,"date":"2013-06-17T18:15:28","date_gmt":"2013-06-17T16:15:28","guid":{"rendered":"https:\/\/krets.jagareforbundet.se\/burtrask\/?page_id=212"},"modified":"2016-02-21T13:37:41","modified_gmt":"2016-02-21T12:37:41","slug":"viltvardsprodukter","status":"publish","type":"page","link":"https:\/\/krets.jagareforbundet.se\/burtrask\/exempelsida\/viltvardsprodukter\/","title":{"rendered":"Viltv\u00e5rd"},"content":{"rendered":"<p><a href=\"http:\/\/jagareforbundet.se\/norr\/vasterbottens-lan\/jagareforbundet-vasterbotten\/Viltvardsprodukter\/\" target=\"_blank\">http:\/\/jagareforbundet.se\/norr\/vasterbottens-lan\/jagareforbundet-vasterbotten\/Viltvardsprodukter\/<\/a><\/p>\n<p><a href=\"http:\/\/www.biotopia.nu\/wp-content\/uploads\/2015\/07\/holkritningar.pdf\">Ritningar till n\u00e5gra av v\u00e5ra vanligaste holkh\u00e4ckare <\/a><\/p>\n<p><a href=\"http:\/\/jagareforbundet.se\/vilt\/viltvard\/tips-ritningar\/bygga-fagelholk\/\">L\u00e4nk till fler viltv\u00e5rds\u00e5tg\u00e4rder<\/a><\/p>\n<div class=\"woo-fbshare left\"><div class=\"fb-share-button\" data-href=\"https:\/\/krets.jagareforbundet.se\/burtrask\/exempelsida\/viltvardsprodukter\/\" data-width=\"100\" data-type=\"button\"><\/div><\/div>\n","protected":false},"excerpt":{"rendered":"<p>http:\/\/jagareforbundet.se\/norr\/vasterbottens-lan\/jagareforbundet-vasterbotten\/Viltvardsprodukter\/ Ritningar till n\u00e5gra av v\u00e5ra vanligaste holkh\u00e4ckare L\u00e4nk till fler viltv\u00e5rds\u00e5tg\u00e4rder<\/p>\n","protected":false},"author":114,"featured_media":0,"parent":2,"menu_order":2,"comment_status":"open","ping_status":"open","template":"","meta":{"footnotes":""},"class_list":["post-212","page","type-page","status-publish","hentry"],"_links":{"self":[{"href":"https:\/\/krets.jagareforbundet.se\/burtrask\/wp-json\/wp\/v2\/pages\/212","targetHints":{"allow":["GET"]}}],"collection":[{"href":"https:\/\/krets.jagareforbundet.se\/burtrask\/wp-json\/wp\/v2\/pages"}],"about":[{"href":"https:\/\/krets.jagareforbundet.se\/burtrask\/wp-json\/wp\/v2\/types\/page"}],"author":[{"embeddable":true,"href":"https:\/\/krets.jagareforbundet.se\/burtrask\/wp-json\/wp\/v2\/users\/114"}],"replies":[{"embeddable":true,"href":"https:\/\/krets.jagareforbundet.se\/burtrask\/wp-json\/wp\/v2\/comments?post=212"}],"version-history":[{"count":1,"href":"https:\/\/krets.jagareforbundet.se\/burtrask\/wp-json\/wp\/v2\/pages\/212\/revisions"}],"predecessor-version":[{"id":526,"href":"https:\/\/krets.jagareforbundet.se\/burtrask\/wp-json\/wp\/v2\/pages\/212\/revisions\/526"}],"up":[{"embeddable":true,"href":"https:\/\/krets.jagareforbundet.se\/burtrask\/wp-json\/wp\/v2\/pages\/2"}],"wp:attachment":[{"href":"https:\/\/krets.jagareforbundet.se\/burtrask\/wp-json\/wp\/v2\/media?parent=212"}],"curies":[{"name":"wp","href":"https:\/\/api.w.org\/{rel}","templated":true}]}}