{"id":252,"date":"2013-06-17T19:21:24","date_gmt":"2013-06-17T17:21:24","guid":{"rendered":"https:\/\/krets.jagareforbundet.se\/burtrask\/?page_id=252"},"modified":"2024-02-15T11:20:44","modified_gmt":"2024-02-15T10:20:44","slug":"studier","status":"publish","type":"page","link":"https:\/\/krets.jagareforbundet.se\/burtrask\/studier\/","title":{"rendered":"Studier"},"content":{"rendered":"<p><a title=\"Studier\" href=\"http:\/\/jagareforbundet.se\/norr\/vasterbottens-lan\/jagareforbundet-vasterbotten\/utbildning\/\"><span style=\"text-decoration: underline\">Studier<\/span> <\/a>hos J\u00e4garef\u00f6rbundet V\u00e4sterbotten.<\/p>\n<p><a title=\"Kurser\" href=\"http:\/\/www.studieframjandet.se\/skelleftea\/\"><span style=\"text-decoration: underline\">Kurser<\/span>\u00a0<\/a>hos Studiefr\u00e4mjandet i Skellefte\u00e5.<\/p>\n<p>&nbsp;<\/p>\n<p>&nbsp;<\/p>\n","protected":false},"excerpt":{"rendered":"<p>Studier hos J\u00e4garef\u00f6rbundet V\u00e4sterbotten. Kurser\u00a0hos Studiefr\u00e4mjandet i Skellefte\u00e5. &nbsp; &nbsp;<\/p>\n","protected":false},"author":114,"featured_media":0,"parent":0,"menu_order":4,"comment_status":"open","ping_status":"open","template":"","meta":{"footnotes":""},"class_list":["post-252","page","type-page","status-publish","hentry"],"_links":{"self":[{"href":"https:\/\/krets.jagareforbundet.se\/burtrask\/wp-json\/wp\/v2\/pages\/252","targetHints":{"allow":["GET"]}}],"collection":[{"href":"https:\/\/krets.jagareforbundet.se\/burtrask\/wp-json\/wp\/v2\/pages"}],"about":[{"href":"https:\/\/krets.jagareforbundet.se\/burtrask\/wp-json\/wp\/v2\/types\/page"}],"author":[{"embeddable":true,"href":"https:\/\/krets.jagareforbundet.se\/burtrask\/wp-json\/wp\/v2\/users\/114"}],"replies":[{"embeddable":true,"href":"https:\/\/krets.jagareforbundet.se\/burtrask\/wp-json\/wp\/v2\/comments?post=252"}],"version-history":[{"count":1,"href":"https:\/\/krets.jagareforbundet.se\/burtrask\/wp-json\/wp\/v2\/pages\/252\/revisions"}],"predecessor-version":[{"id":611,"href":"https:\/\/krets.jagareforbundet.se\/burtrask\/wp-json\/wp\/v2\/pages\/252\/revisions\/611"}],"wp:attachment":[{"href":"https:\/\/krets.jagareforbundet.se\/burtrask\/wp-json\/wp\/v2\/media?parent=252"}],"curies":[{"name":"wp","href":"https:\/\/api.w.org\/{rel}","templated":true}]}}