{"id":271,"date":"2013-06-17T19:59:03","date_gmt":"2013-06-17T17:59:03","guid":{"rendered":"https:\/\/krets.jagareforbundet.se\/burtrask\/?page_id=271"},"modified":"2016-02-21T12:31:28","modified_gmt":"2016-02-21T11:31:28","slug":"rovdjursjakt","status":"publish","type":"page","link":"https:\/\/krets.jagareforbundet.se\/burtrask\/rovdjursjakt\/","title":{"rendered":"Rovdjur"},"content":{"rendered":"<p>Har du observerat ett rovdjur? G\u00e5 in p\u00e5 Naturv\u00e5rdsverkets <span style=\"text-decoration: underline\"><a title=\"L\u00e4nk\" href=\"http:\/\/scandobs.se\/\" target=\"_blank\">L\u00e4nk<\/a><\/span> och rapportera i skandobs.se<\/p>\n<p>Nu kan du dessutom rapportera rovdjursobs mm\u00a0via Skandobs touch, som \u00e4r en f\u00f6rb\u00e4ttrad\u00a0app till din mobil. Ladda ner skandobs touch <a href=\"http:\/\/svenskjakt.se\/Start\/Nyheter\/2014\/12\/rapportera-rovdjur-och-varna-andra\/\">h\u00e4r.<\/a><\/p>\n<div class=\"woo-fbshare left\"><div class=\"fb-share-button\" data-href=\"https:\/\/krets.jagareforbundet.se\/burtrask\/rovdjursjakt\/\" data-width=\"100\" data-type=\"button\"><\/div><\/div>\n","protected":false},"excerpt":{"rendered":"<p>Har du observerat ett rovdjur? G\u00e5 in p\u00e5 Naturv\u00e5rdsverkets L\u00e4nk och rapportera i skandobs.se Nu kan du dessutom rapportera rovdjursobs mm\u00a0via Skandobs touch, som \u00e4r en f\u00f6rb\u00e4ttrad\u00a0app till din mobil. Ladda ner skandobs touch h\u00e4r.<\/p>\n","protected":false},"author":114,"featured_media":0,"parent":0,"menu_order":6,"comment_status":"open","ping_status":"open","template":"","meta":{"footnotes":""},"class_list":["post-271","page","type-page","status-publish","hentry"],"_links":{"self":[{"href":"https:\/\/krets.jagareforbundet.se\/burtrask\/wp-json\/wp\/v2\/pages\/271","targetHints":{"allow":["GET"]}}],"collection":[{"href":"https:\/\/krets.jagareforbundet.se\/burtrask\/wp-json\/wp\/v2\/pages"}],"about":[{"href":"https:\/\/krets.jagareforbundet.se\/burtrask\/wp-json\/wp\/v2\/types\/page"}],"author":[{"embeddable":true,"href":"https:\/\/krets.jagareforbundet.se\/burtrask\/wp-json\/wp\/v2\/users\/114"}],"replies":[{"embeddable":true,"href":"https:\/\/krets.jagareforbundet.se\/burtrask\/wp-json\/wp\/v2\/comments?post=271"}],"version-history":[{"count":1,"href":"https:\/\/krets.jagareforbundet.se\/burtrask\/wp-json\/wp\/v2\/pages\/271\/revisions"}],"predecessor-version":[{"id":524,"href":"https:\/\/krets.jagareforbundet.se\/burtrask\/wp-json\/wp\/v2\/pages\/271\/revisions\/524"}],"wp:attachment":[{"href":"https:\/\/krets.jagareforbundet.se\/burtrask\/wp-json\/wp\/v2\/media?parent=271"}],"curies":[{"name":"wp","href":"https:\/\/api.w.org\/{rel}","templated":true}]}}