{"id":288,"date":"2013-06-27T21:46:24","date_gmt":"2013-06-27T19:46:24","guid":{"rendered":"https:\/\/krets.jagareforbundet.se\/burtrask\/?page_id=288"},"modified":"2014-03-04T19:14:10","modified_gmt":"2014-03-04T18:14:10","slug":"lodjursjakt","status":"publish","type":"page","link":"https:\/\/krets.jagareforbundet.se\/burtrask\/rovdjursjakt\/lodjursjakt\/","title":{"rendered":"Lodjursjakt"},"content":{"rendered":"<p>F\u00f6r att f\u00e5 jaga lodjur i Sverige s\u00e5 m\u00e5ste man vara registrerad hos Naturv\u00e5rdsverket, enligt EU:s regler. Registrera sig g\u00f6r man p\u00e5 f\u00f6ljande hos <span style=\"text-decoration: underline\"><a title=\"Naturv\u00e5rdsverket\" href=\"https:\/\/ripan.naturvardsverket.se\/ripanweb\/\" target=\"_blank\">Naturv\u00e5rdsverket<\/a>.<\/span><\/p>\n<p>P\u00e5 <span style=\"text-decoration: underline\"><a title=\"Naturv\u00e5rdsverkets hemsida\" href=\"http:\/\/www.naturvardsverket.se\/Stod-i-miljoarbetet\/Rattsinformation\/Beslut\/Beslut-lodjur\/\" target=\"_blank\">Naturv\u00e5rdsverkets hemsida <\/a><\/span>kan du l\u00e4sa mer om vilka regler som g\u00e4ller vid lodjursjakt.<\/p>\n<p>P\u00e5 <a title=\"SVA:s hemsida\" href=\"http:\/\/www.sva.se\/sv\/Djurhalsa1\/Vilda-djur\/Rovdjur2\/Licensjakt-pa-lodjur\/Licensjakt-pa-lodjur-2014\/\" target=\"_blank\"><span style=\"text-decoration: underline\">SVA:s hemsida <\/span><\/a>kan du f\u00f6lja lodjursjakten. OBS! Du kan inte jaga efter uppgifterna p\u00e5 SVA:s hemsida d\u00e5 den uppdateras i efterhand. F\u00f6r att f\u00e5 veta hur m\u00e5nga lodjur som \u00e5terst\u00e5r s\u00e5 m\u00e5ste du ringa 010-225 41\u00a015 f\u00f6r att f\u00e5 uppgifter om kvarvarande kvot p\u00e5 licensen.<\/p>\n<p>Anm\u00e4lan om f\u00e4llt lodjur g\u00f6r du p\u00e5 010-225 41 20<\/p>\n","protected":false},"excerpt":{"rendered":"<p>F\u00f6r att f\u00e5 jaga lodjur i Sverige s\u00e5 m\u00e5ste man vara registrerad hos Naturv\u00e5rdsverket, enligt EU:s regler. Registrera sig g\u00f6r man p\u00e5 f\u00f6ljande hos Naturv\u00e5rdsverket. P\u00e5 Naturv\u00e5rdsverkets hemsida kan du l\u00e4sa mer om vilka regler som g\u00e4ller vid lodjursjakt. P\u00e5 SVA:s hemsida kan du f\u00f6lja lodjursjakten. OBS! Du kan inte jaga efter uppgifterna p\u00e5 SVA:s [&hellip;]<\/p>\n","protected":false},"author":114,"featured_media":0,"parent":271,"menu_order":2,"comment_status":"open","ping_status":"open","template":"","meta":{"footnotes":""},"class_list":["post-288","page","type-page","status-publish","hentry"],"_links":{"self":[{"href":"https:\/\/krets.jagareforbundet.se\/burtrask\/wp-json\/wp\/v2\/pages\/288","targetHints":{"allow":["GET"]}}],"collection":[{"href":"https:\/\/krets.jagareforbundet.se\/burtrask\/wp-json\/wp\/v2\/pages"}],"about":[{"href":"https:\/\/krets.jagareforbundet.se\/burtrask\/wp-json\/wp\/v2\/types\/page"}],"author":[{"embeddable":true,"href":"https:\/\/krets.jagareforbundet.se\/burtrask\/wp-json\/wp\/v2\/users\/114"}],"replies":[{"embeddable":true,"href":"https:\/\/krets.jagareforbundet.se\/burtrask\/wp-json\/wp\/v2\/comments?post=288"}],"version-history":[{"count":0,"href":"https:\/\/krets.jagareforbundet.se\/burtrask\/wp-json\/wp\/v2\/pages\/288\/revisions"}],"up":[{"embeddable":true,"href":"https:\/\/krets.jagareforbundet.se\/burtrask\/wp-json\/wp\/v2\/pages\/271"}],"wp:attachment":[{"href":"https:\/\/krets.jagareforbundet.se\/burtrask\/wp-json\/wp\/v2\/media?parent=288"}],"curies":[{"name":"wp","href":"https:\/\/api.w.org\/{rel}","templated":true}]}}