{"id":291,"date":"2013-06-27T21:57:12","date_gmt":"2013-06-27T19:57:12","guid":{"rendered":"https:\/\/krets.jagareforbundet.se\/burtrask\/?page_id=291"},"modified":"2014-08-21T22:06:30","modified_gmt":"2014-08-21T20:06:30","slug":"bjornjakt","status":"publish","type":"page","link":"https:\/\/krets.jagareforbundet.se\/burtrask\/rovdjursjakt\/bjornjakt\/","title":{"rendered":"Bj\u00f6rnjakt"},"content":{"rendered":"<p>Reglerna f\u00f6r bj\u00f6rnjakt i Sverige finns p\u00e5 <a title=\"Naturv\u00e5rdsverkets hemsida\" href=\"http:\/\/www.naturvardsverket.se\/Var-natur\/Jakt\/Jakt-pa-rovdjur\/Bjorn\/\" target=\"_blank\"><span style=\"text-decoration: underline\">Naturv\u00e5rdsverkets hemsida<\/span><\/a>.<\/p>\n<p>Reglerna f\u00f6r bj\u00f6rnjakt i V\u00e4sterbotten finns p\u00e5 <a title=\"L\u00e4nsstyrelsens hemsida\" href=\"http:\/\/www.lansstyrelsen.se\/vasterbotten\/Sv\/djur-och-natur\/jakt-och-vilt\/Licensjakt-och-Skyddsjakt\/Licensjakt-efter-rovdjur\/Bjorn\/Pages\/default.aspx\" target=\"_blank\"><span style=\"text-decoration: underline\">L\u00e4nsstyrelsens hemsida<\/span><\/a>.<\/p>\n<p>P\u00e5 <a title=\"SVA:s hemsida\" href=\"http:\/\/www.sva.se\/sv\/Djurhalsa1\/Vilda-djur\/Rovdjur2\/Licensjakt_pa_bjorn\/Licensjakt-pa-bjorn-2014\/\" target=\"_blank\"><span style=\"text-decoration: underline\">SVA:s hemsida<\/span>\u00a0<\/a>kan du f\u00f6lja bj\u00f6rnjakten. OBS! Du kan inte jaga efter uppgifterna p\u00e5 SVA:s hemsida d\u00e5 den uppdateras i efterhand. F\u00f6r att f\u00e5 veta hur m\u00e5nga\u00a0bj\u00f6rnar som \u00e5terst\u00e5r s\u00e5 m\u00e5ste du ringa 010-225 41\u00a015 f\u00f6r att f\u00e5 uppgifter om kvarvarande kvot p\u00e5 licensen.<\/p>\n<p>Anm\u00e4lan om f\u00e4lld bj\u00f6rn g\u00f6r du p\u00e5 010-225 41 20<\/p>\n","protected":false},"excerpt":{"rendered":"<p>Reglerna f\u00f6r bj\u00f6rnjakt i Sverige finns p\u00e5 Naturv\u00e5rdsverkets hemsida. Reglerna f\u00f6r bj\u00f6rnjakt i V\u00e4sterbotten finns p\u00e5 L\u00e4nsstyrelsens hemsida. P\u00e5 SVA:s hemsida\u00a0kan du f\u00f6lja bj\u00f6rnjakten. OBS! Du kan inte jaga efter uppgifterna p\u00e5 SVA:s hemsida d\u00e5 den uppdateras i efterhand. F\u00f6r att f\u00e5 veta hur m\u00e5nga\u00a0bj\u00f6rnar som \u00e5terst\u00e5r s\u00e5 m\u00e5ste du ringa 010-225 41\u00a015 f\u00f6r att [&hellip;]<\/p>\n","protected":false},"author":114,"featured_media":0,"parent":271,"menu_order":1,"comment_status":"open","ping_status":"open","template":"","meta":{"footnotes":""},"class_list":["post-291","page","type-page","status-publish","hentry"],"_links":{"self":[{"href":"https:\/\/krets.jagareforbundet.se\/burtrask\/wp-json\/wp\/v2\/pages\/291","targetHints":{"allow":["GET"]}}],"collection":[{"href":"https:\/\/krets.jagareforbundet.se\/burtrask\/wp-json\/wp\/v2\/pages"}],"about":[{"href":"https:\/\/krets.jagareforbundet.se\/burtrask\/wp-json\/wp\/v2\/types\/page"}],"author":[{"embeddable":true,"href":"https:\/\/krets.jagareforbundet.se\/burtrask\/wp-json\/wp\/v2\/users\/114"}],"replies":[{"embeddable":true,"href":"https:\/\/krets.jagareforbundet.se\/burtrask\/wp-json\/wp\/v2\/comments?post=291"}],"version-history":[{"count":0,"href":"https:\/\/krets.jagareforbundet.se\/burtrask\/wp-json\/wp\/v2\/pages\/291\/revisions"}],"up":[{"embeddable":true,"href":"https:\/\/krets.jagareforbundet.se\/burtrask\/wp-json\/wp\/v2\/pages\/271"}],"wp:attachment":[{"href":"https:\/\/krets.jagareforbundet.se\/burtrask\/wp-json\/wp\/v2\/media?parent=291"}],"curies":[{"name":"wp","href":"https:\/\/api.w.org\/{rel}","templated":true}]}}